{"id":196671,"date":"2025-03-23T10:31:56","date_gmt":"2025-03-23T10:31:56","guid":{"rendered":"https:\/\/aromasentia.com\/product\/tribal-soul-incense-sticks-cinnamon\/"},"modified":"2025-06-22T02:56:23","modified_gmt":"2025-06-22T02:56:23","slug":"tribal-soul-roegelsespinde-kanel","status":"publish","type":"product","link":"https:\/\/aromasentia.com\/da\/tribal-soul-roegelsespinde-kanel\/","title":{"rendered":"Tribal Soul R\u00f8gelsespinde &#8211; Kanel"},"content":{"rendered":"<p><span style=\"color: rgb(75, 80, 88);\">Tribal Soul R\u00f8gelse leveres i en dekorativ \u00e6ske, klar til at fylde ethvert rum i dit hjem med den unikke, forf\u00f8rende duft. Designet til perfekt at maskere alle slags lugte.<\/span><\/p>\n<p><span style=\"color: rgb(75, 80, 88);\">Kanel er et krydderi, der er hjemmeh\u00f8rende i Caribien, Sydamerika og Syd\u00f8stasien.<\/span><\/p>\n<p><span style=\"color: rgb(75, 80, 88);\">Folk har brugt det siden 2000 f.Kr. i det gamle Egypten som parfume under balsameringsprocessen, mens romerne brugte det i ligb\u00e5l til at maskere stanken af br\u00e6ndende k\u00f8d.<\/span><\/p>\n<p><span style=\"color: rgb(75, 80, 88);\">Kanel h\u00f8stes fra den indre bark af en tropisk stedsegr\u00f8n plante og er ogs\u00e5 blevet brugt i ayurvedisk medicin til at behandle luftvejs- og ford\u00f8jelsesproblemer i \u00e5rhundreder.<\/span><\/p>\n<p><span style=\"color: rgb(75, 80, 88);\">I dag er kanel en af de mest almindelige ingredienser, der bruges i vores k\u00f8kken p\u00e5 grund af sin beroligende, tr\u00e6agtige, krydrede, men s\u00f8de duft. natur.<\/span><\/p>\n<p><span style=\"color: rgb(75, 80, 88);\">Kanelens duft opkvikker og varmer ogs\u00e5 sanserne og frembringer en f\u00f8lelse af gl\u00e6de.<\/span><\/p>\n","protected":false},"excerpt":{"rendered":"<p>Tribal Soul R\u00f8gelse leveres i en dekorativ \u00e6ske, klar til at fylde ethvert rum i dit hjem med den unikke, forf\u00f8rende duft. Designet til perfekt at maskere alle slags lugte. Kanel er et krydderi, der er hjemmeh\u00f8rende i Caribien, Sydamerika og Syd\u00f8stasien. Folk har brugt det siden 2000 f.Kr. i det gamle Egypten som parfume [&hellip;]<\/p>\n","protected":false},"featured_media":414989,"comment_status":"closed","ping_status":"open","template":"","meta":[],"product_brand":[27146],"product_cat":[25839,25935,26886,5836,5847],"product_tag":[],"class_list":{"0":"post-196671","1":"product","2":"type-product","3":"status-publish","4":"has-post-thumbnail","6":"product_brand-tribal-soul","7":"product_cat-dufte-aromaer","8":"product_cat-kanel","9":"product_cat-krydret","10":"product_cat-rogelse-og-rogelsesholdere","11":"product_cat-rogelsespinde","12":"pa_collection-tribal-soul-incense-da","13":"pa_made-in-indien","15":"first","16":"instock","17":"purchasable","18":"product-type-simple"},"supplier_id":null,"supplier_sku":"TribalSi-11","barcode":null,"atum_controlled":true,"out_stock_date":null,"out_stock_threshold":null,"inheritable":false,"inbound_stock":null,"stock_on_hold":0,"sold_today":0,"sales_last_days":0,"reserved_stock":null,"customer_returns":null,"warehouse_damage":null,"lost_in_post":null,"other_logs":null,"out_stock_days":0,"lost_sales":0,"has_location":null,"update_date":"2026-02-11T08:29:59","atum_locations":[],"atum_stock_status":"instock","restock_status":false,"low_stock_amount":"","sales_update_date":"2025-09-03T00:17:30","calc_backorders":null,"_links":{"self":[{"href":"https:\/\/aromasentia.com\/da\/wp-json\/wp\/v2\/product\/196671","targetHints":{"allow":["GET"]}}],"collection":[{"href":"https:\/\/aromasentia.com\/da\/wp-json\/wp\/v2\/product"}],"about":[{"href":"https:\/\/aromasentia.com\/da\/wp-json\/wp\/v2\/types\/product"}],"replies":[{"embeddable":true,"href":"https:\/\/aromasentia.com\/da\/wp-json\/wp\/v2\/comments?post=196671"}],"version-history":[{"count":0,"href":"https:\/\/aromasentia.com\/da\/wp-json\/wp\/v2\/product\/196671\/revisions"}],"wp:featuredmedia":[{"embeddable":true,"href":"https:\/\/aromasentia.com\/da\/wp-json\/wp\/v2\/media\/414989"}],"wp:attachment":[{"href":"https:\/\/aromasentia.com\/da\/wp-json\/wp\/v2\/media?parent=196671"}],"wp:term":[{"taxonomy":"product_brand","embeddable":true,"href":"https:\/\/aromasentia.com\/da\/wp-json\/wp\/v2\/product_brand?post=196671"},{"taxonomy":"product_cat","embeddable":true,"href":"https:\/\/aromasentia.com\/da\/wp-json\/wp\/v2\/product_cat?post=196671"},{"taxonomy":"product_tag","embeddable":true,"href":"https:\/\/aromasentia.com\/da\/wp-json\/wp\/v2\/product_tag?post=196671"}],"curies":[{"name":"wp","href":"https:\/\/api.w.org\/{rel}","templated":true}]}}