{"id":196670,"date":"2025-03-23T10:31:56","date_gmt":"2025-03-23T10:31:56","guid":{"rendered":"https:\/\/aromasentia.com\/product\/tribal-soul-incense-sticks-sandalwood\/"},"modified":"2025-06-22T02:56:22","modified_gmt":"2025-06-22T02:56:22","slug":"tribal-soul-roegelsespinde-sandeltrae","status":"publish","type":"product","link":"https:\/\/aromasentia.com\/da\/tribal-soul-roegelsespinde-sandeltrae\/","title":{"rendered":"Tribal Soul R\u00f8gelsespinde &#8211; Sandeltr\u00e6"},"content":{"rendered":"<p><span style=\"color: rgb(75, 80, 88);\">Tribal Soul R\u00f8gelse leveres i en dekorativ \u00e6ske, klar til at fylde ethvert rum i dit hjem med den unikke, forf\u00f8rende duft. Designet til perfekt at maskere alle slags lugte.<\/span><\/p>\n<p><span style=\"color: rgb(75, 80, 88);\">Sandeltr\u00e6 er en klasse af tr\u00e6sorter fra tr\u00e6er i sl\u00e6gten Santalum.<\/span><\/p>\n<p><span style=\"color: rgb(75, 80, 88);\">Der findes arter, der er hjemmeh\u00f8rende i Indien, Malaysia og Australien, men indisk sandeltr\u00e6 (Santalum album) er den mest v\u00e6rdsatte. Sandeltr\u00e6 er meget helligt i hinduistisk ayurveda og er kendt p\u00e5 sanskrit som &#8220;chandana&#8221;.<\/span><\/p>\n<p><span style=\"color: rgb(75, 80, 88);\">Tr\u00e6et bruges til at tilbede guddomme.<\/span><\/p>\n<p><span style=\"color: rgb(75, 80, 88);\">I buddhismen br\u00e6ndes sandeltr\u00e6sr\u00f8gelse under b\u00f8n og meditation, og det \u00e6res for dets evne til at berolige og fokusere sindet.<\/span><\/p>\n<p><span style=\"color: rgb(75, 80, 88);\">I aromaterapi har sandeltr\u00e6 mange fordele.<\/span><\/p>\n<p><span style=\"color: rgb(75, 80, 88);\">Dens meget karakteristiske s\u00f8de, bl\u00f8de og cremede duft fremkalder afslapning og ro og fremmer positiv t\u00e6nkning, klarhed og hj\u00e6lper koncentrationen.<\/span><\/p>\n","protected":false},"excerpt":{"rendered":"<p>Tribal Soul R\u00f8gelse leveres i en dekorativ \u00e6ske, klar til at fylde ethvert rum i dit hjem med den unikke, forf\u00f8rende duft. Designet til perfekt at maskere alle slags lugte. Sandeltr\u00e6 er en klasse af tr\u00e6sorter fra tr\u00e6er i sl\u00e6gten Santalum. Der findes arter, der er hjemmeh\u00f8rende i Indien, Malaysia og Australien, men indisk sandeltr\u00e6 [&hellip;]<\/p>\n","protected":false},"featured_media":414980,"comment_status":"closed","ping_status":"open","template":"","meta":[],"product_brand":[27146],"product_cat":[25839,5836,5847,25990,26893],"product_tag":[],"class_list":{"0":"post-196670","1":"product","2":"type-product","3":"status-publish","4":"has-post-thumbnail","6":"product_brand-tribal-soul","7":"product_cat-dufte-aromaer","8":"product_cat-rogelse-og-rogelsesholdere","9":"product_cat-rogelsespinde","10":"product_cat-sandeltrae","11":"product_cat-traeagtig","12":"pa_collection-tribal-soul-incense-da","13":"pa_made-in-indien","15":"first","16":"instock","17":"purchasable","18":"product-type-simple"},"supplier_id":null,"supplier_sku":"TribalSi-10","barcode":null,"atum_controlled":true,"out_stock_date":null,"out_stock_threshold":null,"inheritable":false,"inbound_stock":null,"stock_on_hold":0,"sold_today":0,"sales_last_days":0,"reserved_stock":null,"customer_returns":null,"warehouse_damage":null,"lost_in_post":null,"other_logs":null,"out_stock_days":0,"lost_sales":0,"has_location":null,"update_date":"2026-02-11T08:28:49","atum_locations":[],"atum_stock_status":"instock","restock_status":false,"low_stock_amount":"","sales_update_date":"2025-09-03T00:17:29","calc_backorders":null,"_links":{"self":[{"href":"https:\/\/aromasentia.com\/da\/wp-json\/wp\/v2\/product\/196670","targetHints":{"allow":["GET"]}}],"collection":[{"href":"https:\/\/aromasentia.com\/da\/wp-json\/wp\/v2\/product"}],"about":[{"href":"https:\/\/aromasentia.com\/da\/wp-json\/wp\/v2\/types\/product"}],"replies":[{"embeddable":true,"href":"https:\/\/aromasentia.com\/da\/wp-json\/wp\/v2\/comments?post=196670"}],"version-history":[{"count":0,"href":"https:\/\/aromasentia.com\/da\/wp-json\/wp\/v2\/product\/196670\/revisions"}],"wp:featuredmedia":[{"embeddable":true,"href":"https:\/\/aromasentia.com\/da\/wp-json\/wp\/v2\/media\/414980"}],"wp:attachment":[{"href":"https:\/\/aromasentia.com\/da\/wp-json\/wp\/v2\/media?parent=196670"}],"wp:term":[{"taxonomy":"product_brand","embeddable":true,"href":"https:\/\/aromasentia.com\/da\/wp-json\/wp\/v2\/product_brand?post=196670"},{"taxonomy":"product_cat","embeddable":true,"href":"https:\/\/aromasentia.com\/da\/wp-json\/wp\/v2\/product_cat?post=196670"},{"taxonomy":"product_tag","embeddable":true,"href":"https:\/\/aromasentia.com\/da\/wp-json\/wp\/v2\/product_tag?post=196670"}],"curies":[{"name":"wp","href":"https:\/\/api.w.org\/{rel}","templated":true}]}}