{"id":196665,"date":"2025-03-23T10:31:56","date_gmt":"2025-03-23T10:31:56","guid":{"rendered":"https:\/\/aromasentia.com\/product\/tribal-soul-incesne-white-sage-lavender\/"},"modified":"2025-06-22T02:56:20","modified_gmt":"2025-06-22T02:56:20","slug":"tribal-soul-roegelse-hvid-salvie-lavendel","status":"publish","type":"product","link":"https:\/\/aromasentia.com\/da\/tribal-soul-roegelse-hvid-salvie-lavendel\/","title":{"rendered":"Tribal Soul R\u00f8gelse &#8211; Hvid Salvie + Lavendel"},"content":{"rendered":"<p><span style=\"color: rgb(75, 80, 88);\">Disse <strong>Aroma Sentia-ping Tribal Soul R\u00f8gelse &#8211;&nbsp;<\/strong><\/span><strong>Hvid Salvie<\/strong><strong>+ Lavendel<\/strong> <span style=\"color: rgb(75, 80, 88);\">er h\u00e5ndlavede af dygtige h\u00e5ndv\u00e6rkere i Indien. En fantastisk fork\u00e6lelse for alle, der elsker de eksotiske dufte fra fjerne steder.&nbsp;<\/span><\/p>\n<p><span style=\"color: rgb(75, 80, 88);\">De leveres i dekorative \u00e6sker, klar til at fylde ethvert rum i dit hjem med en unik duft. Designet til perfekt at maskere alle slags lugte.<\/span><\/p>\n<p><strong><span style=\"color: rgb(75, 80, 88);\">&nbsp;Perfekt til dem, der elsker smukke dufte.<\/span><\/strong><\/p>\n","protected":false},"excerpt":{"rendered":"<p>Disse Aroma Sentia-ping Tribal Soul R\u00f8gelse &#8211;&nbsp;Hvid Salvie+ Lavendel er h\u00e5ndlavede af dygtige h\u00e5ndv\u00e6rkere i Indien. En fantastisk fork\u00e6lelse for alle, der elsker de eksotiske dufte fra fjerne steder.&nbsp; De leveres i dekorative \u00e6sker, klar til at fylde ethvert rum i dit hjem med en unik duft. Designet til perfekt at maskere alle slags lugte. [&hellip;]<\/p>\n","protected":false},"featured_media":414847,"comment_status":"closed","ping_status":"open","template":"","meta":[],"product_brand":[27146],"product_cat":[26830,25839,26461,25957,5836,5847,26858],"product_tag":[],"class_list":{"0":"post-196665","1":"product","2":"type-product","3":"status-publish","4":"has-post-thumbnail","6":"product_brand-tribal-soul","7":"product_cat-blomster","8":"product_cat-dufte-aromaer","9":"product_cat-hvid-salvie","10":"product_cat-lavendel","11":"product_cat-rogelse-og-rogelsesholdere","12":"product_cat-rogelsespinde","13":"product_cat-urte-aromatisk","14":"pa_collection-tribal-soul-incense-da","15":"pa_made-in-indien","17":"first","18":"instock","19":"purchasable","20":"product-type-simple"},"supplier_id":null,"supplier_sku":"TribalSi-05","barcode":null,"atum_controlled":true,"out_stock_date":null,"out_stock_threshold":null,"inheritable":false,"inbound_stock":null,"stock_on_hold":0,"sold_today":0,"sales_last_days":0,"reserved_stock":null,"customer_returns":null,"warehouse_damage":null,"lost_in_post":null,"other_logs":null,"out_stock_days":0,"lost_sales":0,"has_location":null,"update_date":"2026-02-10T16:29:58","atum_locations":[],"atum_stock_status":"instock","restock_status":false,"low_stock_amount":"","sales_update_date":"2025-09-03T00:17:29","calc_backorders":null,"_links":{"self":[{"href":"https:\/\/aromasentia.com\/da\/wp-json\/wp\/v2\/product\/196665","targetHints":{"allow":["GET"]}}],"collection":[{"href":"https:\/\/aromasentia.com\/da\/wp-json\/wp\/v2\/product"}],"about":[{"href":"https:\/\/aromasentia.com\/da\/wp-json\/wp\/v2\/types\/product"}],"replies":[{"embeddable":true,"href":"https:\/\/aromasentia.com\/da\/wp-json\/wp\/v2\/comments?post=196665"}],"version-history":[{"count":0,"href":"https:\/\/aromasentia.com\/da\/wp-json\/wp\/v2\/product\/196665\/revisions"}],"wp:featuredmedia":[{"embeddable":true,"href":"https:\/\/aromasentia.com\/da\/wp-json\/wp\/v2\/media\/414847"}],"wp:attachment":[{"href":"https:\/\/aromasentia.com\/da\/wp-json\/wp\/v2\/media?parent=196665"}],"wp:term":[{"taxonomy":"product_brand","embeddable":true,"href":"https:\/\/aromasentia.com\/da\/wp-json\/wp\/v2\/product_brand?post=196665"},{"taxonomy":"product_cat","embeddable":true,"href":"https:\/\/aromasentia.com\/da\/wp-json\/wp\/v2\/product_cat?post=196665"},{"taxonomy":"product_tag","embeddable":true,"href":"https:\/\/aromasentia.com\/da\/wp-json\/wp\/v2\/product_tag?post=196665"}],"curies":[{"name":"wp","href":"https:\/\/api.w.org\/{rel}","templated":true}]}}