{"id":196658,"date":"2025-03-23T10:32:04","date_gmt":"2025-03-23T10:32:04","guid":{"rendered":"https:\/\/aromasentia.com\/product\/white-washed-incense-holder-simple\/"},"modified":"2025-06-22T02:56:15","modified_gmt":"2025-06-22T02:56:15","slug":"hvidvasket-roegelsesholder-enkel","status":"publish","type":"product","link":"https:\/\/aromasentia.com\/da\/hvidvasket-roegelsesholder-enkel\/","title":{"rendered":"Hvidvasket R\u00f8gelsesholder &#8211; Enkel"},"content":{"rendered":"<p><strong>Aroma Sentia-ping Hvidvasket R\u00f8gelsesholder &#8211;<\/strong><strong>Enkel<\/strong>.<strong>&nbsp;<\/strong>Importeret fra Indien. Dette omr\u00e5de af Indien har stadig betydelige infrastrukturproblemer, elektricitet er uregelm\u00e6ssig, transport og veje er d\u00e5rlige.&nbsp;<\/p>\n<p>Som et resultat er forsyningerne s\u00e6rligt ustabile. Regionen har dog en stolt h\u00e5ndv\u00e6rksm\u00e6ssig historie med at producere smukt tr\u00e6t\u00f8j, og vi er stolte af at st\u00f8tte denne industri ved at importere flere beholdere om \u00e5ret med engros-tr\u00e6t\u00f8j, hvoraf en favorit er r\u00f8gelsesholderen i s\u00e5 mange former.<\/p>\n","protected":false},"excerpt":{"rendered":"<p>Aroma Sentia-ping Hvidvasket R\u00f8gelsesholder &#8211;Enkel.&nbsp;Importeret fra Indien. Dette omr\u00e5de af Indien har stadig betydelige infrastrukturproblemer, elektricitet er uregelm\u00e6ssig, transport og veje er d\u00e5rlige.&nbsp; Som et resultat er forsyningerne s\u00e6rligt ustabile. Regionen har dog en stolt h\u00e5ndv\u00e6rksm\u00e6ssig historie med at producere smukt tr\u00e6t\u00f8j, og vi er stolte af at st\u00f8tte denne industri ved at importere flere [&hellip;]<\/p>\n","protected":false},"featured_media":416250,"comment_status":"closed","ping_status":"open","template":"","meta":[],"product_brand":[],"product_cat":[5836,5840,5837],"product_tag":[],"class_list":{"0":"post-196658","1":"product","2":"type-product","3":"status-publish","4":"has-post-thumbnail","6":"product_cat-rogelse-og-rogelsesholdere","7":"product_cat-rogelsesbraendere","8":"product_cat-rogelsesholdere-og-rogelsesbraendere","9":"pa_collection-white-washed-incense-holders-da","10":"pa_made-in-indien","12":"first","13":"instock","14":"purchasable","15":"product-type-simple"},"supplier_id":null,"supplier_sku":"WWIH-01","barcode":null,"atum_controlled":true,"out_stock_date":null,"out_stock_threshold":null,"inheritable":false,"inbound_stock":null,"stock_on_hold":0,"sold_today":0,"sales_last_days":0,"reserved_stock":null,"customer_returns":null,"warehouse_damage":null,"lost_in_post":null,"other_logs":null,"out_stock_days":0,"lost_sales":0,"has_location":null,"update_date":"2026-02-10T16:28:33","atum_locations":[],"atum_stock_status":"instock","restock_status":false,"low_stock_amount":"","sales_update_date":"2025-09-03T00:17:27","calc_backorders":null,"_links":{"self":[{"href":"https:\/\/aromasentia.com\/da\/wp-json\/wp\/v2\/product\/196658","targetHints":{"allow":["GET"]}}],"collection":[{"href":"https:\/\/aromasentia.com\/da\/wp-json\/wp\/v2\/product"}],"about":[{"href":"https:\/\/aromasentia.com\/da\/wp-json\/wp\/v2\/types\/product"}],"replies":[{"embeddable":true,"href":"https:\/\/aromasentia.com\/da\/wp-json\/wp\/v2\/comments?post=196658"}],"version-history":[{"count":0,"href":"https:\/\/aromasentia.com\/da\/wp-json\/wp\/v2\/product\/196658\/revisions"}],"wp:featuredmedia":[{"embeddable":true,"href":"https:\/\/aromasentia.com\/da\/wp-json\/wp\/v2\/media\/416250"}],"wp:attachment":[{"href":"https:\/\/aromasentia.com\/da\/wp-json\/wp\/v2\/media?parent=196658"}],"wp:term":[{"taxonomy":"product_brand","embeddable":true,"href":"https:\/\/aromasentia.com\/da\/wp-json\/wp\/v2\/product_brand?post=196658"},{"taxonomy":"product_cat","embeddable":true,"href":"https:\/\/aromasentia.com\/da\/wp-json\/wp\/v2\/product_cat?post=196658"},{"taxonomy":"product_tag","embeddable":true,"href":"https:\/\/aromasentia.com\/da\/wp-json\/wp\/v2\/product_tag?post=196658"}],"curies":[{"name":"wp","href":"https:\/\/api.w.org\/{rel}","templated":true}]}}