{"id":196651,"date":"2025-03-23T10:32:04","date_gmt":"2025-03-23T10:32:04","guid":{"rendered":"https:\/\/aromasentia.com\/product\/sm-mango-wood-backflow-burner-brass-buddha\/"},"modified":"2025-06-22T02:56:12","modified_gmt":"2025-06-22T02:56:12","slug":"sm-mangotrae-backflow-roegelsesbraender-brass-buddha","status":"publish","type":"product","link":"https:\/\/aromasentia.com\/da\/sm-mangotrae-backflow-roegelsesbraender-brass-buddha\/","title":{"rendered":"Sm Mangotr\u00e6 Backflow R\u00f8gelsesbr\u00e6nder &#8211; Brass Buddha"},"content":{"rendered":"<p><strong><span style=\"color: rgb(75, 80, 88);\">Aroma Sentia-ping tilbagel\u00f8bsbr\u00e6ndere er endelig her!<\/span><\/strong><span style=\"color: rgb(75, 80, 88);\">&nbsp;De er fremstillet i mangotr\u00e6 og er virkelig spektakul\u00e6re.<\/span><\/p>\n<p><span style=\"color: rgb(75, 80, 88);\">Backflow-br\u00e6nderne er specielt designet til at skabe r\u00f8g, der kaskaderer nedad og str\u00f8mmer dramatisk ned ad br\u00e6nderen med en fantastisk effekt, der vil fange din kundes opm\u00e6rksomhed. &nbsp;<\/span><\/p>\n<p><span style=\"color: rgb(75, 80, 88);\">S\u00e6lg din lille mangotr\u00e6-tilbagestr\u00f8mningsbr\u00e6nder &#8211; Tree of Life med vores brede udvalg af tilbagestr\u00f8mningsr\u00f8gelseskegler i s\u00e6t for at f\u00e5 en bedre fortjeneste.<\/span><\/p>\n<p><span style=\"color: rgb(75, 80, 88);\">P<\/span><strong><span style=\"color: rgb(75, 80, 88);\">Bem\u00e6rk venligst, at for at skabe r\u00f8gkaskadeeffekten skal du bruge tilbagestr\u00f8mningsr\u00f8gelseskegler.<\/span><\/strong><\/p>\n","protected":false},"excerpt":{"rendered":"<p>Aroma Sentia-ping tilbagel\u00f8bsbr\u00e6ndere er endelig her!&nbsp;De er fremstillet i mangotr\u00e6 og er virkelig spektakul\u00e6re. Backflow-br\u00e6nderne er specielt designet til at skabe r\u00f8g, der kaskaderer nedad og str\u00f8mmer dramatisk ned ad br\u00e6nderen med en fantastisk effekt, der vil fange din kundes opm\u00e6rksomhed. &nbsp; S\u00e6lg din lille mangotr\u00e6-tilbagestr\u00f8mningsbr\u00e6nder &#8211; Tree of Life med vores brede udvalg af [&hellip;]<\/p>\n","protected":false},"featured_media":416075,"comment_status":"closed","ping_status":"open","template":"","meta":[],"product_brand":[],"product_cat":[5835,5836,5837],"product_tag":[],"class_list":{"0":"post-196651","1":"product","2":"type-product","3":"status-publish","4":"has-post-thumbnail","6":"product_cat-backflow-rogelsesbraendere","7":"product_cat-rogelse-og-rogelsesholdere","8":"product_cat-rogelsesholdere-og-rogelsesbraendere","9":"pa_collection-mango-wood-backflow-burner-da","10":"pa_made-in-indien","12":"first","13":"instock","14":"purchasable","15":"product-type-simple"},"supplier_id":null,"supplier_sku":"WBF-04","barcode":null,"atum_controlled":true,"out_stock_date":null,"out_stock_threshold":null,"inheritable":false,"inbound_stock":null,"stock_on_hold":0,"sold_today":0,"sales_last_days":0,"reserved_stock":null,"customer_returns":null,"warehouse_damage":null,"lost_in_post":null,"other_logs":null,"out_stock_days":0,"lost_sales":0,"has_location":null,"update_date":"2026-02-06T00:01:37","atum_locations":[],"atum_stock_status":"instock","restock_status":false,"low_stock_amount":"","sales_update_date":"2026-02-06T00:01:37","calc_backorders":null,"_links":{"self":[{"href":"https:\/\/aromasentia.com\/da\/wp-json\/wp\/v2\/product\/196651","targetHints":{"allow":["GET"]}}],"collection":[{"href":"https:\/\/aromasentia.com\/da\/wp-json\/wp\/v2\/product"}],"about":[{"href":"https:\/\/aromasentia.com\/da\/wp-json\/wp\/v2\/types\/product"}],"replies":[{"embeddable":true,"href":"https:\/\/aromasentia.com\/da\/wp-json\/wp\/v2\/comments?post=196651"}],"version-history":[{"count":0,"href":"https:\/\/aromasentia.com\/da\/wp-json\/wp\/v2\/product\/196651\/revisions"}],"wp:featuredmedia":[{"embeddable":true,"href":"https:\/\/aromasentia.com\/da\/wp-json\/wp\/v2\/media\/416075"}],"wp:attachment":[{"href":"https:\/\/aromasentia.com\/da\/wp-json\/wp\/v2\/media?parent=196651"}],"wp:term":[{"taxonomy":"product_brand","embeddable":true,"href":"https:\/\/aromasentia.com\/da\/wp-json\/wp\/v2\/product_brand?post=196651"},{"taxonomy":"product_cat","embeddable":true,"href":"https:\/\/aromasentia.com\/da\/wp-json\/wp\/v2\/product_cat?post=196651"},{"taxonomy":"product_tag","embeddable":true,"href":"https:\/\/aromasentia.com\/da\/wp-json\/wp\/v2\/product_tag?post=196651"}],"curies":[{"name":"wp","href":"https:\/\/api.w.org\/{rel}","templated":true}]}}