{"id":196648,"date":"2025-03-23T11:05:59","date_gmt":"2025-03-23T11:05:59","guid":{"rendered":"https:\/\/aromasentia.com\/product\/gold-hamsa-white-stone-gemstone-bracelet\/"},"modified":"2025-06-22T02:56:11","modified_gmt":"2025-06-22T02:56:11","slug":"guld-hamsa-hvid-sten-armbaand","status":"publish","type":"product","link":"https:\/\/aromasentia.com\/da\/guld-hamsa-hvid-sten-armbaand\/","title":{"rendered":"guld Hamsa \/ Hvid Sten &#8211; Armb\u00e5nd"},"content":{"rendered":"<p>Howlit er en superberoligende sten, og mange bruger den til at lindre stress af enhver art. Howlit hj\u00e6lper mod s\u00f8vnl\u00f8shed, is\u00e6r n\u00e5r det er for\u00e5rsaget af et overaktivt sind. S\u00f8lvdelene er lavet af blandet metal, og gulddelene er lavet af kobber.<\/p>\n<p>Formulerer ambitioner og hj\u00e6lper med at n\u00e5 dem. Howlit styrker hukommelsen og stimulerer \u00f8nsket om viden. Den l\u00e6rer t\u00e5lmodighed og hj\u00e6lper med at eliminere raseri, smerte og stress. Beroliger kommunikation, letter bevidsthed og opmuntrer til f\u00f8lelsesm\u00e6ssig udtryk.<\/p>\n<p>Absorber din egen vrede &#8211; eller en andens vrede, der er rettet mod dig. Den hj\u00e6lper med at overvinde kritisk eller egoistisk adf\u00e6rd.<\/p>\n<p>Cool unisex bling.. multikulturel, godt og ondt, himmel og helvede.. Dette Boho-smykke fra Ancient Wisdom er b\u00e5de \u00f8jengodt og sj\u00e6lemad..<\/p>\n<p>Vores talentfulde designer har inkorporeret elementer fra \u00f8stlig og vestlig kultur, blandet i en kraftig dosis mystik og kongelighed.<\/p>\n<p>Du skal ikke bekymre dig om, om armb\u00e5ndene passer, da de str\u00e6kker sig &#8211; one size fits all.<\/p>\n","protected":false},"excerpt":{"rendered":"<p>Howlit er en superberoligende sten, og mange bruger den til at lindre stress af enhver art. Howlit hj\u00e6lper mod s\u00f8vnl\u00f8shed, is\u00e6r n\u00e5r det er for\u00e5rsaget af et overaktivt sind. S\u00f8lvdelene er lavet af blandet metal, og gulddelene er lavet af kobber. Formulerer ambitioner og hj\u00e6lper med at n\u00e5 dem. Howlit styrker hukommelsen og stimulerer \u00f8nsket [&hellip;]<\/p>\n","protected":false},"featured_media":418444,"comment_status":"closed","ping_status":"open","template":"","meta":{"_angie_page":false},"product_brand":[],"product_cat":[25211,5738],"product_tag":[],"class_list":{"0":"post-196648","1":"product","2":"type-product","3":"status-publish","4":"has-post-thumbnail","6":"product_cat-armband-smykker-og-accessories","7":"product_cat-smykker-og-accessories","8":"pa_collection-boho-bling-gemstones-bracelets-da","9":"pa_made-in-kina","11":"first","12":"instock","13":"purchasable","14":"product-type-simple"},"supplier_id":null,"supplier_sku":"Boho-10","barcode":null,"atum_controlled":true,"out_stock_date":null,"out_stock_threshold":null,"inheritable":false,"inbound_stock":null,"stock_on_hold":0,"sold_today":0,"sales_last_days":0,"reserved_stock":null,"customer_returns":null,"warehouse_damage":null,"lost_in_post":null,"other_logs":null,"out_stock_days":0,"lost_sales":0,"has_location":null,"update_date":"2026-05-08T05:06:06","atum_locations":[],"atum_stock_status":"instock","restock_status":false,"low_stock_amount":"","sales_update_date":"2025-10-09T03:26:45","calc_backorders":null,"_links":{"self":[{"href":"https:\/\/aromasentia.com\/da\/wp-json\/wp\/v2\/product\/196648","targetHints":{"allow":["GET"]}}],"collection":[{"href":"https:\/\/aromasentia.com\/da\/wp-json\/wp\/v2\/product"}],"about":[{"href":"https:\/\/aromasentia.com\/da\/wp-json\/wp\/v2\/types\/product"}],"replies":[{"embeddable":true,"href":"https:\/\/aromasentia.com\/da\/wp-json\/wp\/v2\/comments?post=196648"}],"version-history":[{"count":0,"href":"https:\/\/aromasentia.com\/da\/wp-json\/wp\/v2\/product\/196648\/revisions"}],"wp:featuredmedia":[{"embeddable":true,"href":"https:\/\/aromasentia.com\/da\/wp-json\/wp\/v2\/media\/418444"}],"wp:attachment":[{"href":"https:\/\/aromasentia.com\/da\/wp-json\/wp\/v2\/media?parent=196648"}],"wp:term":[{"taxonomy":"product_brand","embeddable":true,"href":"https:\/\/aromasentia.com\/da\/wp-json\/wp\/v2\/product_brand?post=196648"},{"taxonomy":"product_cat","embeddable":true,"href":"https:\/\/aromasentia.com\/da\/wp-json\/wp\/v2\/product_cat?post=196648"},{"taxonomy":"product_tag","embeddable":true,"href":"https:\/\/aromasentia.com\/da\/wp-json\/wp\/v2\/product_tag?post=196648"}],"curies":[{"name":"wp","href":"https:\/\/api.w.org\/{rel}","templated":true}]}}