{"id":196647,"date":"2025-03-23T11:05:59","date_gmt":"2025-03-23T11:05:59","guid":{"rendered":"https:\/\/aromasentia.com\/product\/gold-tiger-tiger-eye-gemstone-bracelet\/"},"modified":"2025-06-22T02:56:11","modified_gmt":"2025-06-22T02:56:11","slug":"guld-tiger-tigeroeje-armbaand","status":"publish","type":"product","link":"https:\/\/aromasentia.com\/da\/guld-tiger-tigeroeje-armbaand\/","title":{"rendered":"guld Tiger \/ Tiger\u00f8je &#8211; Armb\u00e5nd"},"content":{"rendered":"<p>Traditionelt blev Tiger\u00f8je b\u00e5ret som en amulet mod forbandelser eller onde \u00f8nsker. Det er kendt for at give b\u00e6reren selvtillid, mod og viljestyrke. S\u00f8lvdelene er lavet af blandet metal, og gulddelene er lavet af kobber.<\/p>\n<p>Tiger\u00f8je er en kraftfuld sten, der \u00f8ger kreativitet, selvtillid og mod. Denne livlige sten menes at hj\u00e6lpe dig med at handle og tr\u00e6ffe beslutninger med indsigt, up\u00e5virket af dine f\u00f8lelser.<\/p>\n<p>Cool unisex bling.. multikulturel, godt og ondt, himmel og helvede.. Dette Boho-smykke fra Ancient Wisdom er b\u00e5de \u00f8jengodt og sj\u00e6lemad..<\/p>\n<p>Vores talentfulde designer har inkorporeret elementer fra \u00f8stlig og vestlig kultur, blandet med en kraftig dosis mystik og kongelighed.<\/p>\n<p>Du skal ikke bekymre dig om, hvorvidt armb\u00e5ndene passer, da de str\u00e6kker sig &#8211; one size fits all.<\/p>\n","protected":false},"excerpt":{"rendered":"<p>Traditionelt blev Tiger\u00f8je b\u00e5ret som en amulet mod forbandelser eller onde \u00f8nsker. Det er kendt for at give b\u00e6reren selvtillid, mod og viljestyrke. S\u00f8lvdelene er lavet af blandet metal, og gulddelene er lavet af kobber. Tiger\u00f8je er en kraftfuld sten, der \u00f8ger kreativitet, selvtillid og mod. Denne livlige sten menes at hj\u00e6lpe dig med at [&hellip;]<\/p>\n","protected":false},"featured_media":418444,"comment_status":"closed","ping_status":"open","template":"","meta":{"_angie_page":false},"product_brand":[],"product_cat":[25211,25222,5738,25781],"product_tag":[],"class_list":{"0":"post-196647","1":"product","2":"type-product","3":"status-publish","4":"has-post-thumbnail","6":"product_cat-armband-smykker-og-accessories","7":"product_cat-krystaller-og-sten","8":"product_cat-smykker-og-accessories","9":"product_cat-tigeroje","10":"pa_collection-boho-bling-gemstones-bracelets-da","11":"pa_made-in-kina","13":"first","14":"instock","15":"purchasable","16":"product-type-simple"},"supplier_id":null,"supplier_sku":"Boho-09","barcode":null,"atum_controlled":true,"out_stock_date":null,"out_stock_threshold":null,"inheritable":false,"inbound_stock":null,"stock_on_hold":0,"sold_today":0,"sales_last_days":0,"reserved_stock":null,"customer_returns":null,"warehouse_damage":null,"lost_in_post":null,"other_logs":null,"out_stock_days":0,"lost_sales":0,"has_location":null,"update_date":"2026-05-04T00:02:51","atum_locations":[],"atum_stock_status":"instock","restock_status":false,"low_stock_amount":"","sales_update_date":"2025-10-09T03:26:45","calc_backorders":null,"_links":{"self":[{"href":"https:\/\/aromasentia.com\/da\/wp-json\/wp\/v2\/product\/196647","targetHints":{"allow":["GET"]}}],"collection":[{"href":"https:\/\/aromasentia.com\/da\/wp-json\/wp\/v2\/product"}],"about":[{"href":"https:\/\/aromasentia.com\/da\/wp-json\/wp\/v2\/types\/product"}],"replies":[{"embeddable":true,"href":"https:\/\/aromasentia.com\/da\/wp-json\/wp\/v2\/comments?post=196647"}],"version-history":[{"count":0,"href":"https:\/\/aromasentia.com\/da\/wp-json\/wp\/v2\/product\/196647\/revisions"}],"wp:featuredmedia":[{"embeddable":true,"href":"https:\/\/aromasentia.com\/da\/wp-json\/wp\/v2\/media\/418444"}],"wp:attachment":[{"href":"https:\/\/aromasentia.com\/da\/wp-json\/wp\/v2\/media?parent=196647"}],"wp:term":[{"taxonomy":"product_brand","embeddable":true,"href":"https:\/\/aromasentia.com\/da\/wp-json\/wp\/v2\/product_brand?post=196647"},{"taxonomy":"product_cat","embeddable":true,"href":"https:\/\/aromasentia.com\/da\/wp-json\/wp\/v2\/product_cat?post=196647"},{"taxonomy":"product_tag","embeddable":true,"href":"https:\/\/aromasentia.com\/da\/wp-json\/wp\/v2\/product_tag?post=196647"}],"curies":[{"name":"wp","href":"https:\/\/api.w.org\/{rel}","templated":true}]}}