{"id":196642,"date":"2025-03-23T11:05:59","date_gmt":"2025-03-23T11:05:59","guid":{"rendered":"https:\/\/aromasentia.com\/product\/gold-hamsa-lava-stone-gemstone-bracelet\/"},"modified":"2025-06-22T02:56:09","modified_gmt":"2025-06-22T02:56:09","slug":"guld-hamsa-lavasten-armbaand","status":"publish","type":"product","link":"https:\/\/aromasentia.com\/da\/guld-hamsa-lavasten-armbaand\/","title":{"rendered":"guld Hamsa \/ Lavasten &#8211; Armb\u00e5nd"},"content":{"rendered":"<p>Lavasten, der er f\u00f8dt i br\u00e6ndende svovl, der bobler op til Jordens overflade (og til sidst afk\u00f8les), kommer fra Jordens kerne. Lava er en sten dannet af magma, der er udbrudt fra en vulkan. S\u00f8lvdelene er lavet af blandet metal, og gulddelene er lavet af kobber.<\/p>\n<p>Lavasten er en jordn\u00e6r sten og kan hj\u00e6lpe dig med at f\u00e5 kontakt med naturen. Da stenen kommer fra r\u00e5 energi, betragtes lavasten som en sten for genf\u00f8dsel og afgivelse af un\u00f8dvendige lag af f\u00f8lelsesm\u00e6ssig tilknytning.<\/p>\n<p>Cool unisex bling.. multikulturel, godt og ondt, himmel og helvede.. Dette boheme-smykke fra Ancient Wisdom er b\u00e5de \u00f8jengodt og sj\u00e6lemad..<\/p>\n<p>Vores talentfulde designer har inkorporeret elementer fra \u00f8stlig og vestlig kultur, blandet med en kraftig dosis mystik og kongelighed.<\/p>\n<p>Du skal ikke bekymre dig om, om armb\u00e5ndene passer, da de str\u00e6kker sig &#8211; one size fits all.<\/p>\n","protected":false},"excerpt":{"rendered":"<p>Lavasten, der er f\u00f8dt i br\u00e6ndende svovl, der bobler op til Jordens overflade (og til sidst afk\u00f8les), kommer fra Jordens kerne. Lava er en sten dannet af magma, der er udbrudt fra en vulkan. S\u00f8lvdelene er lavet af blandet metal, og gulddelene er lavet af kobber. Lavasten er en jordn\u00e6r sten og kan hj\u00e6lpe dig [&hellip;]<\/p>\n","protected":false},"featured_media":418444,"comment_status":"closed","ping_status":"open","template":"","meta":{"_angie_page":false},"product_brand":[],"product_cat":[25211,25222,25668,5738],"product_tag":[],"class_list":{"0":"post-196642","1":"product","2":"type-product","3":"status-publish","4":"has-post-thumbnail","6":"product_cat-armband-smykker-og-accessories","7":"product_cat-krystaller-og-sten","8":"product_cat-lavasten-basalt","9":"product_cat-smykker-og-accessories","10":"pa_collection-boho-bling-gemstones-bracelets-da","11":"pa_made-in-kina","13":"first","14":"instock","15":"purchasable","16":"product-type-simple"},"supplier_id":null,"supplier_sku":"Boho-04","barcode":null,"atum_controlled":true,"out_stock_date":null,"out_stock_threshold":null,"inheritable":false,"inbound_stock":null,"stock_on_hold":0,"sold_today":0,"sales_last_days":0,"reserved_stock":null,"customer_returns":null,"warehouse_damage":null,"lost_in_post":null,"other_logs":null,"out_stock_days":0,"lost_sales":0,"has_location":null,"update_date":"2026-04-27T06:55:20","atum_locations":[],"atum_stock_status":"instock","restock_status":false,"low_stock_amount":"","sales_update_date":"2026-02-06T00:01:36","calc_backorders":null,"_links":{"self":[{"href":"https:\/\/aromasentia.com\/da\/wp-json\/wp\/v2\/product\/196642","targetHints":{"allow":["GET"]}}],"collection":[{"href":"https:\/\/aromasentia.com\/da\/wp-json\/wp\/v2\/product"}],"about":[{"href":"https:\/\/aromasentia.com\/da\/wp-json\/wp\/v2\/types\/product"}],"replies":[{"embeddable":true,"href":"https:\/\/aromasentia.com\/da\/wp-json\/wp\/v2\/comments?post=196642"}],"version-history":[{"count":0,"href":"https:\/\/aromasentia.com\/da\/wp-json\/wp\/v2\/product\/196642\/revisions"}],"wp:featuredmedia":[{"embeddable":true,"href":"https:\/\/aromasentia.com\/da\/wp-json\/wp\/v2\/media\/418444"}],"wp:attachment":[{"href":"https:\/\/aromasentia.com\/da\/wp-json\/wp\/v2\/media?parent=196642"}],"wp:term":[{"taxonomy":"product_brand","embeddable":true,"href":"https:\/\/aromasentia.com\/da\/wp-json\/wp\/v2\/product_brand?post=196642"},{"taxonomy":"product_cat","embeddable":true,"href":"https:\/\/aromasentia.com\/da\/wp-json\/wp\/v2\/product_cat?post=196642"},{"taxonomy":"product_tag","embeddable":true,"href":"https:\/\/aromasentia.com\/da\/wp-json\/wp\/v2\/product_tag?post=196642"}],"curies":[{"name":"wp","href":"https:\/\/api.w.org\/{rel}","templated":true}]}}