{"id":196641,"date":"2025-03-23T11:05:59","date_gmt":"2025-03-23T11:05:59","guid":{"rendered":"https:\/\/aromasentia.com\/product\/hamsa-black-agate-gemstone-bracelet\/"},"modified":"2025-06-22T02:56:07","modified_gmt":"2025-06-22T02:56:07","slug":"hamsa-sort-agat-armbaand","status":"publish","type":"product","link":"https:\/\/aromasentia.com\/da\/hamsa-sort-agat-armbaand\/","title":{"rendered":"Hamsa \/ Sort Agat &#8211; Armb\u00e5nd"},"content":{"rendered":"<p>Agat er, ligesom alle sorte \u00e6delsten, en beskyttende og jordn\u00e6r krystal. Historisk set blev agat placeret i vand til madlavning eller drikke for at fordrive sygdom.<\/p>\n<p>Agat er kendt for at tiltr\u00e6kke held og lykke ind i livet og eliminere uheld. Agat er den perfekte sten til en konkurrent, da den bringer mod og succes i konkurrence, og den enkelte englevinge-charme tilbyder beskyttelse.<\/p>\n<p>Cool unisex bling.. multikulturel, godt og ondt, himmel og helvede.. Dette Boho-smykke fra Ancient Wisdom er b\u00e5de \u00f8jengodt og sj\u00e6lemad..<\/p>\n<p>Vores talentfulde designer har inkorporeret elementer fra \u00f8stlig og vestlig kultur, blandet med en kraftig dosis mystik og kongelighed.<\/p>\n<p>Du skal ikke bekymre dig om, om armb\u00e5ndene passer, da de str\u00e6kker sig &#8211; one size fits all.<\/p>\n","protected":false},"excerpt":{"rendered":"<p>Agat er, ligesom alle sorte \u00e6delsten, en beskyttende og jordn\u00e6r krystal. Historisk set blev agat placeret i vand til madlavning eller drikke for at fordrive sygdom. Agat er kendt for at tiltr\u00e6kke held og lykke ind i livet og eliminere uheld. Agat er den perfekte sten til en konkurrent, da den bringer mod og succes [&hellip;]<\/p>\n","protected":false},"featured_media":418427,"comment_status":"closed","ping_status":"open","template":"","meta":{"_angie_page":false},"product_brand":[],"product_cat":[25537,25211,25222,5738],"product_tag":[],"class_list":{"0":"post-196641","1":"product","2":"type-product","3":"status-publish","4":"has-post-thumbnail","6":"product_cat-achat","7":"product_cat-armband-smykker-og-accessories","8":"product_cat-krystaller-og-sten","9":"product_cat-smykker-og-accessories","10":"pa_collection-boho-bling-gemstones-bracelets-da","11":"pa_made-in-kina","13":"first","14":"instock","15":"purchasable","16":"product-type-simple"},"supplier_id":null,"supplier_sku":"Boho-03","barcode":null,"atum_controlled":true,"out_stock_date":null,"out_stock_threshold":null,"inheritable":false,"inbound_stock":null,"stock_on_hold":0,"sold_today":0,"sales_last_days":0,"reserved_stock":null,"customer_returns":null,"warehouse_damage":null,"lost_in_post":null,"other_logs":null,"out_stock_days":0,"lost_sales":0,"has_location":null,"update_date":"2026-05-08T05:06:06","atum_locations":[],"atum_stock_status":"instock","restock_status":false,"low_stock_amount":"","sales_update_date":"2026-01-30T01:25:02","calc_backorders":null,"_links":{"self":[{"href":"https:\/\/aromasentia.com\/da\/wp-json\/wp\/v2\/product\/196641","targetHints":{"allow":["GET"]}}],"collection":[{"href":"https:\/\/aromasentia.com\/da\/wp-json\/wp\/v2\/product"}],"about":[{"href":"https:\/\/aromasentia.com\/da\/wp-json\/wp\/v2\/types\/product"}],"replies":[{"embeddable":true,"href":"https:\/\/aromasentia.com\/da\/wp-json\/wp\/v2\/comments?post=196641"}],"version-history":[{"count":0,"href":"https:\/\/aromasentia.com\/da\/wp-json\/wp\/v2\/product\/196641\/revisions"}],"wp:featuredmedia":[{"embeddable":true,"href":"https:\/\/aromasentia.com\/da\/wp-json\/wp\/v2\/media\/418427"}],"wp:attachment":[{"href":"https:\/\/aromasentia.com\/da\/wp-json\/wp\/v2\/media?parent=196641"}],"wp:term":[{"taxonomy":"product_brand","embeddable":true,"href":"https:\/\/aromasentia.com\/da\/wp-json\/wp\/v2\/product_brand?post=196641"},{"taxonomy":"product_cat","embeddable":true,"href":"https:\/\/aromasentia.com\/da\/wp-json\/wp\/v2\/product_cat?post=196641"},{"taxonomy":"product_tag","embeddable":true,"href":"https:\/\/aromasentia.com\/da\/wp-json\/wp\/v2\/product_tag?post=196641"}],"curies":[{"name":"wp","href":"https:\/\/api.w.org\/{rel}","templated":true}]}}