{"id":196633,"date":"2025-03-23T11:05:59","date_gmt":"2025-03-23T11:05:59","guid":{"rendered":"https:\/\/aromasentia.com\/product\/good-luck-feng-shui-bracelets-black\/"},"modified":"2025-06-22T02:56:03","modified_gmt":"2025-06-22T02:56:03","slug":"lykkebringende-feng-shui-armbaand-sort","status":"publish","type":"product","link":"https:\/\/aromasentia.com\/da\/lykkebringende-feng-shui-armbaand-sort\/","title":{"rendered":"Lykkebringende Feng-Shui Armb\u00e5nd &#8211; Sort"},"content":{"rendered":"<p>Bali held og lykke Feng Shui armb\u00e5nd<\/p>\n<p>Held og lykke Feng Shui armb\u00e5nd er lavet af tr\u00e6perler og lykkem\u00f8nter.<\/p>\n<p>Det siges, at valutaen skal sende en positiv v\u00e6ske kaldet r\u00e6sonnement, der tiltr\u00e6kker lykke, held og succes.<\/p>\n","protected":false},"excerpt":{"rendered":"<p>Bali held og lykke Feng Shui armb\u00e5nd Held og lykke Feng Shui armb\u00e5nd er lavet af tr\u00e6perler og lykkem\u00f8nter. Det siges, at valutaen skal sende en positiv v\u00e6ske kaldet r\u00e6sonnement, der tiltr\u00e6kker lykke, held og succes.<\/p>\n","protected":false},"featured_media":418331,"comment_status":"closed","ping_status":"open","template":"","meta":{"_angie_page":false},"product_brand":[],"product_cat":[25211,5738],"product_tag":[],"class_list":{"0":"post-196633","1":"product","2":"type-product","3":"status-publish","4":"has-post-thumbnail","6":"product_cat-armband-smykker-og-accessories","7":"product_cat-smykker-og-accessories","8":"pa_collection-bali-good-luck-feng-shoui-bracelets-da","9":"pa_made-in-indonesien","11":"first","12":"instock","13":"purchasable","14":"product-type-simple"},"supplier_id":null,"supplier_sku":"BFGx-01","barcode":null,"atum_controlled":true,"out_stock_date":null,"out_stock_threshold":null,"inheritable":false,"inbound_stock":null,"stock_on_hold":0,"sold_today":0,"sales_last_days":0,"reserved_stock":null,"customer_returns":null,"warehouse_damage":null,"lost_in_post":null,"other_logs":null,"out_stock_days":0,"lost_sales":0,"has_location":null,"update_date":"2026-05-08T05:05:00","atum_locations":[],"atum_stock_status":"instock","restock_status":false,"low_stock_amount":"","sales_update_date":"2025-10-09T03:26:24","calc_backorders":null,"_links":{"self":[{"href":"https:\/\/aromasentia.com\/da\/wp-json\/wp\/v2\/product\/196633","targetHints":{"allow":["GET"]}}],"collection":[{"href":"https:\/\/aromasentia.com\/da\/wp-json\/wp\/v2\/product"}],"about":[{"href":"https:\/\/aromasentia.com\/da\/wp-json\/wp\/v2\/types\/product"}],"replies":[{"embeddable":true,"href":"https:\/\/aromasentia.com\/da\/wp-json\/wp\/v2\/comments?post=196633"}],"version-history":[{"count":0,"href":"https:\/\/aromasentia.com\/da\/wp-json\/wp\/v2\/product\/196633\/revisions"}],"wp:featuredmedia":[{"embeddable":true,"href":"https:\/\/aromasentia.com\/da\/wp-json\/wp\/v2\/media\/418331"}],"wp:attachment":[{"href":"https:\/\/aromasentia.com\/da\/wp-json\/wp\/v2\/media?parent=196633"}],"wp:term":[{"taxonomy":"product_brand","embeddable":true,"href":"https:\/\/aromasentia.com\/da\/wp-json\/wp\/v2\/product_brand?post=196633"},{"taxonomy":"product_cat","embeddable":true,"href":"https:\/\/aromasentia.com\/da\/wp-json\/wp\/v2\/product_cat?post=196633"},{"taxonomy":"product_tag","embeddable":true,"href":"https:\/\/aromasentia.com\/da\/wp-json\/wp\/v2\/product_tag?post=196633"}],"curies":[{"name":"wp","href":"https:\/\/api.w.org\/{rel}","templated":true}]}}