{"id":196632,"date":"2025-03-23T11:05:59","date_gmt":"2025-03-23T11:05:59","guid":{"rendered":"https:\/\/aromasentia.com\/product\/tri-hita-karana-bangle-balance\/"},"modified":"2025-06-22T02:56:03","modified_gmt":"2025-06-22T02:56:03","slug":"tri-hita-karana-armring-balance","status":"publish","type":"product","link":"https:\/\/aromasentia.com\/da\/tri-hita-karana-armring-balance\/","title":{"rendered":"Tri Hita Karana Armring &#8211; Balance"},"content":{"rendered":"<p><strong>Aroma Sentia<\/strong> armb\u00e5nd refererer til den <strong>traditionelle livsfilosofi &#8211; Tri Hita Karana<\/strong>, popul\u00e6r p\u00e5 \u00f8en Bali, Indonesien. Tri Hita Katana handler om balance. <strong>Tri = tre<\/strong>, <strong>hita = lykke, karana = elementer.<\/strong><\/p>\n<p><strong><span style=\"color: rgb(141, 186, 216);\"><strong>Tilf\u00f8j til din produktportef\u00f8lje og bestil i dag. Tilf\u00f8j lidt arm candy til din e-shops smykkehj\u00f8rne.<\/strong><\/span><strong>.<\/strong><\/strong><\/p>\n","protected":false},"excerpt":{"rendered":"<p>Aroma Sentia armb\u00e5nd refererer til den traditionelle livsfilosofi &#8211; Tri Hita Karana, popul\u00e6r p\u00e5 \u00f8en Bali, Indonesien. Tri Hita Katana handler om balance. Tri = tre, hita = lykke, karana = elementer. Tilf\u00f8j til din produktportef\u00f8lje og bestil i dag. Tilf\u00f8j lidt arm candy til din e-shops smykkehj\u00f8rne..<\/p>\n","protected":false},"featured_media":418306,"comment_status":"closed","ping_status":"open","template":"","meta":[],"product_brand":[],"product_cat":[5738],"product_tag":[],"class_list":{"0":"post-196632","1":"product","2":"type-product","3":"status-publish","4":"has-post-thumbnail","6":"product_cat-smykker-og-accessories","7":"pa_collection-tri-hita-karana-bangle-da","8":"pa_made-in-indonesien","10":"first","11":"instock","12":"purchasable","13":"product-type-simple"},"supplier_id":null,"supplier_sku":"BBA-08","barcode":null,"atum_controlled":true,"out_stock_date":null,"out_stock_threshold":null,"inheritable":false,"inbound_stock":null,"stock_on_hold":0,"sold_today":0,"sales_last_days":0,"reserved_stock":null,"customer_returns":null,"warehouse_damage":null,"lost_in_post":null,"other_logs":null,"out_stock_days":0,"lost_sales":0,"has_location":null,"update_date":"2026-02-06T00:02:09","atum_locations":[],"atum_stock_status":"instock","restock_status":false,"low_stock_amount":"","sales_update_date":"2026-02-06T00:02:09","calc_backorders":null,"_links":{"self":[{"href":"https:\/\/aromasentia.com\/da\/wp-json\/wp\/v2\/product\/196632","targetHints":{"allow":["GET"]}}],"collection":[{"href":"https:\/\/aromasentia.com\/da\/wp-json\/wp\/v2\/product"}],"about":[{"href":"https:\/\/aromasentia.com\/da\/wp-json\/wp\/v2\/types\/product"}],"replies":[{"embeddable":true,"href":"https:\/\/aromasentia.com\/da\/wp-json\/wp\/v2\/comments?post=196632"}],"version-history":[{"count":0,"href":"https:\/\/aromasentia.com\/da\/wp-json\/wp\/v2\/product\/196632\/revisions"}],"wp:featuredmedia":[{"embeddable":true,"href":"https:\/\/aromasentia.com\/da\/wp-json\/wp\/v2\/media\/418306"}],"wp:attachment":[{"href":"https:\/\/aromasentia.com\/da\/wp-json\/wp\/v2\/media?parent=196632"}],"wp:term":[{"taxonomy":"product_brand","embeddable":true,"href":"https:\/\/aromasentia.com\/da\/wp-json\/wp\/v2\/product_brand?post=196632"},{"taxonomy":"product_cat","embeddable":true,"href":"https:\/\/aromasentia.com\/da\/wp-json\/wp\/v2\/product_cat?post=196632"},{"taxonomy":"product_tag","embeddable":true,"href":"https:\/\/aromasentia.com\/da\/wp-json\/wp\/v2\/product_tag?post=196632"}],"curies":[{"name":"wp","href":"https:\/\/api.w.org\/{rel}","templated":true}]}}