{"id":196624,"date":"2025-03-23T11:05:59","date_gmt":"2025-03-23T11:05:59","guid":{"rendered":"https:\/\/aromasentia.com\/product\/power-bracelet-chakra-stones\/"},"modified":"2025-06-22T02:55:59","modified_gmt":"2025-06-22T02:55:59","slug":"power-armbaand-chakra-sten","status":"publish","type":"product","link":"https:\/\/aromasentia.com\/da\/power-armbaand-chakra-sten\/","title":{"rendered":"Power Armb\u00e5nd &#8211; Chakra-Sten"},"content":{"rendered":"<p><span style=\"color: rgb(75, 80, 88);\">Pr\u00e6st din portef\u00f8ljesamling op med vores Chakra Stones Power Armb\u00e5nd.<\/span><\/p>\n<p><span style=\"color: rgb(75, 80, 88);\">Udnyt<strong>den \u00e6ldgamle visdom fra Chakra-stenene, der indeholder Ametyst, Klippekvarts, Sodalit, Gr\u00f8n Aventurin, Sort Agat, Honningkrystal og Karneol. Hver sten svarer til de syv forskellige chakraer, hvilket bringer et unikt s\u00e6t af energier og fordele.<\/span><\/p>\n<p><span style=\"color: rgb(75, 80, 88);\">Den uds\u00f8gte blanding af disse livlige \u00e6delsten tilf\u00f8jer ikke kun et strejf af charme til din butik, men b\u00e6rer ogs\u00e5 <strong>et v\u00e6ld af tro p\u00e5 deres kr\u00e6fter.<\/strong> Ametyst for spirituel balance, klippekvarts for klarhed, sodalit for kommunikation, gr\u00f8n aventurin for held, sort agat for beskyttelse, honningkrystal for kreativitet og karneol for vitalitet.<\/span><\/p>\n<p><span style=\"color: rgb(75, 80, 88);\">Disse armb\u00e5nd er ikke bare tilbeh\u00f8r; De menes at <strong>hj\u00e6lpe med at justere og balancere energicentrene i kroppen og fremme mental og fysisk harmoni.<\/strong> Stenene med en diameter p\u00e5 8 mm er elegant trukket sammen med str\u00e6k, hvilket sikrer en perfekt pasform til alle dine kunder.<\/span><\/p>\n<p><span style=\"color: rgb(75, 80, 88);\">Uanset om det er en \u00e5rsdag, jul, Valentinsdag, f\u00f8dselsdage eller en selvfork\u00e6lende godbid, er dette Chakra Stones Power Bracelet en <strong>bet\u00e6nksom og unik gave.<\/strong><\/span><\/p>\n<p><span style=\"color: rgb(75, 80, 88);\"><strong>Bestil i dag og tilbyd dine kunder en uimodst\u00e5elig blanding af stil og positiv energi.<\/strong><\/span><\/p>\n","protected":false},"excerpt":{"rendered":"<p>Pr\u00e6st din portef\u00f8ljesamling op med vores Chakra Stones Power Armb\u00e5nd. Udnytden \u00e6ldgamle visdom fra Chakra-stenene, der indeholder Ametyst, Klippekvarts, Sodalit, Gr\u00f8n Aventurin, Sort Agat, Honningkrystal og Karneol. Hver sten svarer til de syv forskellige chakraer, hvilket bringer et unikt s\u00e6t af energier og fordele. Den uds\u00f8gte blanding af disse livlige \u00e6delsten tilf\u00f8jer ikke kun et [&hellip;]<\/p>\n","protected":false},"featured_media":418050,"comment_status":"closed","ping_status":"open","template":"","meta":{"_angie_page":false},"product_brand":[],"product_cat":[25211,5738],"product_tag":[],"class_list":{"0":"post-196624","1":"product","2":"type-product","3":"status-publish","4":"has-post-thumbnail","6":"product_cat-armband-smykker-og-accessories","7":"product_cat-smykker-og-accessories","8":"pa_collection-power-bracelets-da","9":"pa_made-in-kina","11":"first","12":"instock","13":"purchasable","14":"product-type-simple"},"supplier_id":null,"supplier_sku":"AWPS-13","barcode":null,"atum_controlled":true,"out_stock_date":null,"out_stock_threshold":null,"inheritable":false,"inbound_stock":null,"stock_on_hold":0,"sold_today":0,"sales_last_days":0,"reserved_stock":null,"customer_returns":null,"warehouse_damage":null,"lost_in_post":null,"other_logs":null,"out_stock_days":0,"lost_sales":0,"has_location":null,"update_date":"2026-04-27T06:52:53","atum_locations":[],"atum_stock_status":"instock","restock_status":false,"low_stock_amount":"","sales_update_date":"2025-10-09T03:24:48","calc_backorders":null,"_links":{"self":[{"href":"https:\/\/aromasentia.com\/da\/wp-json\/wp\/v2\/product\/196624","targetHints":{"allow":["GET"]}}],"collection":[{"href":"https:\/\/aromasentia.com\/da\/wp-json\/wp\/v2\/product"}],"about":[{"href":"https:\/\/aromasentia.com\/da\/wp-json\/wp\/v2\/types\/product"}],"replies":[{"embeddable":true,"href":"https:\/\/aromasentia.com\/da\/wp-json\/wp\/v2\/comments?post=196624"}],"version-history":[{"count":0,"href":"https:\/\/aromasentia.com\/da\/wp-json\/wp\/v2\/product\/196624\/revisions"}],"wp:featuredmedia":[{"embeddable":true,"href":"https:\/\/aromasentia.com\/da\/wp-json\/wp\/v2\/media\/418050"}],"wp:attachment":[{"href":"https:\/\/aromasentia.com\/da\/wp-json\/wp\/v2\/media?parent=196624"}],"wp:term":[{"taxonomy":"product_brand","embeddable":true,"href":"https:\/\/aromasentia.com\/da\/wp-json\/wp\/v2\/product_brand?post=196624"},{"taxonomy":"product_cat","embeddable":true,"href":"https:\/\/aromasentia.com\/da\/wp-json\/wp\/v2\/product_cat?post=196624"},{"taxonomy":"product_tag","embeddable":true,"href":"https:\/\/aromasentia.com\/da\/wp-json\/wp\/v2\/product_tag?post=196624"}],"curies":[{"name":"wp","href":"https:\/\/api.w.org\/{rel}","templated":true}]}}