{"id":196620,"date":"2025-03-23T11:06:16","date_gmt":"2025-03-23T11:06:16","guid":{"rendered":"https:\/\/aromasentia.com\/product\/gemstone-double-power-bracelets-black-agate\/"},"modified":"2025-06-22T02:55:56","modified_gmt":"2025-06-22T02:55:56","slug":"double-power-armbaand-sort-agat","status":"publish","type":"product","link":"https:\/\/aromasentia.com\/da\/double-power-armbaand-sort-agat\/","title":{"rendered":"Double Power Armb\u00e5nd &#8211; Sort Agat"},"content":{"rendered":"<p>Introducer dine kunder til den tidl\u00f8se appel af vores Gemstone Double Power Armb\u00e5nd, der er lavet af naturlige \u00e6delsten af h\u00f8j kvalitet.<\/p>\n<p><strong>S\u00e6lges i tre forskellige farver &#8211; m\u00f8rkebrun, sort og r\u00f8d med to fremtr\u00e6dende \u00e6delstensperler og et elastisk armb\u00e5nd prydet med matchende \u00e6delstensperler.<\/strong><\/p>\n<p>Hvert s\u00e6t leveres pakket med et hovedkort, der fremh\u00e6ver de specifikke fordele ved \u00e6delstenene.<\/p>\n<p><strong>Sort agat er en jordn\u00e6r sten, der menes at give ro og mod. Den hj\u00e6lper med at overvinde frygt og bringer f\u00f8lelsesm\u00e6ssig balance i stressende tider.<\/strong>. At b\u00e6re sort agat siges at styrke din beslutsomhed, forbedre fokus og indgyde en f\u00f8lelse af indre styrke, hvilket g\u00f8r den perfekt til dem, der st\u00e5r over for udfordringer.<\/p>\n<p><strong><span style=\"color: rgb(141, 186, 216);\">Angiv venligst i de s\u00e6rlige instruktioner ved kassen, hvilken farve armb\u00e5ndssnor der foretr\u00e6kkes. Hvis ingen farve er angivet, v\u00e6lger vi tilf\u00e6ldigt.<\/span><\/strong><\/p>\n","protected":false},"excerpt":{"rendered":"<p>Introducer dine kunder til den tidl\u00f8se appel af vores Gemstone Double Power Armb\u00e5nd, der er lavet af naturlige \u00e6delsten af h\u00f8j kvalitet. S\u00e6lges i tre forskellige farver &#8211; m\u00f8rkebrun, sort og r\u00f8d med to fremtr\u00e6dende \u00e6delstensperler og et elastisk armb\u00e5nd prydet med matchende \u00e6delstensperler. Hvert s\u00e6t leveres pakket med et hovedkort, der fremh\u00e6ver de specifikke [&hellip;]<\/p>\n","protected":false},"featured_media":420538,"comment_status":"closed","ping_status":"open","template":"","meta":{"_angie_page":false},"product_brand":[],"product_cat":[25537,25211,25222,5738],"product_tag":[],"class_list":{"0":"post-196620","1":"product","2":"type-product","3":"status-publish","4":"has-post-thumbnail","6":"product_cat-achat","7":"product_cat-armband-smykker-og-accessories","8":"product_cat-krystaller-og-sten","9":"product_cat-smykker-og-accessories","10":"pa_collection-double-power-bracelets-da","11":"pa_made-in-kina","13":"first","14":"instock","15":"purchasable","16":"product-type-simple"},"supplier_id":null,"supplier_sku":"GDPB-02","barcode":null,"atum_controlled":true,"out_stock_date":null,"out_stock_threshold":null,"inheritable":false,"inbound_stock":null,"stock_on_hold":0,"sold_today":0,"sales_last_days":0,"reserved_stock":null,"customer_returns":null,"warehouse_damage":null,"lost_in_post":null,"other_logs":null,"out_stock_days":0,"lost_sales":0,"has_location":null,"update_date":"2026-04-27T07:05:08","atum_locations":[],"atum_stock_status":"instock","restock_status":false,"low_stock_amount":"","sales_update_date":"2025-09-03T00:16:52","calc_backorders":null,"_links":{"self":[{"href":"https:\/\/aromasentia.com\/da\/wp-json\/wp\/v2\/product\/196620","targetHints":{"allow":["GET"]}}],"collection":[{"href":"https:\/\/aromasentia.com\/da\/wp-json\/wp\/v2\/product"}],"about":[{"href":"https:\/\/aromasentia.com\/da\/wp-json\/wp\/v2\/types\/product"}],"replies":[{"embeddable":true,"href":"https:\/\/aromasentia.com\/da\/wp-json\/wp\/v2\/comments?post=196620"}],"version-history":[{"count":0,"href":"https:\/\/aromasentia.com\/da\/wp-json\/wp\/v2\/product\/196620\/revisions"}],"wp:featuredmedia":[{"embeddable":true,"href":"https:\/\/aromasentia.com\/da\/wp-json\/wp\/v2\/media\/420538"}],"wp:attachment":[{"href":"https:\/\/aromasentia.com\/da\/wp-json\/wp\/v2\/media?parent=196620"}],"wp:term":[{"taxonomy":"product_brand","embeddable":true,"href":"https:\/\/aromasentia.com\/da\/wp-json\/wp\/v2\/product_brand?post=196620"},{"taxonomy":"product_cat","embeddable":true,"href":"https:\/\/aromasentia.com\/da\/wp-json\/wp\/v2\/product_cat?post=196620"},{"taxonomy":"product_tag","embeddable":true,"href":"https:\/\/aromasentia.com\/da\/wp-json\/wp\/v2\/product_tag?post=196620"}],"curies":[{"name":"wp","href":"https:\/\/api.w.org\/{rel}","templated":true}]}}