{"id":196610,"date":"2025-03-23T11:06:16","date_gmt":"2025-03-23T11:06:16","guid":{"rendered":"https:\/\/aromasentia.com\/product\/faceted-gemstone-bracelet-magnetic-tiger-eye\/"},"modified":"2025-06-22T02:55:52","modified_gmt":"2025-06-22T02:55:52","slug":"facetteret-armbaand-magnetisk-tigeroeje","status":"publish","type":"product","link":"https:\/\/aromasentia.com\/da\/facetteret-armbaand-magnetisk-tigeroeje\/","title":{"rendered":"Facetteret Armb\u00e5nd Magnetisk Tiger\u00f8je"},"content":{"rendered":"<p><span style=\"color: rgb(75, 80, 88);\">Vores fantastiske <strong>facetterede \u00e6delstensarmb\u00e5nd<\/strong>er et must-have i din butik.<\/span><\/p>\n<p><span style=\"color: rgb(75, 80, 88);\">Dette smykke har sm\u00e5 perler af sten, der er blevet slebet og poleret til facetter, som reflekterer lys og giver stenene et funklende udseende.<\/span><\/p>\n<p><span style=\"color: rgb(75, 80, 88);\">Mange mennesker tror, at forskellige \u00e6delsten har forskellige helbredende egenskaber, og at det at b\u00e6re et \u00e6delstensarmb\u00e5nd kan fremme det generelle velv\u00e6re.<\/span><\/p>\n<p><span style=\"color: rgb(75, 80, 88);\">Mange mennesker tyr til <strong>tiger\u00f8je<\/strong> uanset sorten for at hj\u00e6lpe med at afgifte blodet, for at bringe held, mod, selvtillid og f\u00f8lelsesm\u00e6ssig centrering.<\/span> <\/p>\n<p><span style=\"color: rgb(75, 80, 88);\">Med deres enkle udseende er de den perfekte gave eller til at kombinere dem med andre armb\u00e5nd med \u00e6delsten.<\/span><\/p>\n<p><span style=\"color: rgb(141, 186, 216);\"><strong>Tro os, dine kunder k\u00f8ber ikke kun \u00e9t. &nbsp;<\/strong><\/span><\/p>\n","protected":false},"excerpt":{"rendered":"<p>Vores fantastiske facetterede \u00e6delstensarmb\u00e5nder et must-have i din butik. Dette smykke har sm\u00e5 perler af sten, der er blevet slebet og poleret til facetter, som reflekterer lys og giver stenene et funklende udseende. Mange mennesker tror, at forskellige \u00e6delsten har forskellige helbredende egenskaber, og at det at b\u00e6re et \u00e6delstensarmb\u00e5nd kan fremme det generelle velv\u00e6re. [&hellip;]<\/p>\n","protected":false},"featured_media":420216,"comment_status":"closed","ping_status":"open","template":"","meta":{"_angie_page":false},"product_brand":[],"product_cat":[25211,25222,5738,25781],"product_tag":[],"class_list":{"0":"post-196610","1":"product","2":"type-product","3":"status-publish","4":"has-post-thumbnail","6":"product_cat-armband-smykker-og-accessories","7":"product_cat-krystaller-og-sten","8":"product_cat-smykker-og-accessories","9":"product_cat-tigeroje","10":"pa_collection-faceted-gemstone-bracelets-da","11":"pa_made-in-kina","13":"first","14":"instock","15":"purchasable","16":"product-type-simple"},"supplier_id":null,"supplier_sku":"FGemB-04","barcode":null,"atum_controlled":true,"out_stock_date":null,"out_stock_threshold":null,"inheritable":false,"inbound_stock":null,"stock_on_hold":0,"sold_today":0,"sales_last_days":0,"reserved_stock":null,"customer_returns":null,"warehouse_damage":null,"lost_in_post":null,"other_logs":null,"out_stock_days":0,"lost_sales":0,"has_location":null,"update_date":"2026-05-04T00:02:53","atum_locations":[],"atum_stock_status":"instock","restock_status":false,"low_stock_amount":"","sales_update_date":"2026-02-06T00:01:34","calc_backorders":null,"_links":{"self":[{"href":"https:\/\/aromasentia.com\/da\/wp-json\/wp\/v2\/product\/196610","targetHints":{"allow":["GET"]}}],"collection":[{"href":"https:\/\/aromasentia.com\/da\/wp-json\/wp\/v2\/product"}],"about":[{"href":"https:\/\/aromasentia.com\/da\/wp-json\/wp\/v2\/types\/product"}],"replies":[{"embeddable":true,"href":"https:\/\/aromasentia.com\/da\/wp-json\/wp\/v2\/comments?post=196610"}],"version-history":[{"count":0,"href":"https:\/\/aromasentia.com\/da\/wp-json\/wp\/v2\/product\/196610\/revisions"}],"wp:featuredmedia":[{"embeddable":true,"href":"https:\/\/aromasentia.com\/da\/wp-json\/wp\/v2\/media\/420216"}],"wp:attachment":[{"href":"https:\/\/aromasentia.com\/da\/wp-json\/wp\/v2\/media?parent=196610"}],"wp:term":[{"taxonomy":"product_brand","embeddable":true,"href":"https:\/\/aromasentia.com\/da\/wp-json\/wp\/v2\/product_brand?post=196610"},{"taxonomy":"product_cat","embeddable":true,"href":"https:\/\/aromasentia.com\/da\/wp-json\/wp\/v2\/product_cat?post=196610"},{"taxonomy":"product_tag","embeddable":true,"href":"https:\/\/aromasentia.com\/da\/wp-json\/wp\/v2\/product_tag?post=196610"}],"curies":[{"name":"wp","href":"https:\/\/api.w.org\/{rel}","templated":true}]}}