{"id":196601,"date":"2025-03-23T11:06:16","date_gmt":"2025-03-23T11:06:16","guid":{"rendered":"https:\/\/aromasentia.com\/product\/set-of-2-gemstones-friendship-bracelets-power-tiger-eye-black-stone\/"},"modified":"2025-06-22T02:55:47","modified_gmt":"2025-06-22T02:55:47","slug":"2stk-venskabs-armbaand-af-aedelsten-power-tigeroeje-og-sort-sten","status":"publish","type":"product","link":"https:\/\/aromasentia.com\/da\/2stk-venskabs-armbaand-af-aedelsten-power-tigeroeje-og-sort-sten\/","title":{"rendered":"2Stk. Venskabs Armb\u00e5nd Af \u00c6delsten &#8211; Power &#8211; Tiger\u00f8je Og Sort Sten"},"content":{"rendered":"<p>Giv et og behold et for at fejre et s\u00e6rligt venskabsb\u00e5nd + = symbol p\u00e5 forbindelse.<\/p>\n<p>Venskabsarmb\u00e5nd med \u00e6delsten. Hvert for at erkl\u00e6re et venskab &#8211; hver blanding af \u00e6delsten et forhold.<\/p>\n<p>S\u00e5 disse venskabsarmb\u00e5nd med \u00e6delsten findes i 8 designs, s\u00e5 du kan finde det perfekte par.<\/p>\n<p>Hvert s\u00e6t har et m\u00e6rke, der viser den type venskab, som \u00e6delstenen afspejler. S\u00e5 cool, s\u00e5 fantastisk&#8230; Du kan give et og beholde et for at fejre et s\u00e6rligt venskabsb\u00e5nd + = symbol p\u00e5 forbindelse.<\/p>\n<p><\/p>\n<p>Du skal ikke bekymre dig om, om de passer dig, da de str\u00e6kker sig &#8211; \u00e9n st\u00f8rrelse passer alle.<\/p>\n","protected":false},"excerpt":{"rendered":"<p>Giv et og behold et for at fejre et s\u00e6rligt venskabsb\u00e5nd + = symbol p\u00e5 forbindelse. Venskabsarmb\u00e5nd med \u00e6delsten. Hvert for at erkl\u00e6re et venskab &#8211; hver blanding af \u00e6delsten et forhold. S\u00e5 disse venskabsarmb\u00e5nd med \u00e6delsten findes i 8 designs, s\u00e5 du kan finde det perfekte par. Hvert s\u00e6t har et m\u00e6rke, der viser [&hellip;]<\/p>\n","protected":false},"featured_media":419799,"comment_status":"closed","ping_status":"open","template":"","meta":{"_angie_page":false},"product_brand":[],"product_cat":[25211,25222,5738,25781],"product_tag":[],"class_list":{"0":"post-196601","1":"product","2":"type-product","3":"status-publish","4":"has-post-thumbnail","6":"product_cat-armband-smykker-og-accessories","7":"product_cat-krystaller-og-sten","8":"product_cat-smykker-og-accessories","9":"product_cat-tigeroje","10":"pa_collection-set-of-2-friendship-bracelets-da","11":"pa_made-in-kina","13":"first","14":"instock","15":"purchasable","16":"product-type-simple"},"supplier_id":null,"supplier_sku":"FGB-03","barcode":null,"atum_controlled":true,"out_stock_date":null,"out_stock_threshold":null,"inheritable":false,"inbound_stock":null,"stock_on_hold":0,"sold_today":0,"sales_last_days":0,"reserved_stock":null,"customer_returns":null,"warehouse_damage":null,"lost_in_post":null,"other_logs":null,"out_stock_days":0,"lost_sales":0,"has_location":null,"update_date":"2026-04-27T07:03:05","atum_locations":[],"atum_stock_status":"instock","restock_status":false,"low_stock_amount":"","sales_update_date":"2025-09-03T00:16:48","calc_backorders":null,"_links":{"self":[{"href":"https:\/\/aromasentia.com\/da\/wp-json\/wp\/v2\/product\/196601","targetHints":{"allow":["GET"]}}],"collection":[{"href":"https:\/\/aromasentia.com\/da\/wp-json\/wp\/v2\/product"}],"about":[{"href":"https:\/\/aromasentia.com\/da\/wp-json\/wp\/v2\/types\/product"}],"replies":[{"embeddable":true,"href":"https:\/\/aromasentia.com\/da\/wp-json\/wp\/v2\/comments?post=196601"}],"version-history":[{"count":0,"href":"https:\/\/aromasentia.com\/da\/wp-json\/wp\/v2\/product\/196601\/revisions"}],"wp:featuredmedia":[{"embeddable":true,"href":"https:\/\/aromasentia.com\/da\/wp-json\/wp\/v2\/media\/419799"}],"wp:attachment":[{"href":"https:\/\/aromasentia.com\/da\/wp-json\/wp\/v2\/media?parent=196601"}],"wp:term":[{"taxonomy":"product_brand","embeddable":true,"href":"https:\/\/aromasentia.com\/da\/wp-json\/wp\/v2\/product_brand?post=196601"},{"taxonomy":"product_cat","embeddable":true,"href":"https:\/\/aromasentia.com\/da\/wp-json\/wp\/v2\/product_cat?post=196601"},{"taxonomy":"product_tag","embeddable":true,"href":"https:\/\/aromasentia.com\/da\/wp-json\/wp\/v2\/product_tag?post=196601"}],"curies":[{"name":"wp","href":"https:\/\/api.w.org\/{rel}","templated":true}]}}