{"id":196595,"date":"2025-03-23T11:06:24","date_gmt":"2025-03-23T11:06:24","guid":{"rendered":"https:\/\/aromasentia.com\/product\/gemstone-guardian-angel-pendant-rock-quartz\/"},"modified":"2025-06-22T02:55:44","modified_gmt":"2025-06-22T02:55:44","slug":"skytsengel-vedhaeng-stenkvarts","status":"publish","type":"product","link":"https:\/\/aromasentia.com\/da\/skytsengel-vedhaeng-stenkvarts\/","title":{"rendered":"Skytsengel Vedh\u00e6ng &#8211; Stenkvarts"},"content":{"rendered":"<p>Det uds\u00f8gte <strong>Gemstone Guardian Angel Vedh\u00e6ng i Rock Quartz<\/strong> er et betagende og spirituelt betydningsfuldt smykke, der udtrykker guddommelig beskyttelse og vejledning. Dette vedh\u00e6ng er designet til at bringe tr\u00f8st, positivitet og en f\u00f8lelse af forbindelse til h\u00f8jere riger.&nbsp;<\/p>\n<p>Gemstone Guardian Angel-vedh\u00e6nget har en poleret Rock Quartz-\u00e6delsten i form af en delikat engel. Den er kendt for sin klarhed og renhed, fremmer \u00e5ndelig v\u00e6kst, forst\u00e6rker positiv energi og giver en klar kanal for guddommelig kommunikation. Den menes at give beskyttelse, vejledning og en f\u00f8lelse af fred. Dette vedh\u00e6ng er ikke kun et fantastisk smykke, men har ogs\u00e5 en dyb symbolsk betydning. Det fungerer som en konstant p\u00e5mindelse om englenes tilstedev\u00e6relse og st\u00f8tten fra guddommelige v\u00e6sener i vores liv.<\/p>\n<p>Dette vedh\u00e6ng er et alsidigt tilbeh\u00f8r, der ubesv\u00e6ret g\u00e5r fra dag til aften, hvilket g\u00f8r det velegnet til enhver lejlighed.<\/p>\n<p>Leveres med en s\u00f8lvbelagt k\u00e6de, der er ca. 45 cm lang. Pakket i et smukt header card.&nbsp;<\/p>\n<p><em>St\u00f8rrelserne og formerne p\u00e5 krystallerne kan variere en smule, da hvert enkelt vedh\u00e6ng er h\u00e5ndlavet.<\/em><\/p>\n<p>Overrask dine kunder med dette yndige og unikke \u00e6delstenssmykke, k\u00e6rligt fremstillet i Indien. Velegnet til m\u00e6nd og kvinder,&nbsp;<\/p>\n<p><strong>En perfekt gave til enhver lejlighed. Bestil i dag<\/strong><\/p>\n","protected":false},"excerpt":{"rendered":"<p>Det uds\u00f8gte Gemstone Guardian Angel Vedh\u00e6ng i Rock Quartz er et betagende og spirituelt betydningsfuldt smykke, der udtrykker guddommelig beskyttelse og vejledning. Dette vedh\u00e6ng er designet til at bringe tr\u00f8st, positivitet og en f\u00f8lelse af forbindelse til h\u00f8jere riger.&nbsp; Gemstone Guardian Angel-vedh\u00e6nget har en poleret Rock Quartz-\u00e6delsten i form af en delikat engel. Den er [&hellip;]<\/p>\n","protected":false},"featured_media":422034,"comment_status":"closed","ping_status":"open","template":"","meta":{"_angie_page":false},"product_brand":[],"product_cat":[25212,25222,25736,5738],"product_tag":[],"class_list":{"0":"post-196595","1":"product","2":"type-product","3":"status-publish","4":"has-post-thumbnail","6":"product_cat-halskaeder-og-vedhaeng","7":"product_cat-krystaller-og-sten","8":"product_cat-kvarts","9":"product_cat-smykker-og-accessories","10":"pa_collection-indian-gemstone-pendant-jewellery-da","11":"pa_made-in-indien","13":"first","14":"instock","15":"purchasable","16":"product-type-simple"},"supplier_id":null,"supplier_sku":"GPJ-16","barcode":null,"atum_controlled":true,"out_stock_date":null,"out_stock_threshold":null,"inheritable":false,"inbound_stock":null,"stock_on_hold":0,"sold_today":0,"sales_last_days":0,"reserved_stock":null,"customer_returns":null,"warehouse_damage":null,"lost_in_post":null,"other_logs":null,"out_stock_days":0,"lost_sales":0,"has_location":null,"update_date":"2026-05-08T05:09:41","atum_locations":[],"atum_stock_status":"instock","restock_status":false,"low_stock_amount":"","sales_update_date":"2026-01-20T05:13:22","calc_backorders":null,"_links":{"self":[{"href":"https:\/\/aromasentia.com\/da\/wp-json\/wp\/v2\/product\/196595","targetHints":{"allow":["GET"]}}],"collection":[{"href":"https:\/\/aromasentia.com\/da\/wp-json\/wp\/v2\/product"}],"about":[{"href":"https:\/\/aromasentia.com\/da\/wp-json\/wp\/v2\/types\/product"}],"replies":[{"embeddable":true,"href":"https:\/\/aromasentia.com\/da\/wp-json\/wp\/v2\/comments?post=196595"}],"version-history":[{"count":0,"href":"https:\/\/aromasentia.com\/da\/wp-json\/wp\/v2\/product\/196595\/revisions"}],"wp:featuredmedia":[{"embeddable":true,"href":"https:\/\/aromasentia.com\/da\/wp-json\/wp\/v2\/media\/422034"}],"wp:attachment":[{"href":"https:\/\/aromasentia.com\/da\/wp-json\/wp\/v2\/media?parent=196595"}],"wp:term":[{"taxonomy":"product_brand","embeddable":true,"href":"https:\/\/aromasentia.com\/da\/wp-json\/wp\/v2\/product_brand?post=196595"},{"taxonomy":"product_cat","embeddable":true,"href":"https:\/\/aromasentia.com\/da\/wp-json\/wp\/v2\/product_cat?post=196595"},{"taxonomy":"product_tag","embeddable":true,"href":"https:\/\/aromasentia.com\/da\/wp-json\/wp\/v2\/product_tag?post=196595"}],"curies":[{"name":"wp","href":"https:\/\/api.w.org\/{rel}","templated":true}]}}