{"id":196592,"date":"2025-03-23T11:06:24","date_gmt":"2025-03-23T11:06:24","guid":{"rendered":"https:\/\/aromasentia.com\/product\/gemstone-healing-hands-pendant-amethyst\/"},"modified":"2025-06-22T02:55:43","modified_gmt":"2025-06-22T02:55:43","slug":"healing-hands-vedhaeng-ametyst","status":"publish","type":"product","link":"https:\/\/aromasentia.com\/da\/healing-hands-vedhaeng-ametyst\/","title":{"rendered":"Healing Hands Vedh\u00e6ng &#8211; Ametyst"},"content":{"rendered":"<p>Det uds\u00f8gte <strong>Gemstone Healing Hands Vedh\u00e6ng i Amethyst<\/strong> er et fantastisk og spirituelt betydningsfuldt smykke, der legemligg\u00f8r kraften i healing og spirituel v\u00e6kst. Dette vedh\u00e6ng er designet til at fremme indre fred, klarhed og forbindelse.&nbsp;<\/p>\n<p>Gemstone Healing Hands Vedh\u00e6ng har en poleret ametyst \u00e6delsten i en kugleform. Den er kendt for sine fortryllende lilla nuancer og menes at have st\u00e6rke spirituelle egenskaber, der fremmer ro, intuition og spirituel opv\u00e5gning. Den forbindes ofte med renselse, beskyttelse og \u00f8get \u00e5ndelig bevidsthed. Dette vedh\u00e6ng er ikke kun et fantastisk smykke, men har ogs\u00e5 en dyb symbolsk betydning. Det fungerer som en konstant p\u00e5mindelse om healingens transformerende kraft og vigtigheden af spirituelle forbindelser i vores liv.&nbsp;<\/p>\n<p>Dette vedh\u00e6ng er et alsidigt tilbeh\u00f8r, der ubesv\u00e6ret g\u00e5r fra dag til aften, hvilket g\u00f8r det velegnet til enhver lejlighed.<\/p>\n<p>Leveres med en s\u00f8lvbelagt k\u00e6de, der er ca. 45 cm lang. Pakket i et smukt header card.&nbsp;<\/p>\n<p><em>St\u00f8rrelserne og formerne p\u00e5 krystallerne kan variere en smule, da hvert enkelt vedh\u00e6ng er h\u00e5ndlavet.<\/em><\/p>\n<p>Overrask dine kunder med dette yndige og unikke \u00e6delstenssmykke, k\u00e6rligt fremstillet i Indien. Velegnet til m\u00e6nd og kvinder,&nbsp;<\/p>\n<p><strong>En perfekt gave til enhver lejlighed. Bestil i dag<\/strong><\/p>\n","protected":false},"excerpt":{"rendered":"<p>Det uds\u00f8gte Gemstone Healing Hands Vedh\u00e6ng i Amethyst er et fantastisk og spirituelt betydningsfuldt smykke, der legemligg\u00f8r kraften i healing og spirituel v\u00e6kst. Dette vedh\u00e6ng er designet til at fremme indre fred, klarhed og forbindelse.&nbsp; Gemstone Healing Hands Vedh\u00e6ng har en poleret ametyst \u00e6delsten i en kugleform. Den er kendt for sine fortryllende lilla nuancer [&hellip;]<\/p>\n","protected":false},"featured_media":421863,"comment_status":"closed","ping_status":"open","template":"","meta":{"_angie_page":false},"product_brand":[],"product_cat":[25544,25212,25222,5738],"product_tag":[],"class_list":{"0":"post-196592","1":"product","2":"type-product","3":"status-publish","4":"has-post-thumbnail","6":"product_cat-ametyst","7":"product_cat-halskaeder-og-vedhaeng","8":"product_cat-krystaller-og-sten","9":"product_cat-smykker-og-accessories","10":"pa_collection-indian-gemstone-pendant-jewellery-da","11":"pa_made-in-indien","13":"first","14":"instock","15":"purchasable","16":"product-type-simple"},"supplier_id":null,"supplier_sku":"GPJ-13","barcode":null,"atum_controlled":true,"out_stock_date":null,"out_stock_threshold":null,"inheritable":false,"inbound_stock":null,"stock_on_hold":0,"sold_today":0,"sales_last_days":0,"reserved_stock":null,"customer_returns":null,"warehouse_damage":null,"lost_in_post":null,"other_logs":null,"out_stock_days":0,"lost_sales":0,"has_location":null,"update_date":"2026-05-08T05:09:41","atum_locations":[],"atum_stock_status":"instock","restock_status":false,"low_stock_amount":"","sales_update_date":"2026-02-06T00:02:23","calc_backorders":null,"_links":{"self":[{"href":"https:\/\/aromasentia.com\/da\/wp-json\/wp\/v2\/product\/196592","targetHints":{"allow":["GET"]}}],"collection":[{"href":"https:\/\/aromasentia.com\/da\/wp-json\/wp\/v2\/product"}],"about":[{"href":"https:\/\/aromasentia.com\/da\/wp-json\/wp\/v2\/types\/product"}],"replies":[{"embeddable":true,"href":"https:\/\/aromasentia.com\/da\/wp-json\/wp\/v2\/comments?post=196592"}],"version-history":[{"count":0,"href":"https:\/\/aromasentia.com\/da\/wp-json\/wp\/v2\/product\/196592\/revisions"}],"wp:featuredmedia":[{"embeddable":true,"href":"https:\/\/aromasentia.com\/da\/wp-json\/wp\/v2\/media\/421863"}],"wp:attachment":[{"href":"https:\/\/aromasentia.com\/da\/wp-json\/wp\/v2\/media?parent=196592"}],"wp:term":[{"taxonomy":"product_brand","embeddable":true,"href":"https:\/\/aromasentia.com\/da\/wp-json\/wp\/v2\/product_brand?post=196592"},{"taxonomy":"product_cat","embeddable":true,"href":"https:\/\/aromasentia.com\/da\/wp-json\/wp\/v2\/product_cat?post=196592"},{"taxonomy":"product_tag","embeddable":true,"href":"https:\/\/aromasentia.com\/da\/wp-json\/wp\/v2\/product_tag?post=196592"}],"curies":[{"name":"wp","href":"https:\/\/api.w.org\/{rel}","templated":true}]}}