{"id":196590,"date":"2025-03-23T11:06:24","date_gmt":"2025-03-23T11:06:24","guid":{"rendered":"https:\/\/aromasentia.com\/product\/gemstone-healing-hands-pendant-rock-quartz\/"},"modified":"2025-06-22T02:55:42","modified_gmt":"2025-06-22T02:55:42","slug":"healing-hands-vedhaeng-klippekvarts","status":"publish","type":"product","link":"https:\/\/aromasentia.com\/da\/healing-hands-vedhaeng-klippekvarts\/","title":{"rendered":"Healing Hands Vedh\u00e6ng &#8211; Klippekvarts"},"content":{"rendered":"<p>Det uds\u00f8gte <strong>Gemstone Healing Hands Vedh\u00e6ng i Rock Quartz<\/strong> er et virkelig fortryllende smykke, der legemligg\u00f8r de helbredende og afbalancerende egenskaber ved b\u00e5de \u00e6delstenen og det symbol, den repr\u00e6senterer. Dette vedh\u00e6ng er designet til at fremme velv\u00e6re og tjene som en smuk p\u00e5mindelse om helingens kraft.&nbsp;<\/p>\n<p>\u00c6delstensvedh\u00e6nget Healing Hands har en poleret sten i form af en stenkvarts i en kugle. Klippekvarts er kendt for sin klarhed og renhed og menes at have helbredende egenskaber og fremme et positivt energistr\u00f8m. Dette vedh\u00e6ng er ikke kun et fantastisk smykke, men har ogs\u00e5 en dyb symbolsk betydning. Det fungerer som en p\u00e5mindelse om den helbredende kraft, der findes i os alle, og opmuntrer til en f\u00f8lelse af samh\u00f8righed, empati og indre harmoni.&nbsp;<\/p>\n<p>Dette vedh\u00e6ng er et alsidigt tilbeh\u00f8r, der ubesv\u00e6ret g\u00e5r fra dag til aften, hvilket g\u00f8r det velegnet til enhver lejlighed.<\/p>\n<p>Leveres med en s\u00f8lvbelagt k\u00e6de, der er ca. 45 cm lang. Pakket i et smukt header card.&nbsp;<\/p>\n<p><em>St\u00f8rrelserne og formerne p\u00e5 krystallerne kan variere en smule, da hvert enkelt vedh\u00e6ng er h\u00e5ndlavet.<\/em><\/p>\n<p>Overrask dine kunder med dette yndige og unikke \u00e6delstenssmykke, k\u00e6rligt fremstillet i Indien. Velegnet til m\u00e6nd og kvinder,&nbsp;<\/p>\n<p><strong>En perfekt gave til enhver lejlighed. Bestil i dag<\/strong><\/p>\n","protected":false},"excerpt":{"rendered":"<p>Det uds\u00f8gte Gemstone Healing Hands Vedh\u00e6ng i Rock Quartz er et virkelig fortryllende smykke, der legemligg\u00f8r de helbredende og afbalancerende egenskaber ved b\u00e5de \u00e6delstenen og det symbol, den repr\u00e6senterer. Dette vedh\u00e6ng er designet til at fremme velv\u00e6re og tjene som en smuk p\u00e5mindelse om helingens kraft.&nbsp; \u00c6delstensvedh\u00e6nget Healing Hands har en poleret sten i form [&hellip;]<\/p>\n","protected":false},"featured_media":421749,"comment_status":"closed","ping_status":"open","template":"","meta":{"_angie_page":false},"product_brand":[],"product_cat":[25212,25222,25736,5738],"product_tag":[],"class_list":{"0":"post-196590","1":"product","2":"type-product","3":"status-publish","4":"has-post-thumbnail","6":"product_cat-halskaeder-og-vedhaeng","7":"product_cat-krystaller-og-sten","8":"product_cat-kvarts","9":"product_cat-smykker-og-accessories","10":"pa_collection-indian-gemstone-pendant-jewellery-da","11":"pa_made-in-indien","13":"first","14":"instock","15":"purchasable","16":"product-type-simple"},"supplier_id":null,"supplier_sku":"GPJ-11","barcode":null,"atum_controlled":true,"out_stock_date":null,"out_stock_threshold":null,"inheritable":false,"inbound_stock":null,"stock_on_hold":0,"sold_today":0,"sales_last_days":0,"reserved_stock":null,"customer_returns":null,"warehouse_damage":null,"lost_in_post":null,"other_logs":null,"out_stock_days":0,"lost_sales":0,"has_location":null,"update_date":"2026-05-08T05:09:41","atum_locations":[],"atum_stock_status":"instock","restock_status":false,"low_stock_amount":"","sales_update_date":"2026-01-20T05:14:27","calc_backorders":null,"_links":{"self":[{"href":"https:\/\/aromasentia.com\/da\/wp-json\/wp\/v2\/product\/196590","targetHints":{"allow":["GET"]}}],"collection":[{"href":"https:\/\/aromasentia.com\/da\/wp-json\/wp\/v2\/product"}],"about":[{"href":"https:\/\/aromasentia.com\/da\/wp-json\/wp\/v2\/types\/product"}],"replies":[{"embeddable":true,"href":"https:\/\/aromasentia.com\/da\/wp-json\/wp\/v2\/comments?post=196590"}],"version-history":[{"count":0,"href":"https:\/\/aromasentia.com\/da\/wp-json\/wp\/v2\/product\/196590\/revisions"}],"wp:featuredmedia":[{"embeddable":true,"href":"https:\/\/aromasentia.com\/da\/wp-json\/wp\/v2\/media\/421749"}],"wp:attachment":[{"href":"https:\/\/aromasentia.com\/da\/wp-json\/wp\/v2\/media?parent=196590"}],"wp:term":[{"taxonomy":"product_brand","embeddable":true,"href":"https:\/\/aromasentia.com\/da\/wp-json\/wp\/v2\/product_brand?post=196590"},{"taxonomy":"product_cat","embeddable":true,"href":"https:\/\/aromasentia.com\/da\/wp-json\/wp\/v2\/product_cat?post=196590"},{"taxonomy":"product_tag","embeddable":true,"href":"https:\/\/aromasentia.com\/da\/wp-json\/wp\/v2\/product_tag?post=196590"}],"curies":[{"name":"wp","href":"https:\/\/api.w.org\/{rel}","templated":true}]}}