{"id":196589,"date":"2025-03-23T11:06:24","date_gmt":"2025-03-23T11:06:24","guid":{"rendered":"https:\/\/aromasentia.com\/product\/gemstone-flat-pencil-pendant-black-agate\/"},"modified":"2025-06-22T02:55:42","modified_gmt":"2025-06-22T02:55:42","slug":"vedhaeng-flad-blyant-sort-agat","status":"publish","type":"product","link":"https:\/\/aromasentia.com\/da\/vedhaeng-flad-blyant-sort-agat\/","title":{"rendered":"Vedh\u00e6ng Flad Blyant &#8211; Sort Agat"},"content":{"rendered":"<p>Det uds\u00f8gte <strong>Gemstone Flat Pencil Pendant i Black Agate<\/strong> er et fantastisk smykke, der kombinerer tidl\u00f8s elegance med et strejf af mystik. Dette vedh\u00e6ng er designet til at udstr\u00e5le raffinement og tilf\u00f8je et element af intriger til ethvert ensemble.&nbsp;<\/p>\n<p>Gemstone Flat Pencil Vedh\u00e6ng har en poleret Black Agate \u00e6delsten i en slank og spinkel blyantform. Med sin dybe sorte farve og glatte tekstur symboliserer sort agat styrke, beskyttelse og jordforbindelse. Den menes at fremme indre stabilitet, afv\u00e6rge negativ energi og styrke selvtilliden. Dette vedh\u00e6ng er en alsidig accessory, der ubesv\u00e6ret g\u00e5r fra dag til aften, hvilket g\u00f8r den velegnet til enhver lejlighed.&nbsp;<\/p>\n<p>Leveres med en s\u00f8lvbelagt k\u00e6de, ca. 45 cm lang. Pakket i et smukt header card.&nbsp;<\/p>\n<p><em>St\u00f8rrelserne og formerne p\u00e5 krystallerne kan variere en smule, da hvert enkelt vedh\u00e6ng er h\u00e5ndlavet.<\/em><\/p>\n<p>Overrask dine kunder med dette yndige og unikke \u00e6delstenssmykke, der er fremstillet med k\u00e6rlighed i Indien. Velegnet til m\u00e6nd og kvinder,&nbsp;<\/p>\n<p><strong>En perfekt gave til enhver lejlighed. Bestil i dag<\/strong><\/p>\n","protected":false},"excerpt":{"rendered":"<p>Det uds\u00f8gte Gemstone Flat Pencil Pendant i Black Agate er et fantastisk smykke, der kombinerer tidl\u00f8s elegance med et strejf af mystik. Dette vedh\u00e6ng er designet til at udstr\u00e5le raffinement og tilf\u00f8je et element af intriger til ethvert ensemble.&nbsp; Gemstone Flat Pencil Vedh\u00e6ng har en poleret Black Agate \u00e6delsten i en slank og spinkel blyantform. [&hellip;]<\/p>\n","protected":false},"featured_media":421700,"comment_status":"closed","ping_status":"open","template":"","meta":[],"product_brand":[],"product_cat":[25537,25212,25222,5738],"product_tag":[],"class_list":{"0":"post-196589","1":"product","2":"type-product","3":"status-publish","4":"has-post-thumbnail","6":"product_cat-achat","7":"product_cat-halskaeder-og-vedhaeng","8":"product_cat-krystaller-og-sten","9":"product_cat-smykker-og-accessories","10":"pa_collection-indian-gemstone-pendant-jewellery-da","11":"pa_made-in-indien","13":"first","14":"instock","15":"purchasable","16":"product-type-simple"},"supplier_id":null,"supplier_sku":"GPJ-10","barcode":null,"atum_controlled":true,"out_stock_date":null,"out_stock_threshold":null,"inheritable":false,"inbound_stock":null,"stock_on_hold":0,"sold_today":0,"sales_last_days":0,"reserved_stock":null,"customer_returns":null,"warehouse_damage":null,"lost_in_post":null,"other_logs":null,"out_stock_days":0,"lost_sales":0,"has_location":null,"update_date":"2026-02-06T03:24:35","atum_locations":[],"atum_stock_status":"instock","restock_status":false,"low_stock_amount":"","sales_update_date":"2026-01-30T01:25:50","calc_backorders":null,"_links":{"self":[{"href":"https:\/\/aromasentia.com\/da\/wp-json\/wp\/v2\/product\/196589","targetHints":{"allow":["GET"]}}],"collection":[{"href":"https:\/\/aromasentia.com\/da\/wp-json\/wp\/v2\/product"}],"about":[{"href":"https:\/\/aromasentia.com\/da\/wp-json\/wp\/v2\/types\/product"}],"replies":[{"embeddable":true,"href":"https:\/\/aromasentia.com\/da\/wp-json\/wp\/v2\/comments?post=196589"}],"version-history":[{"count":0,"href":"https:\/\/aromasentia.com\/da\/wp-json\/wp\/v2\/product\/196589\/revisions"}],"wp:featuredmedia":[{"embeddable":true,"href":"https:\/\/aromasentia.com\/da\/wp-json\/wp\/v2\/media\/421700"}],"wp:attachment":[{"href":"https:\/\/aromasentia.com\/da\/wp-json\/wp\/v2\/media?parent=196589"}],"wp:term":[{"taxonomy":"product_brand","embeddable":true,"href":"https:\/\/aromasentia.com\/da\/wp-json\/wp\/v2\/product_brand?post=196589"},{"taxonomy":"product_cat","embeddable":true,"href":"https:\/\/aromasentia.com\/da\/wp-json\/wp\/v2\/product_cat?post=196589"},{"taxonomy":"product_tag","embeddable":true,"href":"https:\/\/aromasentia.com\/da\/wp-json\/wp\/v2\/product_tag?post=196589"}],"curies":[{"name":"wp","href":"https:\/\/api.w.org\/{rel}","templated":true}]}}