{"id":196587,"date":"2025-03-23T11:06:24","date_gmt":"2025-03-23T11:06:24","guid":{"rendered":"https:\/\/aromasentia.com\/product\/gemstone-flat-pencil-pendant-amethyst\/"},"modified":"2025-06-22T02:55:41","modified_gmt":"2025-06-22T02:55:41","slug":"vedhaeng-flad-blyant-ametyst","status":"publish","type":"product","link":"https:\/\/aromasentia.com\/da\/vedhaeng-flad-blyant-ametyst\/","title":{"rendered":"Vedh\u00e6ng Flad Blyant &#8211; Ametyst"},"content":{"rendered":"<p>Det uds\u00f8gte <strong>Gemstone Flat Pencil Pendant i Amethyst<\/strong> er et storsl\u00e5et smykke, der udtrykker \u00e5ndelighed, visdom og indre fred. Dette vedh\u00e6ng er designet til at l\u00f8fte ethvert ensemble og udstr\u00e5le en aura af elegance og mystik.&nbsp;<\/p>\n<p>Gemstone Flat Pencil-vedh\u00e6nget har en poleret ametyst-\u00e6delsten i en slank og spinkel blyantform. Ametyst er kendt for sine fortryllende lilla nuancer og menes at styrke \u00e5ndelig v\u00e6kst, fremme klarhed i sindet og give en f\u00f8lelse af ro og fred. Dens fascinerende farve og gennemskinnelige kvalitet g\u00f8r den til en f\u00e6ngslende \u00e6delsten, der udstr\u00e5ler en f\u00f8lelse af mystik og raffinement. Dette vedh\u00e6ng er en alsidig accessory, der ubesv\u00e6ret g\u00e5r fra dag til aften, hvilket g\u00f8r den velegnet til enhver lejlighed.&nbsp;<\/p>\n<p>Leveres med en s\u00f8lvbelagt k\u00e6de, ca. 45 cm lang. Pakket i et smukt header card.&nbsp;<\/p>\n<p><em>St\u00f8rrelserne og formerne p\u00e5 krystallerne kan variere en smule, da hvert enkelt vedh\u00e6ng er h\u00e5ndlavet.<\/em><\/p>\n<p>Overrask dine kunder med dette yndige og unikke \u00e6delstenssmykke, k\u00e6rligt fremstillet i Indien. Velegnet til m\u00e6nd og kvinder,&nbsp;<\/p>\n<p><strong>En perfekt gave til enhver lejlighed. Bestil i dag<\/strong><\/p>\n","protected":false},"excerpt":{"rendered":"<p>Det uds\u00f8gte Gemstone Flat Pencil Pendant i Amethyst er et storsl\u00e5et smykke, der udtrykker \u00e5ndelighed, visdom og indre fred. Dette vedh\u00e6ng er designet til at l\u00f8fte ethvert ensemble og udstr\u00e5le en aura af elegance og mystik.&nbsp; Gemstone Flat Pencil-vedh\u00e6nget har en poleret ametyst-\u00e6delsten i en slank og spinkel blyantform. Ametyst er kendt for sine fortryllende [&hellip;]<\/p>\n","protected":false},"featured_media":421594,"comment_status":"closed","ping_status":"open","template":"","meta":{"_angie_page":false},"product_brand":[],"product_cat":[25544,25212,25222,5738],"product_tag":[],"class_list":{"0":"post-196587","1":"product","2":"type-product","3":"status-publish","4":"has-post-thumbnail","6":"product_cat-ametyst","7":"product_cat-halskaeder-og-vedhaeng","8":"product_cat-krystaller-og-sten","9":"product_cat-smykker-og-accessories","10":"pa_collection-indian-gemstone-pendant-jewellery-da","11":"pa_made-in-indien","13":"first","14":"instock","15":"purchasable","16":"product-type-simple"},"supplier_id":null,"supplier_sku":"GPJ-08","barcode":null,"atum_controlled":true,"out_stock_date":null,"out_stock_threshold":null,"inheritable":false,"inbound_stock":null,"stock_on_hold":0,"sold_today":0,"sales_last_days":0,"reserved_stock":null,"customer_returns":null,"warehouse_damage":null,"lost_in_post":null,"other_logs":null,"out_stock_days":0,"lost_sales":0,"has_location":null,"update_date":"2026-05-08T05:09:40","atum_locations":[],"atum_stock_status":"instock","restock_status":false,"low_stock_amount":"","sales_update_date":"2025-09-03T00:16:45","calc_backorders":null,"_links":{"self":[{"href":"https:\/\/aromasentia.com\/da\/wp-json\/wp\/v2\/product\/196587","targetHints":{"allow":["GET"]}}],"collection":[{"href":"https:\/\/aromasentia.com\/da\/wp-json\/wp\/v2\/product"}],"about":[{"href":"https:\/\/aromasentia.com\/da\/wp-json\/wp\/v2\/types\/product"}],"replies":[{"embeddable":true,"href":"https:\/\/aromasentia.com\/da\/wp-json\/wp\/v2\/comments?post=196587"}],"version-history":[{"count":0,"href":"https:\/\/aromasentia.com\/da\/wp-json\/wp\/v2\/product\/196587\/revisions"}],"wp:featuredmedia":[{"embeddable":true,"href":"https:\/\/aromasentia.com\/da\/wp-json\/wp\/v2\/media\/421594"}],"wp:attachment":[{"href":"https:\/\/aromasentia.com\/da\/wp-json\/wp\/v2\/media?parent=196587"}],"wp:term":[{"taxonomy":"product_brand","embeddable":true,"href":"https:\/\/aromasentia.com\/da\/wp-json\/wp\/v2\/product_brand?post=196587"},{"taxonomy":"product_cat","embeddable":true,"href":"https:\/\/aromasentia.com\/da\/wp-json\/wp\/v2\/product_cat?post=196587"},{"taxonomy":"product_tag","embeddable":true,"href":"https:\/\/aromasentia.com\/da\/wp-json\/wp\/v2\/product_tag?post=196587"}],"curies":[{"name":"wp","href":"https:\/\/api.w.org\/{rel}","templated":true}]}}