{"id":196586,"date":"2025-03-23T11:06:24","date_gmt":"2025-03-23T11:06:24","guid":{"rendered":"https:\/\/aromasentia.com\/product\/gemstone-flat-pencil-pendant-rose-quartz\/"},"modified":"2025-06-22T02:55:41","modified_gmt":"2025-06-22T02:55:41","slug":"vedhaeng-flad-blyant-rosakvarts","status":"publish","type":"product","link":"https:\/\/aromasentia.com\/da\/vedhaeng-flad-blyant-rosakvarts\/","title":{"rendered":"Vedh\u00e6ng Flad Blyant &#8211; Rosakvarts"},"content":{"rendered":"<p>Det uds\u00f8gte <strong>Gemstone Flat Pencil Vedh\u00e6ng i Rose Quartz<\/strong> er et storsl\u00e5et smykke, der udtrykker essensen af k\u00e6rlighed, sk\u00f8nhed og harmoni. Dette vedh\u00e6ng er designet til at forbedre enhver p\u00e5kl\u00e6dning og udstr\u00e5le en aura af elegance og ynde.&nbsp;<\/p>\n<p>Gemstone Flat Pencil-vedh\u00e6nget har en poleret rosakvarts-\u00e6delsten i en slank og spinkel blyantform. Rosakvarts er kendt som den ubetingede k\u00e6rligheds sten og udstr\u00e5ler en blid rosa nuance, der symboliserer medf\u00f8lelse, harmoni og f\u00f8lelsesm\u00e6ssig helbredelse. Dens sarte farve og gennemskinnelige natur g\u00f8r den til en virkelig f\u00e6ngslende \u00e6delsten, der udstr\u00e5ler en f\u00f8lelse af \u00f8mhed og ro. Dette vedh\u00e6ng er en alsidig accessory, der ubesv\u00e6ret g\u00e5r fra dag til aften, hvilket g\u00f8r den velegnet til enhver lejlighed.&nbsp;<\/p>\n<p>Leveres med en s\u00f8lvbelagt k\u00e6de, ca. 45 cm lang. Pakket i et smukt header card.&nbsp;<\/p>\n<p><em>St\u00f8rrelserne og formerne p\u00e5 krystallerne kan variere en smule, da hvert enkelt vedh\u00e6ng er h\u00e5ndlavet.<\/em><\/p>\n<p>Overrask dine kunder med dette yndige og unikke \u00e6delstenssmykke, k\u00e6rligt fremstillet i Indien. Velegnet til m\u00e6nd og kvinder,&nbsp;<\/p>\n<p><strong>En perfekt gave til enhver lejlighed. Bestil i dag<\/strong><\/p>\n","protected":false},"excerpt":{"rendered":"<p>Det uds\u00f8gte Gemstone Flat Pencil Vedh\u00e6ng i Rose Quartz er et storsl\u00e5et smykke, der udtrykker essensen af k\u00e6rlighed, sk\u00f8nhed og harmoni. Dette vedh\u00e6ng er designet til at forbedre enhver p\u00e5kl\u00e6dning og udstr\u00e5le en aura af elegance og ynde.&nbsp; Gemstone Flat Pencil-vedh\u00e6nget har en poleret rosakvarts-\u00e6delsten i en slank og spinkel blyantform. Rosakvarts er kendt som [&hellip;]<\/p>\n","protected":false},"featured_media":421537,"comment_status":"closed","ping_status":"open","template":"","meta":{"_angie_page":false},"product_brand":[],"product_cat":[25212,25222,25736,25747,5738],"product_tag":[],"class_list":{"0":"post-196586","1":"product","2":"type-product","3":"status-publish","4":"has-post-thumbnail","6":"product_cat-halskaeder-og-vedhaeng","7":"product_cat-krystaller-og-sten","8":"product_cat-kvarts","9":"product_cat-rosenkvarts","10":"product_cat-smykker-og-accessories","11":"pa_collection-indian-gemstone-pendant-jewellery-da","12":"pa_made-in-indien","14":"first","15":"instock","16":"purchasable","17":"product-type-simple"},"supplier_id":null,"supplier_sku":"GPJ-07","barcode":null,"atum_controlled":true,"out_stock_date":null,"out_stock_threshold":null,"inheritable":false,"inbound_stock":null,"stock_on_hold":0,"sold_today":0,"sales_last_days":0,"reserved_stock":null,"customer_returns":null,"warehouse_damage":null,"lost_in_post":null,"other_logs":null,"out_stock_days":0,"lost_sales":0,"has_location":null,"update_date":"2026-05-08T05:09:40","atum_locations":[],"atum_stock_status":"instock","restock_status":false,"low_stock_amount":"","sales_update_date":"2026-01-30T01:25:50","calc_backorders":null,"_links":{"self":[{"href":"https:\/\/aromasentia.com\/da\/wp-json\/wp\/v2\/product\/196586","targetHints":{"allow":["GET"]}}],"collection":[{"href":"https:\/\/aromasentia.com\/da\/wp-json\/wp\/v2\/product"}],"about":[{"href":"https:\/\/aromasentia.com\/da\/wp-json\/wp\/v2\/types\/product"}],"replies":[{"embeddable":true,"href":"https:\/\/aromasentia.com\/da\/wp-json\/wp\/v2\/comments?post=196586"}],"version-history":[{"count":0,"href":"https:\/\/aromasentia.com\/da\/wp-json\/wp\/v2\/product\/196586\/revisions"}],"wp:featuredmedia":[{"embeddable":true,"href":"https:\/\/aromasentia.com\/da\/wp-json\/wp\/v2\/media\/421537"}],"wp:attachment":[{"href":"https:\/\/aromasentia.com\/da\/wp-json\/wp\/v2\/media?parent=196586"}],"wp:term":[{"taxonomy":"product_brand","embeddable":true,"href":"https:\/\/aromasentia.com\/da\/wp-json\/wp\/v2\/product_brand?post=196586"},{"taxonomy":"product_cat","embeddable":true,"href":"https:\/\/aromasentia.com\/da\/wp-json\/wp\/v2\/product_cat?post=196586"},{"taxonomy":"product_tag","embeddable":true,"href":"https:\/\/aromasentia.com\/da\/wp-json\/wp\/v2\/product_tag?post=196586"}],"curies":[{"name":"wp","href":"https:\/\/api.w.org\/{rel}","templated":true}]}}