{"id":196585,"date":"2025-03-23T11:06:24","date_gmt":"2025-03-23T11:06:24","guid":{"rendered":"https:\/\/aromasentia.com\/product\/gemstone-flat-pencil-pendant-rock-quartz\/"},"modified":"2025-06-22T02:55:40","modified_gmt":"2025-06-22T02:55:40","slug":"vedhaeng-flad-blyant-klippekvarts","status":"publish","type":"product","link":"https:\/\/aromasentia.com\/da\/vedhaeng-flad-blyant-klippekvarts\/","title":{"rendered":"Vedh\u00e6ng Flad Blyant &#8211; Klippekvarts"},"content":{"rendered":"<p>Det uds\u00f8gte <strong>Gemstone Flat Pencil vedh\u00e6ng i Rock Quartz&nbsp;<\/strong>er et fantastisk smykke, der kombinerer naturlig sk\u00f8nhed med tidl\u00f8s elegance. Dette vedh\u00e6ng er designet til at fange sanserne og forbedre ethvert outfit med sin str\u00e5lende tilstedev\u00e6relse.<\/p>\n<p>Gemstone Flat Pencil Vedh\u00e6ng har en poleret Rock Quartz \u00e6delsten i en slank og spinkel blyantform. Klippekvarts er kendt for sin klarhed og renhed og menes at have helbredende egenskaber og fremme et positivt energistr\u00f8m. Vedh\u00e6nget er et alsidigt tilbeh\u00f8r, som uden problemer kan bruges fra dag til aften, hvilket g\u00f8r det velegnet til enhver lejlighed.&nbsp;<\/p>\n<p>Leveres med en s\u00f8lvbelagt k\u00e6de, som er ca. 45 cm lang. Pakket i et smukt header card.&nbsp;<\/p>\n<p><em>St\u00f8rrelserne og formerne p\u00e5 krystallerne kan variere en smule, da hvert enkelt vedh\u00e6ng er h\u00e5ndlavet.<\/em><\/p>\n<p>Overrask dine kunder med dette yndige og unikke \u00e6delstenssmykke, k\u00e6rligt fremstillet i Indien. Velegnet til m\u00e6nd og kvinder,&nbsp;<\/p>\n<p><strong>En perfekt gave til enhver lejlighed. Bestil i dag<\/strong><\/p>\n","protected":false},"excerpt":{"rendered":"<p>Det uds\u00f8gte Gemstone Flat Pencil vedh\u00e6ng i Rock Quartz&nbsp;er et fantastisk smykke, der kombinerer naturlig sk\u00f8nhed med tidl\u00f8s elegance. Dette vedh\u00e6ng er designet til at fange sanserne og forbedre ethvert outfit med sin str\u00e5lende tilstedev\u00e6relse. Gemstone Flat Pencil Vedh\u00e6ng har en poleret Rock Quartz \u00e6delsten i en slank og spinkel blyantform. Klippekvarts er kendt for [&hellip;]<\/p>\n","protected":false},"featured_media":421488,"comment_status":"closed","ping_status":"open","template":"","meta":{"_angie_page":false},"product_brand":[],"product_cat":[25212,25222,25736,5738],"product_tag":[],"class_list":{"0":"post-196585","1":"product","2":"type-product","3":"status-publish","4":"has-post-thumbnail","6":"product_cat-halskaeder-og-vedhaeng","7":"product_cat-krystaller-og-sten","8":"product_cat-kvarts","9":"product_cat-smykker-og-accessories","10":"pa_collection-indian-gemstone-pendant-jewellery-da","11":"pa_made-in-indien","13":"first","14":"instock","15":"purchasable","16":"product-type-simple"},"supplier_id":null,"supplier_sku":"GPJ-06","barcode":null,"atum_controlled":true,"out_stock_date":null,"out_stock_threshold":null,"inheritable":false,"inbound_stock":null,"stock_on_hold":0,"sold_today":0,"sales_last_days":0,"reserved_stock":null,"customer_returns":null,"warehouse_damage":null,"lost_in_post":null,"other_logs":null,"out_stock_days":0,"lost_sales":0,"has_location":null,"update_date":"2026-05-08T05:09:40","atum_locations":[],"atum_stock_status":"instock","restock_status":false,"low_stock_amount":"","sales_update_date":"2026-01-20T05:14:27","calc_backorders":null,"_links":{"self":[{"href":"https:\/\/aromasentia.com\/da\/wp-json\/wp\/v2\/product\/196585","targetHints":{"allow":["GET"]}}],"collection":[{"href":"https:\/\/aromasentia.com\/da\/wp-json\/wp\/v2\/product"}],"about":[{"href":"https:\/\/aromasentia.com\/da\/wp-json\/wp\/v2\/types\/product"}],"replies":[{"embeddable":true,"href":"https:\/\/aromasentia.com\/da\/wp-json\/wp\/v2\/comments?post=196585"}],"version-history":[{"count":0,"href":"https:\/\/aromasentia.com\/da\/wp-json\/wp\/v2\/product\/196585\/revisions"}],"wp:featuredmedia":[{"embeddable":true,"href":"https:\/\/aromasentia.com\/da\/wp-json\/wp\/v2\/media\/421488"}],"wp:attachment":[{"href":"https:\/\/aromasentia.com\/da\/wp-json\/wp\/v2\/media?parent=196585"}],"wp:term":[{"taxonomy":"product_brand","embeddable":true,"href":"https:\/\/aromasentia.com\/da\/wp-json\/wp\/v2\/product_brand?post=196585"},{"taxonomy":"product_cat","embeddable":true,"href":"https:\/\/aromasentia.com\/da\/wp-json\/wp\/v2\/product_cat?post=196585"},{"taxonomy":"product_tag","embeddable":true,"href":"https:\/\/aromasentia.com\/da\/wp-json\/wp\/v2\/product_tag?post=196585"}],"curies":[{"name":"wp","href":"https:\/\/api.w.org\/{rel}","templated":true}]}}