{"id":196575,"date":"2025-03-23T11:06:24","date_gmt":"2025-03-23T11:06:24","guid":{"rendered":"https:\/\/aromasentia.com\/product\/lava-stone-bracelet-buddha-chakra\/"},"modified":"2025-06-22T02:55:34","modified_gmt":"2025-06-22T02:55:34","slug":"lavasten-armbaand-buddha-chakra","status":"publish","type":"product","link":"https:\/\/aromasentia.com\/da\/lavasten-armbaand-buddha-chakra\/","title":{"rendered":"Lavasten Armb\u00e5nd &#8211; Buddha Chakra"},"content":{"rendered":"<p>Med et udvalg af smukke \u00e6delsten. Der er i \u00f8jeblikket 11 designs, s\u00e5 du kan finde den perfekte &#8211; selvom mode er at have tre eller fire p\u00e5.<\/p>\n<p>Lavastensmykker er en n\u00e6ste store ting. De m\u00f8rke, por\u00f8se perler lavet af lavasten er blevet lidt af en modetrend i l\u00f8bet af de sidste par \u00e5r, men fordelene stopper ikke ved at tilf\u00f8je lidt dimension til din armb\u00e5ndsstak.<\/p>\n<p>Nogle bruger dem som diffusersmykker. Du skal blot tils\u00e6tte 1-2 dr\u00e5ber af dine yndlings \u00e6teriske olier og gnide det ind. Nyd derefter aromaterapi hele dagen med disse smukke smykker.<\/p>\n<p>Hvert design med en forskellig sten og et overskriftskort. &#8211; \u00e9n st\u00f8rrelse passer til alle.<\/p>\n<p>En perfekt gave til enhver lejlighed &#8211; is\u00e6r hvis den kombineres med en elegant fl\u00f8jlspung.<\/p>\n","protected":false},"excerpt":{"rendered":"<p>Med et udvalg af smukke \u00e6delsten. Der er i \u00f8jeblikket 11 designs, s\u00e5 du kan finde den perfekte &#8211; selvom mode er at have tre eller fire p\u00e5. Lavastensmykker er en n\u00e6ste store ting. De m\u00f8rke, por\u00f8se perler lavet af lavasten er blevet lidt af en modetrend i l\u00f8bet af de sidste par \u00e5r, men [&hellip;]<\/p>\n","protected":false},"featured_media":423128,"comment_status":"closed","ping_status":"open","template":"","meta":{"_angie_page":false},"product_brand":[],"product_cat":[25211,25222,25668,5738],"product_tag":[],"class_list":{"0":"post-196575","1":"product","2":"type-product","3":"status-publish","4":"has-post-thumbnail","6":"product_cat-armband-smykker-og-accessories","7":"product_cat-krystaller-og-sten","8":"product_cat-lavasten-basalt","9":"product_cat-smykker-og-accessories","10":"pa_collection-lava-stone-bracelets-da","11":"pa_made-in-kina","13":"first","14":"instock","15":"purchasable","16":"product-type-simple"},"supplier_id":null,"supplier_sku":"LavaSB-02","barcode":null,"atum_controlled":true,"out_stock_date":null,"out_stock_threshold":null,"inheritable":false,"inbound_stock":null,"stock_on_hold":0,"sold_today":0,"sales_last_days":0,"reserved_stock":null,"customer_returns":null,"warehouse_damage":null,"lost_in_post":null,"other_logs":null,"out_stock_days":0,"lost_sales":0,"has_location":null,"update_date":"2026-04-27T07:10:28","atum_locations":[],"atum_stock_status":"instock","restock_status":false,"low_stock_amount":"","sales_update_date":"2026-02-06T00:01:37","calc_backorders":null,"_links":{"self":[{"href":"https:\/\/aromasentia.com\/da\/wp-json\/wp\/v2\/product\/196575","targetHints":{"allow":["GET"]}}],"collection":[{"href":"https:\/\/aromasentia.com\/da\/wp-json\/wp\/v2\/product"}],"about":[{"href":"https:\/\/aromasentia.com\/da\/wp-json\/wp\/v2\/types\/product"}],"replies":[{"embeddable":true,"href":"https:\/\/aromasentia.com\/da\/wp-json\/wp\/v2\/comments?post=196575"}],"version-history":[{"count":0,"href":"https:\/\/aromasentia.com\/da\/wp-json\/wp\/v2\/product\/196575\/revisions"}],"wp:featuredmedia":[{"embeddable":true,"href":"https:\/\/aromasentia.com\/da\/wp-json\/wp\/v2\/media\/423128"}],"wp:attachment":[{"href":"https:\/\/aromasentia.com\/da\/wp-json\/wp\/v2\/media?parent=196575"}],"wp:term":[{"taxonomy":"product_brand","embeddable":true,"href":"https:\/\/aromasentia.com\/da\/wp-json\/wp\/v2\/product_brand?post=196575"},{"taxonomy":"product_cat","embeddable":true,"href":"https:\/\/aromasentia.com\/da\/wp-json\/wp\/v2\/product_cat?post=196575"},{"taxonomy":"product_tag","embeddable":true,"href":"https:\/\/aromasentia.com\/da\/wp-json\/wp\/v2\/product_tag?post=196575"}],"curies":[{"name":"wp","href":"https:\/\/api.w.org\/{rel}","templated":true}]}}