{"id":196569,"date":"2025-03-23T11:06:24","date_gmt":"2025-03-23T11:06:24","guid":{"rendered":"https:\/\/aromasentia.com\/product\/bottled-gemstones-necklace-opalite\/"},"modified":"2025-06-22T02:55:32","modified_gmt":"2025-06-22T02:55:32","slug":"halskaede-med-aedelstene-paa-flaske-opalit","status":"publish","type":"product","link":"https:\/\/aromasentia.com\/da\/halskaede-med-aedelstene-paa-flaske-opalit\/","title":{"rendered":"Halsk\u00e6de med \u00c6delstene P\u00e5 Flaske &#8211; Opalit"},"content":{"rendered":"<h2>Halsk\u00e6de med \u00e6delsten p\u00e5 flaske &#8211; opalit<\/h2>\n<p style=\"text-align: justify;\">Vedh\u00e6nget p\u00e5 denne halsk\u00e6de er en smuk og original flaske fyldt med sm\u00e5 opalitter.<\/p>\n<p style=\"text-align: justify;\">Opalit er en attraktiv sten p\u00e5 grund af dens smukke bl\u00e5lige sk\u00e6r og mystiske gl\u00f8d. Den menes at v\u00e6re opl\u00f8ftende og skabe rum.<\/p>\n<p style=\"text-align: justify;\">H\u00e6v din smykkesamling med dette uds\u00f8gte smykke, der udstr\u00e5ler elegance og charme. Vores kollektion er perfekt til <a href=\"https:\/\/aromasentia.com\/wholesale-indian-gemstone-necklaces\" rel=\"noopener noreferrer\" target=\"_blank\"><strong>grossisthalsk\u00e6der med \u00e6delsten<\/strong><\/a> og tilbyder uovertruffen kvalitet og fantastiske designs. Omfavn Opalite&#39;s \u00e6teriske gl\u00f8d, og tilf\u00f8j et strejf af fortryllelse til dine kunders liv.<\/p>\n<p>&nbsp;<\/p>\n<p><em>K\u00e6del\u00e6ngde: ca. 50 cm<\/em><\/p>\n","protected":false},"excerpt":{"rendered":"<p>Halsk\u00e6de med \u00e6delsten p\u00e5 flaske &#8211; opalit Vedh\u00e6nget p\u00e5 denne halsk\u00e6de er en smuk og original flaske fyldt med sm\u00e5 opalitter. Opalit er en attraktiv sten p\u00e5 grund af dens smukke bl\u00e5lige sk\u00e6r og mystiske gl\u00f8d. Den menes at v\u00e6re opl\u00f8ftende og skabe rum. H\u00e6v din smykkesamling med dette uds\u00f8gte smykke, der udstr\u00e5ler elegance og [&hellip;]<\/p>\n","protected":false},"featured_media":422722,"comment_status":"closed","ping_status":"open","template":"","meta":{"_angie_page":false},"product_brand":[],"product_cat":[25212,25222,25706,5738],"product_tag":[],"class_list":{"0":"post-196569","1":"product","2":"type-product","3":"status-publish","4":"has-post-thumbnail","6":"product_cat-halskaeder-og-vedhaeng","7":"product_cat-krystaller-og-sten","8":"product_cat-opalit","9":"product_cat-smykker-og-accessories","10":"pa_collection-indian-gemstone-necklaces-da","11":"pa_made-in-indien","13":"first","14":"instock","15":"purchasable","16":"product-type-simple"},"supplier_id":null,"supplier_sku":"IGJ-20","barcode":null,"atum_controlled":true,"out_stock_date":null,"out_stock_threshold":null,"inheritable":false,"inbound_stock":null,"stock_on_hold":0,"sold_today":0,"sales_last_days":0,"reserved_stock":null,"customer_returns":null,"warehouse_damage":null,"lost_in_post":null,"other_logs":null,"out_stock_days":0,"lost_sales":0,"has_location":null,"update_date":"2026-04-27T07:08:45","atum_locations":[],"atum_stock_status":"instock","restock_status":false,"low_stock_amount":"","sales_update_date":"2026-01-30T01:25:54","calc_backorders":null,"_links":{"self":[{"href":"https:\/\/aromasentia.com\/da\/wp-json\/wp\/v2\/product\/196569","targetHints":{"allow":["GET"]}}],"collection":[{"href":"https:\/\/aromasentia.com\/da\/wp-json\/wp\/v2\/product"}],"about":[{"href":"https:\/\/aromasentia.com\/da\/wp-json\/wp\/v2\/types\/product"}],"replies":[{"embeddable":true,"href":"https:\/\/aromasentia.com\/da\/wp-json\/wp\/v2\/comments?post=196569"}],"version-history":[{"count":0,"href":"https:\/\/aromasentia.com\/da\/wp-json\/wp\/v2\/product\/196569\/revisions"}],"wp:featuredmedia":[{"embeddable":true,"href":"https:\/\/aromasentia.com\/da\/wp-json\/wp\/v2\/media\/422722"}],"wp:attachment":[{"href":"https:\/\/aromasentia.com\/da\/wp-json\/wp\/v2\/media?parent=196569"}],"wp:term":[{"taxonomy":"product_brand","embeddable":true,"href":"https:\/\/aromasentia.com\/da\/wp-json\/wp\/v2\/product_brand?post=196569"},{"taxonomy":"product_cat","embeddable":true,"href":"https:\/\/aromasentia.com\/da\/wp-json\/wp\/v2\/product_cat?post=196569"},{"taxonomy":"product_tag","embeddable":true,"href":"https:\/\/aromasentia.com\/da\/wp-json\/wp\/v2\/product_tag?post=196569"}],"curies":[{"name":"wp","href":"https:\/\/api.w.org\/{rel}","templated":true}]}}