{"id":196568,"date":"2025-03-23T11:06:24","date_gmt":"2025-03-23T11:06:24","guid":{"rendered":"https:\/\/aromasentia.com\/product\/bottled-gemstones-necklace-black-onyx\/"},"modified":"2025-06-22T02:55:31","modified_gmt":"2025-06-22T02:55:31","slug":"halskaede-med-aedelstene-paa-flaske-sort-onyx","status":"publish","type":"product","link":"https:\/\/aromasentia.com\/da\/halskaede-med-aedelstene-paa-flaske-sort-onyx\/","title":{"rendered":"Halsk\u00e6de med \u00c6delstene P\u00e5 Flaske &#8211; Sort Onyx"},"content":{"rendered":"<h2>Halsb\u00e5nd med \u00e6delsten p\u00e5 flaske &#8211; sort onyx<\/h2>\n<p style=\"text-align: justify;\">Elegant og meget effektiv flaskehalsk\u00e6de fyldt med onyx-sten. Dekoreret med en smuk og delikat h\u00e6tte.<\/p>\n<p style=\"text-align: justify;\">Black Onyx er dedikeret til mennesker, der er &quot;travle&quot; og konstant p\u00e5 farten. Den passer til livsstilen hos atleter og folk, der har et meget stressende arbejde.<\/p>\n<p style=\"text-align: justify;\">G\u00e5 ikke glip af denne eksklusive mulighed for at udvide din forretning og im\u00f8dekomme kunder, der s\u00f8ger moderigtigt tilbeh\u00f8r af h\u00f8j kvalitet. Vores <a href=\"https:\/\/aromasentia.com\/wholesale-indian-gemstone-necklaces\" rel=\"noopener noreferrer\" target=\"_blank\"><strong>grossisthalsk\u00e6der med \u00e6delsten<\/strong><\/a>-kollektion tilbyder en bred vifte af muligheder for \u00e6delsten, hvilket sikrer, at der&#39;er noget for enhver individuel stil og pr\u00e6ference. <\/p>\n<p><\/p>\n<p><em>K\u00e6del\u00e6ngde: ca. 50 cm<\/em><\/p>\n","protected":false},"excerpt":{"rendered":"<p>Halsb\u00e5nd med \u00e6delsten p\u00e5 flaske &#8211; sort onyx Elegant og meget effektiv flaskehalsk\u00e6de fyldt med onyx-sten. Dekoreret med en smuk og delikat h\u00e6tte. Black Onyx er dedikeret til mennesker, der er &quot;travle&quot; og konstant p\u00e5 farten. Den passer til livsstilen hos atleter og folk, der har et meget stressende arbejde. G\u00e5 ikke glip af denne [&hellip;]<\/p>\n","protected":false},"featured_media":422689,"comment_status":"closed","ping_status":"open","template":"","meta":{"_angie_page":false},"product_brand":[],"product_cat":[25212,25222,25702,5738],"product_tag":[],"class_list":{"0":"post-196568","1":"product","2":"type-product","3":"status-publish","4":"has-post-thumbnail","6":"product_cat-halskaeder-og-vedhaeng","7":"product_cat-krystaller-og-sten","8":"product_cat-onyx","9":"product_cat-smykker-og-accessories","10":"pa_collection-indian-gemstone-necklaces-da","11":"pa_made-in-indien","13":"first","14":"instock","15":"purchasable","16":"product-type-simple"},"supplier_id":null,"supplier_sku":"IGJ-19","barcode":null,"atum_controlled":true,"out_stock_date":null,"out_stock_threshold":null,"inheritable":false,"inbound_stock":null,"stock_on_hold":0,"sold_today":0,"sales_last_days":0,"reserved_stock":null,"customer_returns":null,"warehouse_damage":null,"lost_in_post":null,"other_logs":null,"out_stock_days":0,"lost_sales":0,"has_location":null,"update_date":"2026-04-27T07:08:45","atum_locations":[],"atum_stock_status":"instock","restock_status":false,"low_stock_amount":"","sales_update_date":"2026-01-30T01:25:44","calc_backorders":null,"_links":{"self":[{"href":"https:\/\/aromasentia.com\/da\/wp-json\/wp\/v2\/product\/196568","targetHints":{"allow":["GET"]}}],"collection":[{"href":"https:\/\/aromasentia.com\/da\/wp-json\/wp\/v2\/product"}],"about":[{"href":"https:\/\/aromasentia.com\/da\/wp-json\/wp\/v2\/types\/product"}],"replies":[{"embeddable":true,"href":"https:\/\/aromasentia.com\/da\/wp-json\/wp\/v2\/comments?post=196568"}],"version-history":[{"count":0,"href":"https:\/\/aromasentia.com\/da\/wp-json\/wp\/v2\/product\/196568\/revisions"}],"wp:featuredmedia":[{"embeddable":true,"href":"https:\/\/aromasentia.com\/da\/wp-json\/wp\/v2\/media\/422689"}],"wp:attachment":[{"href":"https:\/\/aromasentia.com\/da\/wp-json\/wp\/v2\/media?parent=196568"}],"wp:term":[{"taxonomy":"product_brand","embeddable":true,"href":"https:\/\/aromasentia.com\/da\/wp-json\/wp\/v2\/product_brand?post=196568"},{"taxonomy":"product_cat","embeddable":true,"href":"https:\/\/aromasentia.com\/da\/wp-json\/wp\/v2\/product_cat?post=196568"},{"taxonomy":"product_tag","embeddable":true,"href":"https:\/\/aromasentia.com\/da\/wp-json\/wp\/v2\/product_tag?post=196568"}],"curies":[{"name":"wp","href":"https:\/\/api.w.org\/{rel}","templated":true}]}}