{"id":196567,"date":"2025-03-23T11:06:24","date_gmt":"2025-03-23T11:06:24","guid":{"rendered":"https:\/\/aromasentia.com\/product\/bottled-gemstones-necklace-amethyst\/"},"modified":"2025-06-22T02:55:31","modified_gmt":"2025-06-22T02:55:31","slug":"halskaede-med-aedelstene-paa-flaske-ametyst","status":"publish","type":"product","link":"https:\/\/aromasentia.com\/da\/halskaede-med-aedelstene-paa-flaske-ametyst\/","title":{"rendered":"Halsk\u00e6de med \u00c6delstene P\u00e5 Flaske &#8211; Ametyst"},"content":{"rendered":"<h2 style=\"text-align: justify;\">Halsb\u00e5nd med \u00e6delsten p\u00e5 flaske &#8211; Ametyst<\/h2>\n<p style=\"text-align: justify;\">Denne fantastiske halsk\u00e6de med sm\u00e5 ametyststen er en fantastisk m\u00e5de at bruge naturstenens kraft p\u00e5 hver dag. Den lille flaske har et fint dekoreret skruel\u00e5g, som giver den ekstra charme.<\/p>\n<p style=\"text-align: justify;\">Ametyst er en vidunderligt gavnlig naturlig \u00e6delsten, som siges at have flere helbredende egenskaber. Den hj\u00e6lper kroppen med at rense sig selv for negativ energi og opmuntrer til indre styrke, rigdom og klarhed i sindet.<\/p>\n<p style=\"text-align: justify;\">Kontakt os i dag for at udforske vores omfattende kollektion af halsk\u00e6der med \u00e6delsten p\u00e5 flaske og sikre din forsyning af <a href=\"https:\/\/aromasentia.com\/wholesale-indian-gemstone-necklaces\" rel=\"noopener noreferrer\" target=\"_blank\"><strong>wholesale gemstone necklaces<\/strong><\/a>. Med konkurrencedygtige priser og p\u00e5lidelig forsendelse g\u00f8r vi det nemt for din virksomhed at tilbyde disse uds\u00f8gte smykker til dine v\u00e6rdsatte kunder.<\/p>\n<p><\/p>\n<p><em>K\u00e6del\u00e6ngde: ca. 50 cm<\/em><\/p>\n","protected":false},"excerpt":{"rendered":"<p>Halsb\u00e5nd med \u00e6delsten p\u00e5 flaske &#8211; Ametyst Denne fantastiske halsk\u00e6de med sm\u00e5 ametyststen er en fantastisk m\u00e5de at bruge naturstenens kraft p\u00e5 hver dag. Den lille flaske har et fint dekoreret skruel\u00e5g, som giver den ekstra charme. Ametyst er en vidunderligt gavnlig naturlig \u00e6delsten, som siges at have flere helbredende egenskaber. Den hj\u00e6lper kroppen med [&hellip;]<\/p>\n","protected":false},"featured_media":422664,"comment_status":"closed","ping_status":"open","template":"","meta":{"_angie_page":false},"product_brand":[],"product_cat":[25544,25212,25222,5738],"product_tag":[],"class_list":{"0":"post-196567","1":"product","2":"type-product","3":"status-publish","4":"has-post-thumbnail","6":"product_cat-ametyst","7":"product_cat-halskaeder-og-vedhaeng","8":"product_cat-krystaller-og-sten","9":"product_cat-smykker-og-accessories","10":"pa_collection-indian-gemstone-necklaces-da","11":"pa_made-in-indien","13":"first","14":"instock","15":"purchasable","16":"product-type-simple"},"supplier_id":null,"supplier_sku":"IGJ-18","barcode":null,"atum_controlled":true,"out_stock_date":null,"out_stock_threshold":null,"inheritable":false,"inbound_stock":null,"stock_on_hold":0,"sold_today":0,"sales_last_days":0,"reserved_stock":null,"customer_returns":null,"warehouse_damage":null,"lost_in_post":null,"other_logs":null,"out_stock_days":0,"lost_sales":0,"has_location":null,"update_date":"2026-04-27T07:08:45","atum_locations":[],"atum_stock_status":"instock","restock_status":false,"low_stock_amount":"","sales_update_date":"2026-02-06T00:02:16","calc_backorders":null,"_links":{"self":[{"href":"https:\/\/aromasentia.com\/da\/wp-json\/wp\/v2\/product\/196567","targetHints":{"allow":["GET"]}}],"collection":[{"href":"https:\/\/aromasentia.com\/da\/wp-json\/wp\/v2\/product"}],"about":[{"href":"https:\/\/aromasentia.com\/da\/wp-json\/wp\/v2\/types\/product"}],"replies":[{"embeddable":true,"href":"https:\/\/aromasentia.com\/da\/wp-json\/wp\/v2\/comments?post=196567"}],"version-history":[{"count":0,"href":"https:\/\/aromasentia.com\/da\/wp-json\/wp\/v2\/product\/196567\/revisions"}],"wp:featuredmedia":[{"embeddable":true,"href":"https:\/\/aromasentia.com\/da\/wp-json\/wp\/v2\/media\/422664"}],"wp:attachment":[{"href":"https:\/\/aromasentia.com\/da\/wp-json\/wp\/v2\/media?parent=196567"}],"wp:term":[{"taxonomy":"product_brand","embeddable":true,"href":"https:\/\/aromasentia.com\/da\/wp-json\/wp\/v2\/product_brand?post=196567"},{"taxonomy":"product_cat","embeddable":true,"href":"https:\/\/aromasentia.com\/da\/wp-json\/wp\/v2\/product_cat?post=196567"},{"taxonomy":"product_tag","embeddable":true,"href":"https:\/\/aromasentia.com\/da\/wp-json\/wp\/v2\/product_tag?post=196567"}],"curies":[{"name":"wp","href":"https:\/\/api.w.org\/{rel}","templated":true}]}}