{"id":196566,"date":"2025-03-23T11:06:24","date_gmt":"2025-03-23T11:06:24","guid":{"rendered":"https:\/\/aromasentia.com\/product\/bottled-gemstones-necklace-tiger-eye\/"},"modified":"2025-06-22T02:55:31","modified_gmt":"2025-06-22T02:55:31","slug":"halskaede-med-aedelstene-paa-flaske-tigeroeje","status":"publish","type":"product","link":"https:\/\/aromasentia.com\/da\/halskaede-med-aedelstene-paa-flaske-tigeroeje\/","title":{"rendered":"Halsk\u00e6de med \u00c6delstene P\u00e5 Flaske &#8211; Tiger\u00f8je"},"content":{"rendered":"<h2>Halsb\u00e5nd med \u00e6delsten p\u00e5 flaske &#8211; Tiger\u00f8je<\/h2>\n<p style=\"text-align: justify;\">Vil du fremh\u00e6ve din unikke personlighed med lige s\u00e5 unikke smykker? I s\u00e5 fald er vores halsk\u00e6de med \u00e6delsten p\u00e5 flaske nok det, du leder efter. De raffinerede detaljer p\u00e5 flaskelukningen er bem\u00e6rkelsesv\u00e6rdige. Stenparfumehalsk\u00e6den vil se godt ud b\u00e5de med din yndlings t-shirt og kimono og med en elegant kjole eller jumpsuit.<\/p>\n<p style=\"text-align: justify;\">Tiger Eye-\u00e6delstenen er kendt for sine gyldenbrune nuancer og chatoyante effekt. Med sit f\u00e6ngslende spil af lys og rige jordfarver symboliserer Tiger Eye mod, styrke og beskyttelse. \u00c6delstenen er smukt pr\u00e6senteret i en lille glasflaske, hvilket skaber en fascinerende visuel fremvisning, der fanger essensen af dens naturlige sk\u00f8nhed.<\/p>\n<p style=\"text-align: justify;\">H\u00e6v din smykkekollektion med vores <a href=\"https:\/\/aromasentia.com\/wholesale-indian-gemstone-necklaces\" rel=\"noopener noreferrer\" target=\"_blank\"><strong>wholesale gemstone necklaces<\/strong><\/a> og giv dine kunder mulighed for at eje den ekstraordin\u00e6re Bottled Gemstones Necklace med den dragende Tiger Eye-\u00e6delsten. Kontakt os i dag for at finde ud af, hvordan disse uds\u00f8gte smykker kan forbedre din virksomhed og \u00f8ge salget.<\/p>\n<p><\/p>\n<p><em>K\u00e6del\u00e6ngde: ca. 50 cm<\/em><\/p>\n","protected":false},"excerpt":{"rendered":"<p>Halsb\u00e5nd med \u00e6delsten p\u00e5 flaske &#8211; Tiger\u00f8je Vil du fremh\u00e6ve din unikke personlighed med lige s\u00e5 unikke smykker? I s\u00e5 fald er vores halsk\u00e6de med \u00e6delsten p\u00e5 flaske nok det, du leder efter. De raffinerede detaljer p\u00e5 flaskelukningen er bem\u00e6rkelsesv\u00e6rdige. Stenparfumehalsk\u00e6den vil se godt ud b\u00e5de med din yndlings t-shirt og kimono og med en [&hellip;]<\/p>\n","protected":false},"featured_media":422623,"comment_status":"closed","ping_status":"open","template":"","meta":{"_angie_page":false},"product_brand":[],"product_cat":[25212,25222,5738,25781],"product_tag":[],"class_list":{"0":"post-196566","1":"product","2":"type-product","3":"status-publish","4":"has-post-thumbnail","6":"product_cat-halskaeder-og-vedhaeng","7":"product_cat-krystaller-og-sten","8":"product_cat-smykker-og-accessories","9":"product_cat-tigeroje","10":"pa_collection-indian-gemstone-necklaces-da","11":"pa_made-in-indien","13":"first","14":"instock","15":"purchasable","16":"product-type-simple"},"supplier_id":null,"supplier_sku":"IGJ-17","barcode":null,"atum_controlled":true,"out_stock_date":null,"out_stock_threshold":null,"inheritable":false,"inbound_stock":null,"stock_on_hold":0,"sold_today":0,"sales_last_days":0,"reserved_stock":null,"customer_returns":null,"warehouse_damage":null,"lost_in_post":null,"other_logs":null,"out_stock_days":0,"lost_sales":0,"has_location":null,"update_date":"2026-04-27T07:08:45","atum_locations":[],"atum_stock_status":"instock","restock_status":false,"low_stock_amount":"","sales_update_date":"2026-01-30T01:25:29","calc_backorders":null,"_links":{"self":[{"href":"https:\/\/aromasentia.com\/da\/wp-json\/wp\/v2\/product\/196566","targetHints":{"allow":["GET"]}}],"collection":[{"href":"https:\/\/aromasentia.com\/da\/wp-json\/wp\/v2\/product"}],"about":[{"href":"https:\/\/aromasentia.com\/da\/wp-json\/wp\/v2\/types\/product"}],"replies":[{"embeddable":true,"href":"https:\/\/aromasentia.com\/da\/wp-json\/wp\/v2\/comments?post=196566"}],"version-history":[{"count":0,"href":"https:\/\/aromasentia.com\/da\/wp-json\/wp\/v2\/product\/196566\/revisions"}],"wp:featuredmedia":[{"embeddable":true,"href":"https:\/\/aromasentia.com\/da\/wp-json\/wp\/v2\/media\/422623"}],"wp:attachment":[{"href":"https:\/\/aromasentia.com\/da\/wp-json\/wp\/v2\/media?parent=196566"}],"wp:term":[{"taxonomy":"product_brand","embeddable":true,"href":"https:\/\/aromasentia.com\/da\/wp-json\/wp\/v2\/product_brand?post=196566"},{"taxonomy":"product_cat","embeddable":true,"href":"https:\/\/aromasentia.com\/da\/wp-json\/wp\/v2\/product_cat?post=196566"},{"taxonomy":"product_tag","embeddable":true,"href":"https:\/\/aromasentia.com\/da\/wp-json\/wp\/v2\/product_tag?post=196566"}],"curies":[{"name":"wp","href":"https:\/\/api.w.org\/{rel}","templated":true}]}}