{"id":196565,"date":"2025-03-23T11:06:24","date_gmt":"2025-03-23T11:06:24","guid":{"rendered":"https:\/\/aromasentia.com\/product\/bottled-gemstones-necklace-rose-quartz\/"},"modified":"2025-06-22T02:55:30","modified_gmt":"2025-06-22T02:55:30","slug":"halskaede-med-aedelstene-paa-flaske-rosakvarts","status":"publish","type":"product","link":"https:\/\/aromasentia.com\/da\/halskaede-med-aedelstene-paa-flaske-rosakvarts\/","title":{"rendered":"Halsk\u00e6de med \u00c6delstene P\u00e5 Flaske &#8211; Rosakvarts"},"content":{"rendered":"<h2>Grosshandel med halsk\u00e6de af \u00e6delsten p\u00e5 flaske &#8211; rosenkvarts<\/h2>\n<p style=\"text-align: justify;\">Introducerer vores uds\u00f8gte halsk\u00e6de af \u00e6delsten p\u00e5 flaske &#8211; rosenkvarts, en sand legemligg\u00f8relse af elegance og ynde. Denne fantastiske halsk\u00e6de er fremstillet med den st\u00f8rste opm\u00e6rksomhed p\u00e5 detaljer og indfanger essensen af sk\u00f8nhed p\u00e5 en delikat, men f\u00e6ngslende m\u00e5de.<\/p>\n<p style=\"text-align: justify;\">Rosekvarts, der er kendt som k\u00e6rlighedens og medf\u00f8lelsens sten, udstr\u00e5ler en bl\u00f8d, blid energi, der resonerer med hjertechakraet. Dens subtile rosa nuancer symboliserer \u00f8mhed og hengivenhed, hvilket g\u00f8r den til et ideelt valg til at udtrykke k\u00e6rlighed og omsorg. Denne Bottled Gemstones Necklace &#8211; Rose Quartz er ikke kun en bem\u00e6rkelsesv\u00e6rdig udsmykning, men har ogs\u00e5 en dyb betydning. Den er en legemligg\u00f8relse af kvindelighed og repr\u00e6senterer den plejende og medf\u00f8lende natur, der ofte forbindes med kvinder.&nbsp;<\/p>\n<p style=\"text-align: justify;\">Husk, at der er stor eftersp\u00f8rgsel p\u00e5 exceptionelle smykker som dette. Sl\u00e5 til nu og sikre dig denne fortryllende halsk\u00e6de til dit lager. Ring til os for at komme i gang. Vores dedikerede teams er klar til at hj\u00e6lpe dig og give dig alle detaljer om <a href=\"https:\/\/aromasentia.com\/wholesale-indian-gemstone-necklaces\" rel=\"noopener noreferrer\" target=\"_blank\"><strong>wholesale gemstone necklaces<\/strong><\/a> du har brug for.<\/p>\n<p><em>K\u00e6del\u00e6ngde: ca. 50 cm<\/em><\/p>\n","protected":false},"excerpt":{"rendered":"<p>Grosshandel med halsk\u00e6de af \u00e6delsten p\u00e5 flaske &#8211; rosenkvarts Introducerer vores uds\u00f8gte halsk\u00e6de af \u00e6delsten p\u00e5 flaske &#8211; rosenkvarts, en sand legemligg\u00f8relse af elegance og ynde. Denne fantastiske halsk\u00e6de er fremstillet med den st\u00f8rste opm\u00e6rksomhed p\u00e5 detaljer og indfanger essensen af sk\u00f8nhed p\u00e5 en delikat, men f\u00e6ngslende m\u00e5de. Rosekvarts, der er kendt som k\u00e6rlighedens og [&hellip;]<\/p>\n","protected":false},"featured_media":422614,"comment_status":"closed","ping_status":"open","template":"","meta":{"_angie_page":false},"product_brand":[],"product_cat":[25212,25222,25736,25747,5738],"product_tag":[],"class_list":{"0":"post-196565","1":"product","2":"type-product","3":"status-publish","4":"has-post-thumbnail","6":"product_cat-halskaeder-og-vedhaeng","7":"product_cat-krystaller-og-sten","8":"product_cat-kvarts","9":"product_cat-rosenkvarts","10":"product_cat-smykker-og-accessories","11":"pa_collection-indian-gemstone-necklaces-da","12":"pa_made-in-indien","14":"first","15":"instock","16":"purchasable","17":"product-type-simple"},"supplier_id":null,"supplier_sku":"IGJ-16","barcode":null,"atum_controlled":true,"out_stock_date":null,"out_stock_threshold":null,"inheritable":false,"inbound_stock":null,"stock_on_hold":0,"sold_today":0,"sales_last_days":0,"reserved_stock":null,"customer_returns":null,"warehouse_damage":null,"lost_in_post":null,"other_logs":null,"out_stock_days":0,"lost_sales":0,"has_location":null,"update_date":"2026-04-27T07:08:45","atum_locations":[],"atum_stock_status":"instock","restock_status":false,"low_stock_amount":"","sales_update_date":"2026-01-30T01:26:20","calc_backorders":null,"_links":{"self":[{"href":"https:\/\/aromasentia.com\/da\/wp-json\/wp\/v2\/product\/196565","targetHints":{"allow":["GET"]}}],"collection":[{"href":"https:\/\/aromasentia.com\/da\/wp-json\/wp\/v2\/product"}],"about":[{"href":"https:\/\/aromasentia.com\/da\/wp-json\/wp\/v2\/types\/product"}],"replies":[{"embeddable":true,"href":"https:\/\/aromasentia.com\/da\/wp-json\/wp\/v2\/comments?post=196565"}],"version-history":[{"count":0,"href":"https:\/\/aromasentia.com\/da\/wp-json\/wp\/v2\/product\/196565\/revisions"}],"wp:featuredmedia":[{"embeddable":true,"href":"https:\/\/aromasentia.com\/da\/wp-json\/wp\/v2\/media\/422614"}],"wp:attachment":[{"href":"https:\/\/aromasentia.com\/da\/wp-json\/wp\/v2\/media?parent=196565"}],"wp:term":[{"taxonomy":"product_brand","embeddable":true,"href":"https:\/\/aromasentia.com\/da\/wp-json\/wp\/v2\/product_brand?post=196565"},{"taxonomy":"product_cat","embeddable":true,"href":"https:\/\/aromasentia.com\/da\/wp-json\/wp\/v2\/product_cat?post=196565"},{"taxonomy":"product_tag","embeddable":true,"href":"https:\/\/aromasentia.com\/da\/wp-json\/wp\/v2\/product_tag?post=196565"}],"curies":[{"name":"wp","href":"https:\/\/api.w.org\/{rel}","templated":true}]}}