{"id":196562,"date":"2025-03-23T11:06:24","date_gmt":"2025-03-23T11:06:24","guid":{"rendered":"https:\/\/aromasentia.com\/product\/cascade-wrapped-gemstone-necklace-rough-amethyst\/"},"modified":"2025-06-22T02:55:29","modified_gmt":"2025-06-22T02:55:29","slug":"cascade-wrapped-halskaede-med-aedelsten-raa-ametyst","status":"publish","type":"product","link":"https:\/\/aromasentia.com\/da\/cascade-wrapped-halskaede-med-aedelsten-raa-ametyst\/","title":{"rendered":"Cascade Wrapped Halsk\u00e6de med \u00c6delsten &#8211; R\u00e5 Ametyst"},"content":{"rendered":"<h2>Wholesale Cascade Wrapped Gemstone Necklace &#8211; Rough Amethyst<\/h2>\n<p style=\"text-align: justify;\">Elev\u00e9r din stil med den fortryllende Cascade Wrapped Gemstone Necklace med Rough Amethyst, et tilbeh\u00f8r, der ubesv\u00e6ret kombinerer elegance og naturlig charme. Uanset om den b\u00e6res som et statement-smykke eller som et hverdagssymbol p\u00e5 indre styrke, er denne halsk\u00e6de et vidnesbyrd om din unikke stil og forbindelse til det spirituelle rige. Lad dig betage af halsk\u00e6dens f\u00e6ngslende sk\u00f8nhed, og lad den blive en v\u00e6rdsat tilf\u00f8jelse til din smykkesamling, der fremkalder en f\u00f8lelse af ro og styrke, hver gang du b\u00e6rer den.<\/p>\n<p style=\"text-align: justify;\">Den r\u00e5 og uraffinerede ametyst-\u00e6delsten giver halsk\u00e6den et strejf af mystisk tiltr\u00e6kningskraft. Ametyst er kendt for sine beroligende og beskyttende energier og \u00e6res for sin evne til at fremme ro og \u00e5ndelig v\u00e6kst.&nbsp;<\/p>\n<p style=\"text-align: justify;\">&nbsp;G\u00e5 ikke glip af chancen for at l\u00f8fte dit smykkeudvalg med vores Cascade Wrapped Gemstone Necklace med Rough Tiger Eye-\u00e6delsten. Kontakt os nu for at diskutere priser, tilg\u00e6ngelighed og eventuelle yderligere oplysninger, du m\u00e5tte have brug for. Vi er forpligtet til at hj\u00e6lpe din virksomhed med at skinne ved at levere eksklusive <a href=\"https:\/\/aromasentia.com\/wholesale-indian-gemstone-necklaces\" rel=\"noopener noreferrer\" target=\"_blank\"><strong>halsk\u00e6der med \u00e6delsten i engroshandel<\/strong><\/a>, der kombinerer elegance, h\u00e5ndv\u00e6rk og overkommelige priser. <\/p>\n<p><\/p>\n<p><em>K\u00e6del\u00e6ngde: ca. 50 cm<\/em><\/p>\n","protected":false},"excerpt":{"rendered":"<p>Wholesale Cascade Wrapped Gemstone Necklace &#8211; Rough Amethyst Elev\u00e9r din stil med den fortryllende Cascade Wrapped Gemstone Necklace med Rough Amethyst, et tilbeh\u00f8r, der ubesv\u00e6ret kombinerer elegance og naturlig charme. Uanset om den b\u00e6res som et statement-smykke eller som et hverdagssymbol p\u00e5 indre styrke, er denne halsk\u00e6de et vidnesbyrd om din unikke stil og forbindelse [&hellip;]<\/p>\n","protected":false},"featured_media":422555,"comment_status":"closed","ping_status":"open","template":"","meta":[],"product_brand":[],"product_cat":[25544,25212,25222,5738],"product_tag":[],"class_list":{"0":"post-196562","1":"product","2":"type-product","3":"status-publish","4":"has-post-thumbnail","6":"product_cat-ametyst","7":"product_cat-halskaeder-og-vedhaeng","8":"product_cat-krystaller-og-sten","9":"product_cat-smykker-og-accessories","10":"pa_collection-indian-gemstone-necklaces-da","11":"pa_made-in-indien","13":"first","14":"instock","15":"purchasable","16":"product-type-simple"},"supplier_id":null,"supplier_sku":"IGJ-13","barcode":null,"atum_controlled":true,"out_stock_date":null,"out_stock_threshold":null,"inheritable":false,"inbound_stock":null,"stock_on_hold":0,"sold_today":0,"sales_last_days":0,"reserved_stock":null,"customer_returns":null,"warehouse_damage":null,"lost_in_post":null,"other_logs":null,"out_stock_days":0,"lost_sales":0,"has_location":null,"update_date":"2026-02-09T10:21:55","atum_locations":[],"atum_stock_status":"instock","restock_status":false,"low_stock_amount":"","sales_update_date":"2026-02-06T00:02:21","calc_backorders":null,"_links":{"self":[{"href":"https:\/\/aromasentia.com\/da\/wp-json\/wp\/v2\/product\/196562","targetHints":{"allow":["GET"]}}],"collection":[{"href":"https:\/\/aromasentia.com\/da\/wp-json\/wp\/v2\/product"}],"about":[{"href":"https:\/\/aromasentia.com\/da\/wp-json\/wp\/v2\/types\/product"}],"replies":[{"embeddable":true,"href":"https:\/\/aromasentia.com\/da\/wp-json\/wp\/v2\/comments?post=196562"}],"version-history":[{"count":0,"href":"https:\/\/aromasentia.com\/da\/wp-json\/wp\/v2\/product\/196562\/revisions"}],"wp:featuredmedia":[{"embeddable":true,"href":"https:\/\/aromasentia.com\/da\/wp-json\/wp\/v2\/media\/422555"}],"wp:attachment":[{"href":"https:\/\/aromasentia.com\/da\/wp-json\/wp\/v2\/media?parent=196562"}],"wp:term":[{"taxonomy":"product_brand","embeddable":true,"href":"https:\/\/aromasentia.com\/da\/wp-json\/wp\/v2\/product_brand?post=196562"},{"taxonomy":"product_cat","embeddable":true,"href":"https:\/\/aromasentia.com\/da\/wp-json\/wp\/v2\/product_cat?post=196562"},{"taxonomy":"product_tag","embeddable":true,"href":"https:\/\/aromasentia.com\/da\/wp-json\/wp\/v2\/product_tag?post=196562"}],"curies":[{"name":"wp","href":"https:\/\/api.w.org\/{rel}","templated":true}]}}