{"id":196561,"date":"2025-03-23T11:06:24","date_gmt":"2025-03-23T11:06:24","guid":{"rendered":"https:\/\/aromasentia.com\/product\/cascade-wrapped-gemstone-necklace-rough-tiger-eye\/"},"modified":"2025-06-22T02:55:26","modified_gmt":"2025-06-22T02:55:26","slug":"cascade-wrapped-halskaede-med-aedelsten-rough-tiger-eye","status":"publish","type":"product","link":"https:\/\/aromasentia.com\/da\/cascade-wrapped-halskaede-med-aedelsten-rough-tiger-eye\/","title":{"rendered":"Cascade Wrapped Halsk\u00e6de med \u00c6delsten &#8211; Rough Tiger Eye"},"content":{"rendered":"<h2>Wholesale Cascade Wrapped Gemstone Necklace &#8211; Rough Tiger Eye<\/h2>\n<p style=\"text-align: justify;\">Introducerer den betagende Cascade Wrapped Gemstone Necklace prydet med en sl\u00e5ende Rough Tiger Eye-\u00e6delsten. Dette ekstraordin\u00e6re smykke er en harmonisk sammensmeltning af kunstnerisk h\u00e5ndv\u00e6rk og naturens r\u00e5 sk\u00f8nhed. Kaskadedesignet, der er omhyggeligt udformet med st\u00f8rste pr\u00e6cision, viser et fascinerende arrangement af delikate wire wraps, der yndefuldt falder ned og kulminerer i det f\u00e6ngslende midtpunkt af en Rough Tiger Eye-\u00e6delsten.&nbsp;<\/p>\n<p style=\"text-align: justify;\">Rough Tiger Eye-\u00e6delstenen tilf\u00f8jer med sin robuste tekstur og gyldenbrune nuancer et strejf af jordn\u00e6r lokke til halsk\u00e6den. Tiger Eye er kendt for sine beskyttende og jordforbindende egenskaber og menes at styrke mod og selvtillid, hvilket g\u00f8r det til en kraftfuld talisman for personlig styrke og empowerment.<\/p>\n<p style=\"text-align: justify;\">For at tilbyde din kundekreds muligheden for at eje denne ekstraordin\u00e6re halsk\u00e6de, anbefaler jeg st\u00e6rkt at kontakte vores salgsteam i dag. Vores <a href=\"https:\/\/aromasentia.com\/wholesale-indian-gemstone-necklaces\" rel=\"noopener noreferrer\" target=\"_blank\"><strong>w<\/strong><strong>grossisthalsk\u00e6der med \u00e6delsten<\/strong><\/a><a href=\"https:\/\/aromasentia.com\/wholesale-indian-gemstone-necklaces\" rel=\"noopener noreferrer\" target=\"_blank\"><\/a> kollektion viser en bred vifte af h\u00e5ndlavede designs af h\u00f8j kvalitet, der vil l\u00f8fte dit smykkeudvalg og g\u00f8re din butik til noget s\u00e6rligt.<\/p>\n<p style=\"text-align: justify;\">&nbsp;<\/p>\n<p><em>K\u00e6del\u00e6ngde: ca. 50 cm<\/em><\/p>\n","protected":false},"excerpt":{"rendered":"<p>Wholesale Cascade Wrapped Gemstone Necklace &#8211; Rough Tiger Eye Introducerer den betagende Cascade Wrapped Gemstone Necklace prydet med en sl\u00e5ende Rough Tiger Eye-\u00e6delsten. Dette ekstraordin\u00e6re smykke er en harmonisk sammensmeltning af kunstnerisk h\u00e5ndv\u00e6rk og naturens r\u00e5 sk\u00f8nhed. Kaskadedesignet, der er omhyggeligt udformet med st\u00f8rste pr\u00e6cision, viser et fascinerende arrangement af delikate wire wraps, der yndefuldt [&hellip;]<\/p>\n","protected":false},"featured_media":422530,"comment_status":"closed","ping_status":"open","template":"","meta":[],"product_brand":[],"product_cat":[25212,25222,5738,25781],"product_tag":[],"class_list":{"0":"post-196561","1":"product","2":"type-product","3":"status-publish","4":"has-post-thumbnail","6":"product_cat-halskaeder-og-vedhaeng","7":"product_cat-krystaller-og-sten","8":"product_cat-smykker-og-accessories","9":"product_cat-tigeroje","10":"pa_collection-indian-gemstone-necklaces-da","11":"pa_made-in-indien","13":"first","14":"instock","15":"purchasable","16":"product-type-simple"},"supplier_id":null,"supplier_sku":"IGJ-12","barcode":null,"atum_controlled":true,"out_stock_date":null,"out_stock_threshold":null,"inheritable":false,"inbound_stock":null,"stock_on_hold":0,"sold_today":0,"sales_last_days":0,"reserved_stock":null,"customer_returns":null,"warehouse_damage":null,"lost_in_post":null,"other_logs":null,"out_stock_days":0,"lost_sales":0,"has_location":null,"update_date":"2026-02-06T00:02:34","atum_locations":[],"atum_stock_status":"instock","restock_status":false,"low_stock_amount":"","sales_update_date":"2026-02-06T00:02:34","calc_backorders":null,"_links":{"self":[{"href":"https:\/\/aromasentia.com\/da\/wp-json\/wp\/v2\/product\/196561","targetHints":{"allow":["GET"]}}],"collection":[{"href":"https:\/\/aromasentia.com\/da\/wp-json\/wp\/v2\/product"}],"about":[{"href":"https:\/\/aromasentia.com\/da\/wp-json\/wp\/v2\/types\/product"}],"replies":[{"embeddable":true,"href":"https:\/\/aromasentia.com\/da\/wp-json\/wp\/v2\/comments?post=196561"}],"version-history":[{"count":0,"href":"https:\/\/aromasentia.com\/da\/wp-json\/wp\/v2\/product\/196561\/revisions"}],"wp:featuredmedia":[{"embeddable":true,"href":"https:\/\/aromasentia.com\/da\/wp-json\/wp\/v2\/media\/422530"}],"wp:attachment":[{"href":"https:\/\/aromasentia.com\/da\/wp-json\/wp\/v2\/media?parent=196561"}],"wp:term":[{"taxonomy":"product_brand","embeddable":true,"href":"https:\/\/aromasentia.com\/da\/wp-json\/wp\/v2\/product_brand?post=196561"},{"taxonomy":"product_cat","embeddable":true,"href":"https:\/\/aromasentia.com\/da\/wp-json\/wp\/v2\/product_cat?post=196561"},{"taxonomy":"product_tag","embeddable":true,"href":"https:\/\/aromasentia.com\/da\/wp-json\/wp\/v2\/product_tag?post=196561"}],"curies":[{"name":"wp","href":"https:\/\/api.w.org\/{rel}","templated":true}]}}