{"id":196560,"date":"2025-03-23T11:06:24","date_gmt":"2025-03-23T11:06:24","guid":{"rendered":"https:\/\/aromasentia.com\/product\/cascade-wrapped-gemstone-necklace-rough-rose-quartz\/"},"modified":"2025-06-22T02:55:26","modified_gmt":"2025-06-22T02:55:26","slug":"cascade-wrapped-halskaede-med-aedelsten-raa-rosakvarts","status":"publish","type":"product","link":"https:\/\/aromasentia.com\/da\/cascade-wrapped-halskaede-med-aedelsten-raa-rosakvarts\/","title":{"rendered":"Cascade Wrapped Halsk\u00e6de med \u00c6delsten &#8211; R\u00e5 Rosakvarts"},"content":{"rendered":"<h2>Wholesale Cascade Wrapped Gemstone Necklace &#8211; Rough Rose Quartz<\/h2>\n<p style=\"text-align: justify;\">Introducerer den uds\u00f8gte Cascade Wrapped Gemstone Necklace med den naturlige sk\u00f8nhed i Rough Rose Quartz. Denne fantastiske halsk\u00e6de er et sandt bevis p\u00e5 den harmoniske blanding af elegance og r\u00e5 tiltr\u00e6kningskraft. Midtpunktet i denne f\u00e6ngslende halsk\u00e6de er Rough Rose Quartz, der viser sin robuste charme og unikke formationer, der tilf\u00f8jer et strejf af organisk pragt til designet.<\/p>\n<p style=\"text-align: justify;\">Halsk\u00e6dens Cascade Wrapped-design er et sandt kunstv\u00e6rk, der viser det dygtige tr\u00e5darbejde, der forsigtigt omfavner hver Rough Rose Quartz-\u00e6delsten. De kompliceret v\u00e6vede tr\u00e5de skaber en f\u00f8lelse af bev\u00e6gelse og leder elegant \u00f8jet langs halsk\u00e6dens elegante kurver og konturer. Med sin h\u00f8jkvalitetsk\u00e6de og sikre l\u00e5s er denne halsk\u00e6de b\u00e5de holdbar og behagelig at have p\u00e5 i hverdagen eller ved s\u00e6rlige lejligheder.<\/p>\n<p style=\"text-align: justify;\">Oplev den naturlige sk\u00f8nhed i Cascade Wrapped Gemstone Necklace med Rough Rose Quartz, der udelukkende f\u00e5s hos Ancient Wisdom. Dette uds\u00f8gte vedh\u00e6ng viser den r\u00e5 elegance i rosakvarts og bringer et strejf af romantik til enhver smykkesamling. Som f\u00f8rende leverand\u00f8r af <a href=\"https:\/\/aromasentia.com\/wholesale-indian-gemstone-necklaces\" rel=\"noopener noreferrer\" target=\"_blank\"><strong>vedh\u00e6ng af \u00e6delsten i l\u00f8ssalg<\/strong><\/a> tilbyder vi konkurrencedygtige priser og et bredt udvalg af designs af h\u00f8j kvalitet.<\/p>\n<p style=\"text-align: justify;\"><\/p>\n<p><em>K\u00e6del\u00e6ngde: ca. 50 cm<\/em><\/p>\n","protected":false},"excerpt":{"rendered":"<p>Wholesale Cascade Wrapped Gemstone Necklace &#8211; Rough Rose Quartz Introducerer den uds\u00f8gte Cascade Wrapped Gemstone Necklace med den naturlige sk\u00f8nhed i Rough Rose Quartz. Denne fantastiske halsk\u00e6de er et sandt bevis p\u00e5 den harmoniske blanding af elegance og r\u00e5 tiltr\u00e6kningskraft. Midtpunktet i denne f\u00e6ngslende halsk\u00e6de er Rough Rose Quartz, der viser sin robuste charme og [&hellip;]<\/p>\n","protected":false},"featured_media":422521,"comment_status":"closed","ping_status":"open","template":"","meta":[],"product_brand":[],"product_cat":[25212,25222,25736,25747,5738],"product_tag":[],"class_list":{"0":"post-196560","1":"product","2":"type-product","3":"status-publish","4":"has-post-thumbnail","6":"product_cat-halskaeder-og-vedhaeng","7":"product_cat-krystaller-og-sten","8":"product_cat-kvarts","9":"product_cat-rosenkvarts","10":"product_cat-smykker-og-accessories","11":"pa_collection-indian-gemstone-necklaces-da","12":"pa_made-in-indien","14":"first","15":"instock","16":"purchasable","17":"product-type-simple"},"supplier_id":null,"supplier_sku":"IGJ-11","barcode":null,"atum_controlled":true,"out_stock_date":null,"out_stock_threshold":null,"inheritable":false,"inbound_stock":null,"stock_on_hold":0,"sold_today":0,"sales_last_days":0,"reserved_stock":null,"customer_returns":null,"warehouse_damage":null,"lost_in_post":null,"other_logs":null,"out_stock_days":0,"lost_sales":0,"has_location":null,"update_date":"2026-02-09T10:20:17","atum_locations":[],"atum_stock_status":"instock","restock_status":false,"low_stock_amount":"","sales_update_date":"2026-01-20T05:14:29","calc_backorders":null,"_links":{"self":[{"href":"https:\/\/aromasentia.com\/da\/wp-json\/wp\/v2\/product\/196560","targetHints":{"allow":["GET"]}}],"collection":[{"href":"https:\/\/aromasentia.com\/da\/wp-json\/wp\/v2\/product"}],"about":[{"href":"https:\/\/aromasentia.com\/da\/wp-json\/wp\/v2\/types\/product"}],"replies":[{"embeddable":true,"href":"https:\/\/aromasentia.com\/da\/wp-json\/wp\/v2\/comments?post=196560"}],"version-history":[{"count":0,"href":"https:\/\/aromasentia.com\/da\/wp-json\/wp\/v2\/product\/196560\/revisions"}],"wp:featuredmedia":[{"embeddable":true,"href":"https:\/\/aromasentia.com\/da\/wp-json\/wp\/v2\/media\/422521"}],"wp:attachment":[{"href":"https:\/\/aromasentia.com\/da\/wp-json\/wp\/v2\/media?parent=196560"}],"wp:term":[{"taxonomy":"product_brand","embeddable":true,"href":"https:\/\/aromasentia.com\/da\/wp-json\/wp\/v2\/product_brand?post=196560"},{"taxonomy":"product_cat","embeddable":true,"href":"https:\/\/aromasentia.com\/da\/wp-json\/wp\/v2\/product_cat?post=196560"},{"taxonomy":"product_tag","embeddable":true,"href":"https:\/\/aromasentia.com\/da\/wp-json\/wp\/v2\/product_tag?post=196560"}],"curies":[{"name":"wp","href":"https:\/\/api.w.org\/{rel}","templated":true}]}}