{"id":196559,"date":"2025-03-23T11:06:24","date_gmt":"2025-03-23T11:06:24","guid":{"rendered":"https:\/\/aromasentia.com\/product\/swirl-wrapped-gemstone-necklace-opalite\/"},"modified":"2025-06-22T02:55:25","modified_gmt":"2025-06-22T02:55:25","slug":"swirl-wrapped-halskaede-med-aedelsten-opalit","status":"publish","type":"product","link":"https:\/\/aromasentia.com\/da\/swirl-wrapped-halskaede-med-aedelsten-opalit\/","title":{"rendered":"Swirl Wrapped Halsk\u00e6de med \u00c6delsten &#8211; Opalit"},"content":{"rendered":"<h2>Wholesale Swirl Wrapped Gemstone Necklace &#8211; Opalite<\/h2>\n<p style=\"text-align: justify;\">Introducerer den f\u00e6ngslende Swirl Wrapped Gemstone Necklace med Opalite-\u00e6delsten, en sand legemligg\u00f8relse af sk\u00f8nhed og fortryllelse. Denne uds\u00f8gte halsk\u00e6de er en mesterlig blanding af kunst og natur, designet til at fange hjerter og v\u00e6kke beundring. Halsk\u00e6dens midtpunkt er \u00e6delstenen opalit, der er kendt for sin \u00e6teriske sk\u00f8nhed og f\u00e6ngslende farvespil.&nbsp;<\/p>\n<p style=\"text-align: justify;\">Det hvirvelindpakkede design tilf\u00f8jer et strejf af elegance og raffinement til denne i forvejen fantastiske halsk\u00e6de. Det indviklede tr\u00e5darbejde er dygtigt h\u00e5ndlavet og danner delikate hvirvler, der yndefuldt omfavner Opalite-\u00e6delstenen og skaber en harmonisk forening af elegance og fortryllelse. Halsk\u00e6den er fagligt udformet med sans for detaljer og har en k\u00e6de af h\u00f8j kvalitet, der sikrer holdbarhed og komfort under brug.<\/p>\n<p style=\"text-align: justify;\">Opdag fortryllelsen ved Swirl Wrapped Gemstone Necklace med Opalite-\u00e6delsten, der udelukkende f\u00e5s hos Ancient Wisdom. Dette uds\u00f8gte smykke kombinerer tidl\u00f8s elegance med opalittens betagende sk\u00f8nhed. Som en betroet leverand\u00f8r af <a href=\"https:\/\/aromasentia.com\/wholesale-indian-gemstone-necklaces\" rel=\"noopener noreferrer\" target=\"_blank\"><strong>halsk\u00e6der med \u00e6delsten i l\u00f8ssalg<\/strong><\/a> tilbyder vi konkurrencedygtige priser og et bredt udvalg af designs i h\u00f8j kvalitet.<\/p>\n<p><\/p>\n<p><em>K\u00e6del\u00e6ngde: ca. 50 cm<\/em><\/p>\n","protected":false},"excerpt":{"rendered":"<p>Wholesale Swirl Wrapped Gemstone Necklace &#8211; Opalite Introducerer den f\u00e6ngslende Swirl Wrapped Gemstone Necklace med Opalite-\u00e6delsten, en sand legemligg\u00f8relse af sk\u00f8nhed og fortryllelse. Denne uds\u00f8gte halsk\u00e6de er en mesterlig blanding af kunst og natur, designet til at fange hjerter og v\u00e6kke beundring. Halsk\u00e6dens midtpunkt er \u00e6delstenen opalit, der er kendt for sin \u00e6teriske sk\u00f8nhed og [&hellip;]<\/p>\n","protected":false},"featured_media":422504,"comment_status":"closed","ping_status":"open","template":"","meta":{"_angie_page":false},"product_brand":[],"product_cat":[25212,25222,25706,5738],"product_tag":[],"class_list":{"0":"post-196559","1":"product","2":"type-product","3":"status-publish","4":"has-post-thumbnail","6":"product_cat-halskaeder-og-vedhaeng","7":"product_cat-krystaller-og-sten","8":"product_cat-opalit","9":"product_cat-smykker-og-accessories","10":"pa_collection-indian-gemstone-necklaces-da","11":"pa_made-in-indien","13":"first","14":"instock","15":"purchasable","16":"product-type-simple"},"supplier_id":null,"supplier_sku":"IGJ-10","barcode":null,"atum_controlled":true,"out_stock_date":null,"out_stock_threshold":null,"inheritable":false,"inbound_stock":null,"stock_on_hold":0,"sold_today":0,"sales_last_days":0,"reserved_stock":null,"customer_returns":null,"warehouse_damage":null,"lost_in_post":null,"other_logs":null,"out_stock_days":0,"lost_sales":0,"has_location":null,"update_date":"2026-04-27T19:08:53","atum_locations":[],"atum_stock_status":"instock","restock_status":false,"low_stock_amount":"","sales_update_date":"2026-02-06T00:02:16","calc_backorders":null,"_links":{"self":[{"href":"https:\/\/aromasentia.com\/da\/wp-json\/wp\/v2\/product\/196559","targetHints":{"allow":["GET"]}}],"collection":[{"href":"https:\/\/aromasentia.com\/da\/wp-json\/wp\/v2\/product"}],"about":[{"href":"https:\/\/aromasentia.com\/da\/wp-json\/wp\/v2\/types\/product"}],"replies":[{"embeddable":true,"href":"https:\/\/aromasentia.com\/da\/wp-json\/wp\/v2\/comments?post=196559"}],"version-history":[{"count":0,"href":"https:\/\/aromasentia.com\/da\/wp-json\/wp\/v2\/product\/196559\/revisions"}],"wp:featuredmedia":[{"embeddable":true,"href":"https:\/\/aromasentia.com\/da\/wp-json\/wp\/v2\/media\/422504"}],"wp:attachment":[{"href":"https:\/\/aromasentia.com\/da\/wp-json\/wp\/v2\/media?parent=196559"}],"wp:term":[{"taxonomy":"product_brand","embeddable":true,"href":"https:\/\/aromasentia.com\/da\/wp-json\/wp\/v2\/product_brand?post=196559"},{"taxonomy":"product_cat","embeddable":true,"href":"https:\/\/aromasentia.com\/da\/wp-json\/wp\/v2\/product_cat?post=196559"},{"taxonomy":"product_tag","embeddable":true,"href":"https:\/\/aromasentia.com\/da\/wp-json\/wp\/v2\/product_tag?post=196559"}],"curies":[{"name":"wp","href":"https:\/\/api.w.org\/{rel}","templated":true}]}}