{"id":196558,"date":"2025-03-23T11:06:24","date_gmt":"2025-03-23T11:06:24","guid":{"rendered":"https:\/\/aromasentia.com\/product\/swirl-wrapped-gemstone-necklace-black-onyx\/"},"modified":"2025-06-22T02:55:25","modified_gmt":"2025-06-22T02:55:25","slug":"swirl-wrapped-halskaede-med-aedelsten-sort-onyx","status":"publish","type":"product","link":"https:\/\/aromasentia.com\/da\/swirl-wrapped-halskaede-med-aedelsten-sort-onyx\/","title":{"rendered":"Swirl Wrapped Halsk\u00e6de med \u00c6delsten &#8211; Sort Onyx"},"content":{"rendered":"<h2>Wholesale Swirl Wrapped Gemstone Necklace &#8211; Black Onyx<\/h2>\n<p style=\"text-align: justify;\">Vedh\u00e6nget p\u00e5 denne halsk\u00e6de har et unikt swirl-wrapped design, der tilf\u00f8jer et strejf af kunstnerisk flair til smykket. Det professionelt udformede metalarbejde omkranser elegant Black Onyx-\u00e6delstenen og skaber et indviklet m\u00f8nster, der symboliserer str\u00f8mmen af energi og balance.<\/p>\n<p style=\"text-align: justify;\">Black Onyx er \u00e6ret for sine kraftfulde beskyttende egenskaber og jordforbindelse. Man mener, at den absorberer og omdanner negative energier og giver et skjold af styrke og indre harmoni. N\u00e5r du b\u00e6rer denne halsk\u00e6de, kan du udnytte de styrkende kvaliteter ved sort onyks og fremme selvtillid og f\u00f8lelsesm\u00e6ssig stabilitet.<\/p>\n<p style=\"text-align: justify;\">Oplev lokkemidlet Swirl Wrapped Gemstone Necklace med sort onyks-\u00e6delsten, der udelukkende f\u00e5s hos Ancient Wisdom. L\u00f8ft din smykkesamling med dette fantastiske smykke, der udstr\u00e5ler elegance og raffinement. Som en f\u00f8rende <a href=\"https:\/\/aromasentia.com\/wholesale-indian-gemstone-necklaces\" rel=\"noopener noreferrer\" target=\"_blank\"><strong>leverand\u00f8r af halsk\u00e6der med \u00e6delsten p\u00e5 engrosbasis<\/strong><\/a> tilbyder vi konkurrencedygtige priser og enest\u00e5ende kvalitet. Bes\u00f8g vores hjemmeside eller kontakt os i dag for at diskutere engrosmuligheder og afgive din ordre. Udvid din beholdning med vores uds\u00f8gte \u00e6delstenshalsk\u00e6der<\/p>\n<p><\/p>\n<p><em>K\u00e6del\u00e6ngde: ca. 50 cm<\/em><\/p>\n","protected":false},"excerpt":{"rendered":"<p>Wholesale Swirl Wrapped Gemstone Necklace &#8211; Black Onyx Vedh\u00e6nget p\u00e5 denne halsk\u00e6de har et unikt swirl-wrapped design, der tilf\u00f8jer et strejf af kunstnerisk flair til smykket. Det professionelt udformede metalarbejde omkranser elegant Black Onyx-\u00e6delstenen og skaber et indviklet m\u00f8nster, der symboliserer str\u00f8mmen af energi og balance. Black Onyx er \u00e6ret for sine kraftfulde beskyttende egenskaber [&hellip;]<\/p>\n","protected":false},"featured_media":422495,"comment_status":"closed","ping_status":"open","template":"","meta":{"_angie_page":false},"product_brand":[],"product_cat":[25212,25222,25702,5738],"product_tag":[],"class_list":{"0":"post-196558","1":"product","2":"type-product","3":"status-publish","4":"has-post-thumbnail","6":"product_cat-halskaeder-og-vedhaeng","7":"product_cat-krystaller-og-sten","8":"product_cat-onyx","9":"product_cat-smykker-og-accessories","10":"pa_collection-indian-gemstone-necklaces-da","11":"pa_made-in-indien","13":"first","14":"instock","15":"purchasable","16":"product-type-simple"},"supplier_id":null,"supplier_sku":"IGJ-09","barcode":null,"atum_controlled":true,"out_stock_date":null,"out_stock_threshold":null,"inheritable":false,"inbound_stock":null,"stock_on_hold":0,"sold_today":0,"sales_last_days":0,"reserved_stock":null,"customer_returns":null,"warehouse_damage":null,"lost_in_post":null,"other_logs":null,"out_stock_days":0,"lost_sales":0,"has_location":null,"update_date":"2026-04-27T07:08:39","atum_locations":[],"atum_stock_status":"instock","restock_status":false,"low_stock_amount":"","sales_update_date":"2026-02-06T00:02:45","calc_backorders":null,"_links":{"self":[{"href":"https:\/\/aromasentia.com\/da\/wp-json\/wp\/v2\/product\/196558","targetHints":{"allow":["GET"]}}],"collection":[{"href":"https:\/\/aromasentia.com\/da\/wp-json\/wp\/v2\/product"}],"about":[{"href":"https:\/\/aromasentia.com\/da\/wp-json\/wp\/v2\/types\/product"}],"replies":[{"embeddable":true,"href":"https:\/\/aromasentia.com\/da\/wp-json\/wp\/v2\/comments?post=196558"}],"version-history":[{"count":0,"href":"https:\/\/aromasentia.com\/da\/wp-json\/wp\/v2\/product\/196558\/revisions"}],"wp:featuredmedia":[{"embeddable":true,"href":"https:\/\/aromasentia.com\/da\/wp-json\/wp\/v2\/media\/422495"}],"wp:attachment":[{"href":"https:\/\/aromasentia.com\/da\/wp-json\/wp\/v2\/media?parent=196558"}],"wp:term":[{"taxonomy":"product_brand","embeddable":true,"href":"https:\/\/aromasentia.com\/da\/wp-json\/wp\/v2\/product_brand?post=196558"},{"taxonomy":"product_cat","embeddable":true,"href":"https:\/\/aromasentia.com\/da\/wp-json\/wp\/v2\/product_cat?post=196558"},{"taxonomy":"product_tag","embeddable":true,"href":"https:\/\/aromasentia.com\/da\/wp-json\/wp\/v2\/product_tag?post=196558"}],"curies":[{"name":"wp","href":"https:\/\/api.w.org\/{rel}","templated":true}]}}