{"id":196556,"date":"2025-03-23T11:06:24","date_gmt":"2025-03-23T11:06:24","guid":{"rendered":"https:\/\/aromasentia.com\/product\/swirl-wrapped-gemstone-necklace-tiger-eye\/"},"modified":"2025-06-22T02:55:24","modified_gmt":"2025-06-22T02:55:24","slug":"swirl-wrapped-halskaede-med-aedelsten-tigeroeje","status":"publish","type":"product","link":"https:\/\/aromasentia.com\/da\/swirl-wrapped-halskaede-med-aedelsten-tigeroeje\/","title":{"rendered":"Swirl Wrapped Halsk\u00e6de med \u00c6delsten &#8211; Tiger\u00f8je"},"content":{"rendered":"<h2>Wholesale Swirl Wrapped Gemstone Necklace &#8211; Tiger Eye<\/h2>\n<p style=\"text-align: justify;\">Introducerer den uds\u00f8gte Swirl Wrapped Gemstone Necklace med en f\u00e6ngslende Tiger Eye-\u00e6delsten. Dette fantastiske smykke viser et enest\u00e5ende h\u00e5ndv\u00e6rk og kombinerer den indviklede hvirvelindpakning med den fortryllende sk\u00f8nhed i Tiger\u00f8je, hvilket resulterer i et virkelig fascinerende tilbeh\u00f8r, der udstr\u00e5ler b\u00e5de raffinement og intriger.&nbsp;<\/p>\n<p style=\"text-align: justify;\">Denne indviklede indpakningsteknik viser kunstf\u00e6rdighed og opm\u00e6rksomhed p\u00e5 detaljer, hvilket skaber en f\u00f8lelse af elegance og raffinement. I midten af vedh\u00e6nget ligger en f\u00e6ngslende Tiger\u00f8je-\u00e6delsten, der er kendt for sine karakteristiske gyldenbrune nuancer og chatoyante effekt. \u00c6delstenens lysspil tilf\u00f8jer et strejf af dybde og mystik og g\u00f8r den til et fokuspunkt i denne enest\u00e5ende halsk\u00e6de. Med sine beskyttende og jordforbindende egenskaber giver Tiger Eye b\u00e6reren en f\u00f8lelse af balance og styrke.<br \/>Tak for din interesse i \u00e6delstenshalsk\u00e6der. I vores <a href=\"https:\/\/aromasentia.com\/wholesale-indian-gemstone-necklaces\" rel=\"noopener noreferrer\" target=\"_blank\"><strong>grovvaresalg af \u00e6delstensvedh\u00e6ng<\/strong><\/a>-kollektion tilbyder vi et fantastisk udvalg af \u00e6delstenshalsk\u00e6der af h\u00f8j kvalitet, som helt sikkert vil begejstre dine kunder. Disse uds\u00f8gte smykker er udformet med pr\u00e6cision og designet til at forbedre ethvert outfit. &nbsp;<\/p>\n<p><\/p>\n<p><em>K\u00e6del\u00e6ngde: ca. 50 cm<\/em><\/p>\n","protected":false},"excerpt":{"rendered":"<p>Wholesale Swirl Wrapped Gemstone Necklace &#8211; Tiger Eye Introducerer den uds\u00f8gte Swirl Wrapped Gemstone Necklace med en f\u00e6ngslende Tiger Eye-\u00e6delsten. Dette fantastiske smykke viser et enest\u00e5ende h\u00e5ndv\u00e6rk og kombinerer den indviklede hvirvelindpakning med den fortryllende sk\u00f8nhed i Tiger\u00f8je, hvilket resulterer i et virkelig fascinerende tilbeh\u00f8r, der udstr\u00e5ler b\u00e5de raffinement og intriger.&nbsp; Denne indviklede indpakningsteknik viser [&hellip;]<\/p>\n","protected":false},"featured_media":422437,"comment_status":"closed","ping_status":"open","template":"","meta":{"_angie_page":false},"product_brand":[],"product_cat":[25212,25222,5738,25781],"product_tag":[],"class_list":{"0":"post-196556","1":"product","2":"type-product","3":"status-publish","4":"has-post-thumbnail","6":"product_cat-halskaeder-og-vedhaeng","7":"product_cat-krystaller-og-sten","8":"product_cat-smykker-og-accessories","9":"product_cat-tigeroje","10":"pa_collection-indian-gemstone-necklaces-da","11":"pa_made-in-indien","13":"first","14":"instock","15":"purchasable","16":"product-type-simple"},"supplier_id":null,"supplier_sku":"IGJ-07","barcode":null,"atum_controlled":true,"out_stock_date":null,"out_stock_threshold":null,"inheritable":false,"inbound_stock":null,"stock_on_hold":0,"sold_today":0,"sales_last_days":0,"reserved_stock":null,"customer_returns":null,"warehouse_damage":null,"lost_in_post":null,"other_logs":null,"out_stock_days":0,"lost_sales":0,"has_location":null,"update_date":"2026-04-27T07:08:39","atum_locations":[],"atum_stock_status":"instock","restock_status":false,"low_stock_amount":"","sales_update_date":"2026-02-06T00:02:45","calc_backorders":null,"_links":{"self":[{"href":"https:\/\/aromasentia.com\/da\/wp-json\/wp\/v2\/product\/196556","targetHints":{"allow":["GET"]}}],"collection":[{"href":"https:\/\/aromasentia.com\/da\/wp-json\/wp\/v2\/product"}],"about":[{"href":"https:\/\/aromasentia.com\/da\/wp-json\/wp\/v2\/types\/product"}],"replies":[{"embeddable":true,"href":"https:\/\/aromasentia.com\/da\/wp-json\/wp\/v2\/comments?post=196556"}],"version-history":[{"count":0,"href":"https:\/\/aromasentia.com\/da\/wp-json\/wp\/v2\/product\/196556\/revisions"}],"wp:featuredmedia":[{"embeddable":true,"href":"https:\/\/aromasentia.com\/da\/wp-json\/wp\/v2\/media\/422437"}],"wp:attachment":[{"href":"https:\/\/aromasentia.com\/da\/wp-json\/wp\/v2\/media?parent=196556"}],"wp:term":[{"taxonomy":"product_brand","embeddable":true,"href":"https:\/\/aromasentia.com\/da\/wp-json\/wp\/v2\/product_brand?post=196556"},{"taxonomy":"product_cat","embeddable":true,"href":"https:\/\/aromasentia.com\/da\/wp-json\/wp\/v2\/product_cat?post=196556"},{"taxonomy":"product_tag","embeddable":true,"href":"https:\/\/aromasentia.com\/da\/wp-json\/wp\/v2\/product_tag?post=196556"}],"curies":[{"name":"wp","href":"https:\/\/api.w.org\/{rel}","templated":true}]}}