{"id":196554,"date":"2025-03-23T11:06:24","date_gmt":"2025-03-23T11:06:24","guid":{"rendered":"https:\/\/aromasentia.com\/product\/tree-of-life-gemstone-necklace-opalite\/"},"modified":"2025-06-22T02:55:23","modified_gmt":"2025-06-22T02:55:23","slug":"livets-trae-halskaede-af-aedelsten-opalit","status":"publish","type":"product","link":"https:\/\/aromasentia.com\/da\/livets-trae-halskaede-af-aedelsten-opalit\/","title":{"rendered":"Livets Tr\u00e6 &#8211; Halsk\u00e6de Af \u00c6delsten &#8211; Opalit"},"content":{"rendered":"<h2>Wholesale Livets tr\u00e6 \u00e6delsten halsk\u00e6de &#8211; Opalite<\/h2>\n<p style=\"text-align: justify;\">Introducerer den fortryllende Livets tr\u00e6 \u00e6delsten halsk\u00e6de med en f\u00e6ngslende Opalite \u00e6delsten. Dette uds\u00f8gte smykke forener ubesv\u00e6ret den tidl\u00f8se symbolik i Livets Tr\u00e6 med Opalits uimodst\u00e5elige charme, hvilket resulterer i et f\u00e6ngslende tilbeh\u00f8r, der udstr\u00e5ler b\u00e5de ynde og ro.<\/p>\n<p style=\"text-align: justify;\">I de indviklede grene ligger en fantastisk Opalit-\u00e6delsten, der er kendt for sin \u00e6teriske sk\u00f8nhed og sine spirituelle egenskaber. Opalits glitrende opaliserende nuancer tilf\u00f8rer halsk\u00e6den en overjordisk charme, mens dens beroligende energi giver en f\u00f8lelse af ro og \u00e5ndelig oplysning. Omfavn den f\u00e6ngslende charme ved Livets tr\u00e6-halsk\u00e6den med opalit, og lad den afspejle din indre styrke og forbindelse til det mystiske rige.<\/p>\n<p style=\"text-align: justify;\">Ved at tilbyde vores <a href=\"https:\/\/aromasentia.com\/wholesale-indian-gemstone-necklaces\" rel=\"noopener noreferrer\" target=\"_blank\"><strong>wholesale halsk\u00e6der<\/strong><\/a>, giver du dine kunder en bred vifte af muligheder, der passer til deres individuelle stil og pr\u00e6ferencer. Uanset om de er p\u00e5 udkig efter et statement-smykke prydet med levende \u00e6delsten eller en delikat halsk\u00e6de med en enkelt \u00e6delsten, har vores kollektion noget for enhver smag.<\/p>\n<p>&nbsp;<\/p>\n<p><em>K\u00e6del\u00e6ngde: ca. 50 cm<\/em><\/p>\n","protected":false},"excerpt":{"rendered":"<p>Wholesale Livets tr\u00e6 \u00e6delsten halsk\u00e6de &#8211; Opalite Introducerer den fortryllende Livets tr\u00e6 \u00e6delsten halsk\u00e6de med en f\u00e6ngslende Opalite \u00e6delsten. Dette uds\u00f8gte smykke forener ubesv\u00e6ret den tidl\u00f8se symbolik i Livets Tr\u00e6 med Opalits uimodst\u00e5elige charme, hvilket resulterer i et f\u00e6ngslende tilbeh\u00f8r, der udstr\u00e5ler b\u00e5de ynde og ro. I de indviklede grene ligger en fantastisk Opalit-\u00e6delsten, der [&hellip;]<\/p>\n","protected":false},"featured_media":422411,"comment_status":"closed","ping_status":"open","template":"","meta":[],"product_brand":[],"product_cat":[25212,25222,25706,5738],"product_tag":[],"class_list":{"0":"post-196554","1":"product","2":"type-product","3":"status-publish","4":"has-post-thumbnail","6":"product_cat-halskaeder-og-vedhaeng","7":"product_cat-krystaller-og-sten","8":"product_cat-opalit","9":"product_cat-smykker-og-accessories","10":"pa_collection-indian-gemstone-necklaces-da","11":"pa_made-in-indien","13":"first","14":"instock","15":"purchasable","16":"product-type-simple"},"supplier_id":null,"supplier_sku":"IGJ-05","barcode":null,"atum_controlled":true,"out_stock_date":null,"out_stock_threshold":null,"inheritable":false,"inbound_stock":null,"stock_on_hold":0,"sold_today":0,"sales_last_days":0,"reserved_stock":null,"customer_returns":null,"warehouse_damage":null,"lost_in_post":null,"other_logs":null,"out_stock_days":0,"lost_sales":0,"has_location":null,"update_date":"2026-02-05T22:34:19","atum_locations":[],"atum_stock_status":"instock","restock_status":false,"low_stock_amount":"","sales_update_date":"2025-09-03T00:16:38","calc_backorders":null,"_links":{"self":[{"href":"https:\/\/aromasentia.com\/da\/wp-json\/wp\/v2\/product\/196554","targetHints":{"allow":["GET"]}}],"collection":[{"href":"https:\/\/aromasentia.com\/da\/wp-json\/wp\/v2\/product"}],"about":[{"href":"https:\/\/aromasentia.com\/da\/wp-json\/wp\/v2\/types\/product"}],"replies":[{"embeddable":true,"href":"https:\/\/aromasentia.com\/da\/wp-json\/wp\/v2\/comments?post=196554"}],"version-history":[{"count":0,"href":"https:\/\/aromasentia.com\/da\/wp-json\/wp\/v2\/product\/196554\/revisions"}],"wp:featuredmedia":[{"embeddable":true,"href":"https:\/\/aromasentia.com\/da\/wp-json\/wp\/v2\/media\/422411"}],"wp:attachment":[{"href":"https:\/\/aromasentia.com\/da\/wp-json\/wp\/v2\/media?parent=196554"}],"wp:term":[{"taxonomy":"product_brand","embeddable":true,"href":"https:\/\/aromasentia.com\/da\/wp-json\/wp\/v2\/product_brand?post=196554"},{"taxonomy":"product_cat","embeddable":true,"href":"https:\/\/aromasentia.com\/da\/wp-json\/wp\/v2\/product_cat?post=196554"},{"taxonomy":"product_tag","embeddable":true,"href":"https:\/\/aromasentia.com\/da\/wp-json\/wp\/v2\/product_tag?post=196554"}],"curies":[{"name":"wp","href":"https:\/\/api.w.org\/{rel}","templated":true}]}}