{"id":196553,"date":"2025-03-23T11:06:24","date_gmt":"2025-03-23T11:06:24","guid":{"rendered":"https:\/\/aromasentia.com\/product\/tree-of-life-gemstone-necklace-black-onyx\/"},"modified":"2025-06-22T02:55:23","modified_gmt":"2025-06-22T02:55:23","slug":"livets-trae-halskaede-af-aedelsten-sort-onyx","status":"publish","type":"product","link":"https:\/\/aromasentia.com\/da\/livets-trae-halskaede-af-aedelsten-sort-onyx\/","title":{"rendered":"Livets Tr\u00e6 &#8211; Halsk\u00e6de Af \u00c6delsten &#8211; Sort Onyx"},"content":{"rendered":"<h2>Wholesale Livets tr\u00e6 \u00e6delsten halsk\u00e6de &#8211; sort onyx<\/h2>\n<p style=\"text-align: justify;\">Introducerer den f\u00e6ngslende Livets tr\u00e6 \u00e6delsten halsk\u00e6de prydet med en fascinerende sort onyx \u00e6delsten, en fantastisk syntese af symbolsk dybde og elegant lokke. Dette ekstraordin\u00e6re smykke kombinerer problemfrit den tidl\u00f8se betydning af Livets tr\u00e6 med den f\u00e6ngslende sk\u00f8nhed af sort onyx, hvilket resulterer i et virkelig fortryllende tilbeh\u00f8r, der udstr\u00e5ler b\u00e5de raffinement og mystik.&nbsp;<\/p>\n<p style=\"text-align: justify;\">Sort onyx er kendt for sin dybe, uigennemsigtige sorte nuance og har en st\u00e6rk energi, der er forbundet med beskyttelse og jordforbindelse. \u00c6delstenen tilf\u00f8rer ikke kun halsk\u00e6den et strejf af g\u00e5defuld sk\u00f8nhed, men fungerer ogs\u00e5 som en kilde til styrke og stabilitet. Med sin aura af mystik og modstandsdygtighed er Black Onyx et symbol p\u00e5 indre styrke og selvbeherskelse. Smyk dig med Livets tr\u00e6-halsk\u00e6den med sort onyx, og lad dens f\u00e6ngslende sk\u00f8nhed og symbolske dybde afspejle din indre kraft og forbindelse til den naturlige verden.<\/p>\n<p style=\"text-align: justify;\">G\u00e5 ikke glip af denne gyldne mulighed! Bestil vores \u00e6delstenshalsk\u00e6der i dag, og l\u00f8ft din forretning til nye h\u00f8jder. Slut dig til r\u00e6kken af succesfulde detailhandlere, der har taget imod lokken fra <a href=\"https:\/\/aromasentia.com\/wholesale-indian-gemstone-necklaces\" rel=\"noopener noreferrer\" target=\"_blank\"><strong>halsk\u00e6der med \u00e6delsten i l\u00f8ssalg<\/strong><\/a> og set deres salg stige til vejrs. <\/p>\n<p><\/p>\n<p><em>K\u00e6del\u00e6ngde: ca. 50 cm<\/em><\/p>\n","protected":false},"excerpt":{"rendered":"<p>Wholesale Livets tr\u00e6 \u00e6delsten halsk\u00e6de &#8211; sort onyx Introducerer den f\u00e6ngslende Livets tr\u00e6 \u00e6delsten halsk\u00e6de prydet med en fascinerende sort onyx \u00e6delsten, en fantastisk syntese af symbolsk dybde og elegant lokke. Dette ekstraordin\u00e6re smykke kombinerer problemfrit den tidl\u00f8se betydning af Livets tr\u00e6 med den f\u00e6ngslende sk\u00f8nhed af sort onyx, hvilket resulterer i et virkelig fortryllende [&hellip;]<\/p>\n","protected":false},"featured_media":422394,"comment_status":"closed","ping_status":"open","template":"","meta":{"_angie_page":false},"product_brand":[],"product_cat":[25212,25222,25702,5738],"product_tag":[],"class_list":{"0":"post-196553","1":"product","2":"type-product","3":"status-publish","4":"has-post-thumbnail","6":"product_cat-halskaeder-og-vedhaeng","7":"product_cat-krystaller-og-sten","8":"product_cat-onyx","9":"product_cat-smykker-og-accessories","10":"pa_collection-indian-gemstone-necklaces-da","11":"pa_made-in-indien","13":"first","14":"instock","15":"purchasable","16":"product-type-simple"},"supplier_id":null,"supplier_sku":"IGJ-04","barcode":null,"atum_controlled":true,"out_stock_date":null,"out_stock_threshold":null,"inheritable":false,"inbound_stock":null,"stock_on_hold":0,"sold_today":0,"sales_last_days":0,"reserved_stock":null,"customer_returns":null,"warehouse_damage":null,"lost_in_post":null,"other_logs":null,"out_stock_days":0,"lost_sales":0,"has_location":null,"update_date":"2026-04-27T07:08:39","atum_locations":[],"atum_stock_status":"instock","restock_status":false,"low_stock_amount":"","sales_update_date":"2026-01-30T01:25:01","calc_backorders":null,"_links":{"self":[{"href":"https:\/\/aromasentia.com\/da\/wp-json\/wp\/v2\/product\/196553","targetHints":{"allow":["GET"]}}],"collection":[{"href":"https:\/\/aromasentia.com\/da\/wp-json\/wp\/v2\/product"}],"about":[{"href":"https:\/\/aromasentia.com\/da\/wp-json\/wp\/v2\/types\/product"}],"replies":[{"embeddable":true,"href":"https:\/\/aromasentia.com\/da\/wp-json\/wp\/v2\/comments?post=196553"}],"version-history":[{"count":0,"href":"https:\/\/aromasentia.com\/da\/wp-json\/wp\/v2\/product\/196553\/revisions"}],"wp:featuredmedia":[{"embeddable":true,"href":"https:\/\/aromasentia.com\/da\/wp-json\/wp\/v2\/media\/422394"}],"wp:attachment":[{"href":"https:\/\/aromasentia.com\/da\/wp-json\/wp\/v2\/media?parent=196553"}],"wp:term":[{"taxonomy":"product_brand","embeddable":true,"href":"https:\/\/aromasentia.com\/da\/wp-json\/wp\/v2\/product_brand?post=196553"},{"taxonomy":"product_cat","embeddable":true,"href":"https:\/\/aromasentia.com\/da\/wp-json\/wp\/v2\/product_cat?post=196553"},{"taxonomy":"product_tag","embeddable":true,"href":"https:\/\/aromasentia.com\/da\/wp-json\/wp\/v2\/product_tag?post=196553"}],"curies":[{"name":"wp","href":"https:\/\/api.w.org\/{rel}","templated":true}]}}