{"id":196552,"date":"2025-03-23T11:06:24","date_gmt":"2025-03-23T11:06:24","guid":{"rendered":"https:\/\/aromasentia.com\/product\/tree-of-life-gemstone-necklace-amethyst\/"},"modified":"2025-06-22T02:55:22","modified_gmt":"2025-06-22T02:55:22","slug":"livets-trae-halskaede-af-aedelsten-ametyst","status":"publish","type":"product","link":"https:\/\/aromasentia.com\/da\/livets-trae-halskaede-af-aedelsten-ametyst\/","title":{"rendered":"Livets Tr\u00e6 Halsk\u00e6de Af \u00c6delsten &#8211; Ametyst"},"content":{"rendered":"<h2>Wholesale Tree of Life Gemstone Necklace &#8211; Amethyst<\/h2>\n<p style=\"text-align: justify;\">Halsk\u00e6den har et omhyggeligt udformet Tree of Life-vedh\u00e6ng, der repr\u00e6senterer sammenh\u00e6ngen mellem alle levende ting og livets cyklus. I tr\u00e6ets indviklede grene ligger en fantastisk ametyst-\u00e6delsten. Ametyst er kendt for sine f\u00e6ngslende violette nuancer og spirituelle egenskaber og er \u00e6ret for sine beroligende og beskyttende energier.&nbsp;<\/p>\n<p style=\"text-align: justify;\">\u00c6delstenen tilf\u00f8jer ikke kun et strejf af \u00e6terisk sk\u00f8nhed til halsk\u00e6den, men fungerer ogs\u00e5 som en kilde til balance og spirituel klarhed. Med sin beroligende energi og forbindelse til h\u00f8jere bevidsthed er ametyst et symbol p\u00e5 \u00e5ndelig v\u00e6kst og indre fred. Smyk dig med Tree of Life Gemstone Necklace with Amethyst, og lad dens betagende sk\u00f8nhed og spirituelle betydning afspejle din indre styrke og forbindelse til naturen.<\/p>\n<p style=\"text-align: justify;\">Bestil nu, og bliv en forhandler, der er kendt for at tilbyde de fineste <a href=\"https:\/\/aromasentia.com\/wholesale-indian-gemstone-necklaces\" rel=\"noopener noreferrer\" target=\"_blank\"><strong>naturlige \u00e6delstensvedh\u00e6ng engros<\/strong><\/a> p\u00e5 markedet. Gl\u00e6d dine kunder med sk\u00f8nheden og charmen ved dette uds\u00f8gte tilbeh\u00f8r, og g\u00f8r din butik til en destination for dem, der s\u00f8ger autentiske og etisk fremskaffede \u00e6delstenssmykker. Handl nu, og udnyt potentialet i vores \u00e6delstenshalsk\u00e6der for din virksomhed!<\/p>\n<p><\/p>\n<p><em>K\u00e6del\u00e6ngde: ca. 50 cm<\/em><\/p>\n","protected":false},"excerpt":{"rendered":"<p>Wholesale Tree of Life Gemstone Necklace &#8211; Amethyst Halsk\u00e6den har et omhyggeligt udformet Tree of Life-vedh\u00e6ng, der repr\u00e6senterer sammenh\u00e6ngen mellem alle levende ting og livets cyklus. I tr\u00e6ets indviklede grene ligger en fantastisk ametyst-\u00e6delsten. Ametyst er kendt for sine f\u00e6ngslende violette nuancer og spirituelle egenskaber og er \u00e6ret for sine beroligende og beskyttende energier.&nbsp; \u00c6delstenen [&hellip;]<\/p>\n","protected":false},"featured_media":422361,"comment_status":"closed","ping_status":"open","template":"","meta":[],"product_brand":[],"product_cat":[25544,25212,25222,5738],"product_tag":[],"class_list":{"0":"post-196552","1":"product","2":"type-product","3":"status-publish","4":"has-post-thumbnail","6":"product_cat-ametyst","7":"product_cat-halskaeder-og-vedhaeng","8":"product_cat-krystaller-og-sten","9":"product_cat-smykker-og-accessories","10":"pa_collection-indian-gemstone-necklaces-da","11":"pa_made-in-indien","13":"first","14":"instock","15":"purchasable","16":"product-type-simple"},"supplier_id":null,"supplier_sku":"IGJ-03","barcode":null,"atum_controlled":true,"out_stock_date":null,"out_stock_threshold":null,"inheritable":false,"inbound_stock":null,"stock_on_hold":0,"sold_today":0,"sales_last_days":0,"reserved_stock":null,"customer_returns":null,"warehouse_damage":null,"lost_in_post":null,"other_logs":null,"out_stock_days":0,"lost_sales":0,"has_location":null,"update_date":"2026-01-30T13:08:52","atum_locations":[],"atum_stock_status":"instock","restock_status":false,"low_stock_amount":"","sales_update_date":"2025-09-03T00:16:37","calc_backorders":null,"_links":{"self":[{"href":"https:\/\/aromasentia.com\/da\/wp-json\/wp\/v2\/product\/196552","targetHints":{"allow":["GET"]}}],"collection":[{"href":"https:\/\/aromasentia.com\/da\/wp-json\/wp\/v2\/product"}],"about":[{"href":"https:\/\/aromasentia.com\/da\/wp-json\/wp\/v2\/types\/product"}],"replies":[{"embeddable":true,"href":"https:\/\/aromasentia.com\/da\/wp-json\/wp\/v2\/comments?post=196552"}],"version-history":[{"count":0,"href":"https:\/\/aromasentia.com\/da\/wp-json\/wp\/v2\/product\/196552\/revisions"}],"wp:featuredmedia":[{"embeddable":true,"href":"https:\/\/aromasentia.com\/da\/wp-json\/wp\/v2\/media\/422361"}],"wp:attachment":[{"href":"https:\/\/aromasentia.com\/da\/wp-json\/wp\/v2\/media?parent=196552"}],"wp:term":[{"taxonomy":"product_brand","embeddable":true,"href":"https:\/\/aromasentia.com\/da\/wp-json\/wp\/v2\/product_brand?post=196552"},{"taxonomy":"product_cat","embeddable":true,"href":"https:\/\/aromasentia.com\/da\/wp-json\/wp\/v2\/product_cat?post=196552"},{"taxonomy":"product_tag","embeddable":true,"href":"https:\/\/aromasentia.com\/da\/wp-json\/wp\/v2\/product_tag?post=196552"}],"curies":[{"name":"wp","href":"https:\/\/api.w.org\/{rel}","templated":true}]}}