{"id":196551,"date":"2025-03-23T11:06:24","date_gmt":"2025-03-23T11:06:24","guid":{"rendered":"https:\/\/aromasentia.com\/product\/tree-of-life-gemstone-necklace-tiger-eye\/"},"modified":"2025-06-22T02:55:22","modified_gmt":"2025-06-22T02:55:22","slug":"livets-trae-halskaede-af-aedelsten-tigeroeje","status":"publish","type":"product","link":"https:\/\/aromasentia.com\/da\/livets-trae-halskaede-af-aedelsten-tigeroeje\/","title":{"rendered":"Livets Tr\u00e6 Halsk\u00e6de Af \u00c6delsten &#8211; Tiger\u00f8je"},"content":{"rendered":"<h2>Wholesale Livets tr\u00e6 \u00e6delsten halsk\u00e6de &#8211; Tiger\u00f8je<\/h2>\n<p style=\"text-align: justify;\">Introducerer den uds\u00f8gte Livets tr\u00e6 \u00e6delsten halsk\u00e6de prydet med en fascinerende Tiger\u00f8je \u00e6delsten, en sand legemligg\u00f8relse af naturlig sk\u00f8nhed og \u00e5ndelig betydning. Dette bem\u00e6rkelsesv\u00e6rdige smykke kombinerer problemfrit den tidl\u00f8se symbolik i Livets Tr\u00e6 med Tiger\u00f8jets f\u00e6ngslende tiltr\u00e6kningskraft, hvilket resulterer i et virkelig fortryllende tilbeh\u00f8r, der udstr\u00e5ler b\u00e5de elegance og mystik.<\/p>\n<p style=\"text-align: justify;\">Tiger\u00f8je er kendt for sine rige, gyldne nuancer og f\u00e6ngslende chatoyans og er \u00e6ret for sine beskyttende og jordforbindende egenskaber. \u00c6delstenen tilf\u00f8jer ikke kun et strejf af varme og livlighed til halsk\u00e6den, men fungerer ogs\u00e5 som en kilde til styrke og klarhed. Med sit flimrende spil af lys og dybde fungerer Tiger Eye-\u00e6delstenen som en konstant p\u00e5mindelse om balancen mellem lys og m\u00f8rke og den transformerende kraft i selvrefleksion.<\/p>\n<p style=\"text-align: justify;\">Vores \u00e6delstenshalsk\u00e6der er omhyggeligt udformet med \u00e6delsten af h\u00f8j kvalitet, der fremh\u00e6ver deres naturlige sk\u00f8nhed og unikke egenskaber. Ved at tilbyde vores <a href=\"https:\/\/aromasentia.com\/wholesale-indian-gemstone-necklaces\" rel=\"noopener noreferrer\" target=\"_blank\"><strong>grossistvedh\u00e6ng med \u00e6delsten<\/strong><\/a> som en del af dit smykkeudvalg, giver du dine kunder mulighed for at eje et helt s\u00e6rligt tilbeh\u00f8r, der kombinerer stil og raffinement. Disse halsk\u00e6der er indbegrebet af tidl\u00f8s elegance og tilbyder et alsidigt tilbeh\u00f8r, der ubesv\u00e6ret kan forbedre ethvert outfit. &nbsp;<\/p>\n<p><\/p>\n<p><em>K\u00e6del\u00e6ngde: ca. 50 cm<\/em><\/p>\n","protected":false},"excerpt":{"rendered":"<p>Wholesale Livets tr\u00e6 \u00e6delsten halsk\u00e6de &#8211; Tiger\u00f8je Introducerer den uds\u00f8gte Livets tr\u00e6 \u00e6delsten halsk\u00e6de prydet med en fascinerende Tiger\u00f8je \u00e6delsten, en sand legemligg\u00f8relse af naturlig sk\u00f8nhed og \u00e5ndelig betydning. Dette bem\u00e6rkelsesv\u00e6rdige smykke kombinerer problemfrit den tidl\u00f8se symbolik i Livets Tr\u00e6 med Tiger\u00f8jets f\u00e6ngslende tiltr\u00e6kningskraft, hvilket resulterer i et virkelig fortryllende tilbeh\u00f8r, der udstr\u00e5ler b\u00e5de elegance [&hellip;]<\/p>\n","protected":false},"featured_media":422336,"comment_status":"closed","ping_status":"open","template":"","meta":{"_angie_page":false},"product_brand":[],"product_cat":[25212,25222,5738,25781],"product_tag":[],"class_list":{"0":"post-196551","1":"product","2":"type-product","3":"status-publish","4":"has-post-thumbnail","6":"product_cat-halskaeder-og-vedhaeng","7":"product_cat-krystaller-og-sten","8":"product_cat-smykker-og-accessories","9":"product_cat-tigeroje","10":"pa_collection-indian-gemstone-necklaces-da","11":"pa_made-in-indien","13":"first","14":"instock","15":"purchasable","16":"product-type-simple"},"supplier_id":null,"supplier_sku":"IGJ-02","barcode":null,"atum_controlled":true,"out_stock_date":null,"out_stock_threshold":null,"inheritable":false,"inbound_stock":null,"stock_on_hold":0,"sold_today":0,"sales_last_days":0,"reserved_stock":null,"customer_returns":null,"warehouse_damage":null,"lost_in_post":null,"other_logs":null,"out_stock_days":0,"lost_sales":0,"has_location":null,"update_date":"2026-05-08T05:10:51","atum_locations":[],"atum_stock_status":"instock","restock_status":false,"low_stock_amount":"","sales_update_date":"2026-01-30T01:24:45","calc_backorders":null,"_links":{"self":[{"href":"https:\/\/aromasentia.com\/da\/wp-json\/wp\/v2\/product\/196551","targetHints":{"allow":["GET"]}}],"collection":[{"href":"https:\/\/aromasentia.com\/da\/wp-json\/wp\/v2\/product"}],"about":[{"href":"https:\/\/aromasentia.com\/da\/wp-json\/wp\/v2\/types\/product"}],"replies":[{"embeddable":true,"href":"https:\/\/aromasentia.com\/da\/wp-json\/wp\/v2\/comments?post=196551"}],"version-history":[{"count":0,"href":"https:\/\/aromasentia.com\/da\/wp-json\/wp\/v2\/product\/196551\/revisions"}],"wp:featuredmedia":[{"embeddable":true,"href":"https:\/\/aromasentia.com\/da\/wp-json\/wp\/v2\/media\/422336"}],"wp:attachment":[{"href":"https:\/\/aromasentia.com\/da\/wp-json\/wp\/v2\/media?parent=196551"}],"wp:term":[{"taxonomy":"product_brand","embeddable":true,"href":"https:\/\/aromasentia.com\/da\/wp-json\/wp\/v2\/product_brand?post=196551"},{"taxonomy":"product_cat","embeddable":true,"href":"https:\/\/aromasentia.com\/da\/wp-json\/wp\/v2\/product_cat?post=196551"},{"taxonomy":"product_tag","embeddable":true,"href":"https:\/\/aromasentia.com\/da\/wp-json\/wp\/v2\/product_tag?post=196551"}],"curies":[{"name":"wp","href":"https:\/\/api.w.org\/{rel}","templated":true}]}}