{"id":196543,"date":"2025-03-23T11:06:32","date_gmt":"2025-03-23T11:06:32","guid":{"rendered":"https:\/\/aromasentia.com\/product\/magnetic-gemstone-bracelet-sodalite\/"},"modified":"2025-06-22T02:55:19","modified_gmt":"2025-06-22T02:55:19","slug":"magnetisk-armbaand-sodalit","status":"publish","type":"product","link":"https:\/\/aromasentia.com\/da\/magnetisk-armbaand-sodalit\/","title":{"rendered":"Magnetisk Armb\u00e5nd &#8211; Sodalit"},"content":{"rendered":"<p>Denne serie af magnetiske \u00e6delstensarmb\u00e5nd er lavet til dig, der kan lide at udtrykke din personlighed!<\/p>\n<p>Ideelt mix-and-match-produkt, da du gerne vil skabe et &#8220;look&#8221; med tre eller fire.<\/p>\n<p>For \u00e5r siden var disse enormt popul\u00e6re, med p\u00e5stande om helbredende eller mystiske tiltr\u00e6kningsevner &#8211; \u00e6delsten har masser af magiske egenskaber, og med tiger\u00f8je-, sodalit- og r\u00f8dstensserierne kan du im\u00f8dekomme enhver smag.<\/p>\n<p>En perfekt gave til enhver lejlighed.<\/p>\n<p>Alle armb\u00e5ndene er fastgjort sammen med st\u00e6rk elastik, s\u00e5 de kan str\u00e6kkes til at passe til enhver h\u00e5ndledsst\u00f8rrelse.<\/p>\n<p>Pip\u00e9r din smykkeafdeling op og tilf\u00f8j lidt farve med disse magnetiske armb\u00e5nd. K\u00f8b dit lager i dag!<\/p>\n","protected":false},"excerpt":{"rendered":"<p>Denne serie af magnetiske \u00e6delstensarmb\u00e5nd er lavet til dig, der kan lide at udtrykke din personlighed! Ideelt mix-and-match-produkt, da du gerne vil skabe et &#8220;look&#8221; med tre eller fire. For \u00e5r siden var disse enormt popul\u00e6re, med p\u00e5stande om helbredende eller mystiske tiltr\u00e6kningsevner &#8211; \u00e6delsten har masser af magiske egenskaber, og med tiger\u00f8je-, sodalit- og [&hellip;]<\/p>\n","protected":false},"featured_media":425149,"comment_status":"closed","ping_status":"open","template":"","meta":[],"product_brand":[],"product_cat":[25211,25222,5738,25773],"product_tag":[],"class_list":{"0":"post-196543","1":"product","2":"type-product","3":"status-publish","4":"has-post-thumbnail","6":"product_cat-armband-smykker-og-accessories","7":"product_cat-krystaller-og-sten","8":"product_cat-smykker-og-accessories","9":"product_cat-sodalit","10":"pa_collection-magnetic-gemstone-bracelets-da","11":"pa_made-in-kina","13":"first","14":"instock","15":"purchasable","16":"product-type-simple"},"supplier_id":null,"supplier_sku":"MGBS-08","barcode":null,"atum_controlled":true,"out_stock_date":null,"out_stock_threshold":null,"inheritable":false,"inbound_stock":null,"stock_on_hold":0,"sold_today":0,"sales_last_days":0,"reserved_stock":null,"customer_returns":null,"warehouse_damage":null,"lost_in_post":null,"other_logs":null,"out_stock_days":0,"lost_sales":0,"has_location":null,"update_date":"2026-02-10T10:30:53","atum_locations":[],"atum_stock_status":"instock","restock_status":false,"low_stock_amount":"","sales_update_date":"2025-09-03T00:16:35","calc_backorders":null,"_links":{"self":[{"href":"https:\/\/aromasentia.com\/da\/wp-json\/wp\/v2\/product\/196543","targetHints":{"allow":["GET"]}}],"collection":[{"href":"https:\/\/aromasentia.com\/da\/wp-json\/wp\/v2\/product"}],"about":[{"href":"https:\/\/aromasentia.com\/da\/wp-json\/wp\/v2\/types\/product"}],"replies":[{"embeddable":true,"href":"https:\/\/aromasentia.com\/da\/wp-json\/wp\/v2\/comments?post=196543"}],"version-history":[{"count":0,"href":"https:\/\/aromasentia.com\/da\/wp-json\/wp\/v2\/product\/196543\/revisions"}],"wp:featuredmedia":[{"embeddable":true,"href":"https:\/\/aromasentia.com\/da\/wp-json\/wp\/v2\/media\/425149"}],"wp:attachment":[{"href":"https:\/\/aromasentia.com\/da\/wp-json\/wp\/v2\/media?parent=196543"}],"wp:term":[{"taxonomy":"product_brand","embeddable":true,"href":"https:\/\/aromasentia.com\/da\/wp-json\/wp\/v2\/product_brand?post=196543"},{"taxonomy":"product_cat","embeddable":true,"href":"https:\/\/aromasentia.com\/da\/wp-json\/wp\/v2\/product_cat?post=196543"},{"taxonomy":"product_tag","embeddable":true,"href":"https:\/\/aromasentia.com\/da\/wp-json\/wp\/v2\/product_tag?post=196543"}],"curies":[{"name":"wp","href":"https:\/\/api.w.org\/{rel}","templated":true}]}}