{"id":196530,"date":"2025-03-23T11:06:32","date_gmt":"2025-03-23T11:06:32","guid":{"rendered":"https:\/\/aromasentia.com\/product\/gemstone-manifestation-bracelet-rare-mookiate-wisdom\/"},"modified":"2025-06-22T02:55:12","modified_gmt":"2025-06-22T02:55:12","slug":"armbaand-manifestation-sjaelden-mookiate-visdom","status":"publish","type":"product","link":"https:\/\/aromasentia.com\/da\/armbaand-manifestation-sjaelden-mookiate-visdom\/","title":{"rendered":"Armb\u00e5nd Manifestation &#8211; Sj\u00e6lden mookiate &#8211; Visdom"},"content":{"rendered":"<p><span style=\"color: rgb(75, 80, 88);\"><strong>\u00c6delstensmanifestationsarmb\u00e5nd &#8211; Sj\u00e6lden Mookait &#8211; Visdom<\/strong><\/span><\/p>\n<p><span style=\"color: rgb(75, 80, 88);\">For\u00f8g dit butiks udvalg med et f\u00e6ngslende \u00e6delstensmanifestationsarmb\u00e5nd med sj\u00e6lden Mookait, en sten med dyb visdom. Dette armb\u00e5nd er fremstillet med \u00e6gte sj\u00e6ldne Mookait-perler og legemligg\u00f8r indsigt og viden.<\/span><\/p>\n<p><span style=\"color: rgb(75, 80, 88);\">Hvert armb\u00e5nd er omhyggeligt h\u00e5ndlavet og fremviser de uds\u00f8gte og unikke m\u00f8nstre af sj\u00e6lden Mookait.<\/span><\/p>\n<p><span style=\"color: rgb(75, 80, 88);\">Inviter dine kunder til at omfavne deres indre visdom og intuition med dette uds\u00f8gte smykke. Lad dem manifestere en vej til st\u00f8rre forst\u00e5else og oplysning med <strong>\u00c6delstensmanifestationsarmb\u00e5ndet &#8211; Sj\u00e6lden Mookait &#8211; Visdom<\/strong>.<\/span><\/p>\n","protected":false},"excerpt":{"rendered":"<p>\u00c6delstensmanifestationsarmb\u00e5nd &#8211; Sj\u00e6lden Mookait &#8211; Visdom For\u00f8g dit butiks udvalg med et f\u00e6ngslende \u00e6delstensmanifestationsarmb\u00e5nd med sj\u00e6lden Mookait, en sten med dyb visdom. Dette armb\u00e5nd er fremstillet med \u00e6gte sj\u00e6ldne Mookait-perler og legemligg\u00f8r indsigt og viden. Hvert armb\u00e5nd er omhyggeligt h\u00e5ndlavet og fremviser de uds\u00f8gte og unikke m\u00f8nstre af sj\u00e6lden Mookait. Inviter dine kunder til at [&hellip;]<\/p>\n","protected":false},"featured_media":424360,"comment_status":"closed","ping_status":"open","template":"","meta":{"_angie_page":false},"product_brand":[],"product_cat":[25211,5738],"product_tag":[],"class_list":{"0":"post-196530","1":"product","2":"type-product","3":"status-publish","4":"has-post-thumbnail","6":"product_cat-armband-smykker-og-accessories","7":"product_cat-smykker-og-accessories","8":"pa_collection-gemstone-bracelets-for-manifestation-da","9":"pa_made-in-kina","11":"first","12":"instock","13":"purchasable","14":"product-type-simple"},"supplier_id":null,"supplier_sku":"ManB-12","barcode":null,"atum_controlled":true,"out_stock_date":null,"out_stock_threshold":null,"inheritable":false,"inbound_stock":null,"stock_on_hold":0,"sold_today":0,"sales_last_days":0,"reserved_stock":null,"customer_returns":null,"warehouse_damage":null,"lost_in_post":null,"other_logs":null,"out_stock_days":0,"lost_sales":0,"has_location":null,"update_date":"2026-05-08T05:13:08","atum_locations":[],"atum_stock_status":"instock","restock_status":false,"low_stock_amount":"","sales_update_date":"2026-01-30T01:24:51","calc_backorders":null,"_links":{"self":[{"href":"https:\/\/aromasentia.com\/da\/wp-json\/wp\/v2\/product\/196530","targetHints":{"allow":["GET"]}}],"collection":[{"href":"https:\/\/aromasentia.com\/da\/wp-json\/wp\/v2\/product"}],"about":[{"href":"https:\/\/aromasentia.com\/da\/wp-json\/wp\/v2\/types\/product"}],"replies":[{"embeddable":true,"href":"https:\/\/aromasentia.com\/da\/wp-json\/wp\/v2\/comments?post=196530"}],"version-history":[{"count":0,"href":"https:\/\/aromasentia.com\/da\/wp-json\/wp\/v2\/product\/196530\/revisions"}],"wp:featuredmedia":[{"embeddable":true,"href":"https:\/\/aromasentia.com\/da\/wp-json\/wp\/v2\/media\/424360"}],"wp:attachment":[{"href":"https:\/\/aromasentia.com\/da\/wp-json\/wp\/v2\/media?parent=196530"}],"wp:term":[{"taxonomy":"product_brand","embeddable":true,"href":"https:\/\/aromasentia.com\/da\/wp-json\/wp\/v2\/product_brand?post=196530"},{"taxonomy":"product_cat","embeddable":true,"href":"https:\/\/aromasentia.com\/da\/wp-json\/wp\/v2\/product_cat?post=196530"},{"taxonomy":"product_tag","embeddable":true,"href":"https:\/\/aromasentia.com\/da\/wp-json\/wp\/v2\/product_tag?post=196530"}],"curies":[{"name":"wp","href":"https:\/\/api.w.org\/{rel}","templated":true}]}}