{"id":196529,"date":"2025-03-23T11:06:32","date_gmt":"2025-03-23T11:06:32","guid":{"rendered":"https:\/\/aromasentia.com\/product\/gemstone-manifestation-bracelet-sodalite-truth\/"},"modified":"2025-06-22T02:55:12","modified_gmt":"2025-06-22T02:55:12","slug":"armbaand-sodalit-sandhed","status":"publish","type":"product","link":"https:\/\/aromasentia.com\/da\/armbaand-sodalit-sandhed\/","title":{"rendered":"Armb\u00e5nd &#8211; Sodalit &#8211; Sandhed"},"content":{"rendered":"<p><strong><span style=\"color: rgb(75, 80, 88);\">\u00c6delstensmanifestationsarmb\u00e5nd &#8211; Sandhed<\/span><\/strong><\/p>\n<p><span style=\"color: rgb(75, 80, 88);\">V\u00e6k den forbl\u00f8ffende kraft i form\u00e5l med fascinerende \u00e6delstensb\u00e5nd, der er ekspertdesignet til at opmuntre dine kunder til at bringe deres inderste forh\u00e5bninger frem og ant\u00e6nde en revolution af positiv transformation i deres liv.<\/span> <\/p>\n<p><span style=\"color: rgb(75, 80, 88);\">Disse armb\u00e5nd er et absolut must-have i dit udvalg. Manifestation er en blomstrende og meget eftertragtet praksis, og disse armb\u00e5nd tilbyder en h\u00e5ndgribelig indgang for dine kunder til at etablere en dyb forbindelse med deres forh\u00e5bninger og intentioner. De overskrider blot sk\u00f8nhed; De er kraftfulde instrumenter, der er i stand til at tiltr\u00e6kke et spirende publikum til din virksomhed.<\/span><\/p>\n<p><span style=\"color: rgb(75, 80, 88);\">Begiv dig ud p\u00e5 en s\u00f8gen efter sandhed og klarhed med <strong>Sodalit Manifestation Armb\u00e5nd<\/strong>. Denne \u00e6delsten forst\u00e6rker kommunikation og indre visdom og fungerer som din allierede i at manifestere \u00e6rlighed og autenticitet.<\/span><\/p>\n","protected":false},"excerpt":{"rendered":"<p>\u00c6delstensmanifestationsarmb\u00e5nd &#8211; Sandhed V\u00e6k den forbl\u00f8ffende kraft i form\u00e5l med fascinerende \u00e6delstensb\u00e5nd, der er ekspertdesignet til at opmuntre dine kunder til at bringe deres inderste forh\u00e5bninger frem og ant\u00e6nde en revolution af positiv transformation i deres liv. Disse armb\u00e5nd er et absolut must-have i dit udvalg. Manifestation er en blomstrende og meget eftertragtet praksis, og [&hellip;]<\/p>\n","protected":false},"featured_media":424327,"comment_status":"closed","ping_status":"open","template":"","meta":{"_angie_page":false},"product_brand":[],"product_cat":[25211,25222,5738,25773],"product_tag":[],"class_list":{"0":"post-196529","1":"product","2":"type-product","3":"status-publish","4":"has-post-thumbnail","6":"product_cat-armband-smykker-og-accessories","7":"product_cat-krystaller-og-sten","8":"product_cat-smykker-og-accessories","9":"product_cat-sodalit","10":"pa_collection-gemstone-bracelets-for-manifestation-da","11":"pa_made-in-kina","13":"first","14":"instock","15":"purchasable","16":"product-type-simple"},"supplier_id":null,"supplier_sku":"ManB-11","barcode":null,"atum_controlled":true,"out_stock_date":null,"out_stock_threshold":null,"inheritable":false,"inbound_stock":null,"stock_on_hold":0,"sold_today":0,"sales_last_days":0,"reserved_stock":null,"customer_returns":null,"warehouse_damage":null,"lost_in_post":null,"other_logs":null,"out_stock_days":0,"lost_sales":0,"has_location":null,"update_date":"2026-04-29T05:09:16","atum_locations":[],"atum_stock_status":"instock","restock_status":false,"low_stock_amount":"","sales_update_date":"2026-01-30T01:24:42","calc_backorders":null,"_links":{"self":[{"href":"https:\/\/aromasentia.com\/da\/wp-json\/wp\/v2\/product\/196529","targetHints":{"allow":["GET"]}}],"collection":[{"href":"https:\/\/aromasentia.com\/da\/wp-json\/wp\/v2\/product"}],"about":[{"href":"https:\/\/aromasentia.com\/da\/wp-json\/wp\/v2\/types\/product"}],"replies":[{"embeddable":true,"href":"https:\/\/aromasentia.com\/da\/wp-json\/wp\/v2\/comments?post=196529"}],"version-history":[{"count":0,"href":"https:\/\/aromasentia.com\/da\/wp-json\/wp\/v2\/product\/196529\/revisions"}],"wp:featuredmedia":[{"embeddable":true,"href":"https:\/\/aromasentia.com\/da\/wp-json\/wp\/v2\/media\/424327"}],"wp:attachment":[{"href":"https:\/\/aromasentia.com\/da\/wp-json\/wp\/v2\/media?parent=196529"}],"wp:term":[{"taxonomy":"product_brand","embeddable":true,"href":"https:\/\/aromasentia.com\/da\/wp-json\/wp\/v2\/product_brand?post=196529"},{"taxonomy":"product_cat","embeddable":true,"href":"https:\/\/aromasentia.com\/da\/wp-json\/wp\/v2\/product_cat?post=196529"},{"taxonomy":"product_tag","embeddable":true,"href":"https:\/\/aromasentia.com\/da\/wp-json\/wp\/v2\/product_tag?post=196529"}],"curies":[{"name":"wp","href":"https:\/\/api.w.org\/{rel}","templated":true}]}}