{"id":196528,"date":"2025-03-23T11:06:32","date_gmt":"2025-03-23T11:06:32","guid":{"rendered":"https:\/\/aromasentia.com\/product\/gemstone-manifestation-bracelet-blood-spider-stone-family-bonds\/"},"modified":"2025-06-22T02:55:11","modified_gmt":"2025-06-22T02:55:11","slug":"armbaand-manifestation-blodspindelsten-familiebaand","status":"publish","type":"product","link":"https:\/\/aromasentia.com\/da\/armbaand-manifestation-blodspindelsten-familiebaand\/","title":{"rendered":"Armb\u00e5nd Manifestation &#8211; Blodspindelsten &#8211; Familieb\u00e5nd"},"content":{"rendered":"<p><strong><span style=\"color: rgb(75, 80, 88);\">\u00c6delstensmanifestationsarmb\u00e5nd &#8211; Blodedderkopsten &#8211; Familieb\u00e5nd<\/span><\/strong><\/p>\n<p><span style=\"color: rgb(75, 80, 88);\">Forbedr din butiks udvalg med et forf\u00f8rende \u00e6delstensbekr\u00e6ftelsesarmb\u00e5nd, der fremviser Blodedderkopsten, en repr\u00e6sentation af varige familieb\u00e5nd. Dette armb\u00e5nd er omhyggeligt fremstillet med \u00e6gte Blodedderkopstenperler og legemligg\u00f8r enhed og en f\u00f8lelse af forbindelse.<\/span> <\/p>\n<p><span style=\"color: rgb(75, 80, 88);\">Hvert armb\u00e5nd er omhyggeligt fremstillet og fremviser de unikke m\u00f8nstre af Blodedderkopsten.<\/span><\/p>\n<p><span style=\"color: rgb(75, 80, 88);\">Opfordr dine kunder til at fejre de b\u00e5nd, der binder sammen med dette uds\u00f8gte smykke. Lad dem manifestere en dybere forbindelse og harmoni i deres familie med <strong>\u00c6delstensmanifestationsarmb\u00e5ndet &#8211; Blodedderkopsten &#8211; Familieb\u00e5nd<\/strong>.<\/span><\/p>\n","protected":false},"excerpt":{"rendered":"<p>\u00c6delstensmanifestationsarmb\u00e5nd &#8211; Blodedderkopsten &#8211; Familieb\u00e5nd Forbedr din butiks udvalg med et forf\u00f8rende \u00e6delstensbekr\u00e6ftelsesarmb\u00e5nd, der fremviser Blodedderkopsten, en repr\u00e6sentation af varige familieb\u00e5nd. Dette armb\u00e5nd er omhyggeligt fremstillet med \u00e6gte Blodedderkopstenperler og legemligg\u00f8r enhed og en f\u00f8lelse af forbindelse. Hvert armb\u00e5nd er omhyggeligt fremstillet og fremviser de unikke m\u00f8nstre af Blodedderkopsten. Opfordr dine kunder til at fejre [&hellip;]<\/p>\n","protected":false},"featured_media":424294,"comment_status":"closed","ping_status":"open","template":"","meta":{"_angie_page":false},"product_brand":[],"product_cat":[25211,5738],"product_tag":[],"class_list":{"0":"post-196528","1":"product","2":"type-product","3":"status-publish","4":"has-post-thumbnail","6":"product_cat-armband-smykker-og-accessories","7":"product_cat-smykker-og-accessories","8":"pa_collection-gemstone-bracelets-for-manifestation-da","9":"pa_made-in-kina","11":"first","12":"instock","13":"purchasable","14":"product-type-simple"},"supplier_id":null,"supplier_sku":"ManB-10","barcode":null,"atum_controlled":true,"out_stock_date":null,"out_stock_threshold":null,"inheritable":false,"inbound_stock":null,"stock_on_hold":0,"sold_today":0,"sales_last_days":0,"reserved_stock":null,"customer_returns":null,"warehouse_damage":null,"lost_in_post":null,"other_logs":null,"out_stock_days":0,"lost_sales":0,"has_location":null,"update_date":"2026-05-08T05:13:08","atum_locations":[],"atum_stock_status":"instock","restock_status":false,"low_stock_amount":"","sales_update_date":"2026-01-30T01:24:27","calc_backorders":null,"_links":{"self":[{"href":"https:\/\/aromasentia.com\/da\/wp-json\/wp\/v2\/product\/196528","targetHints":{"allow":["GET"]}}],"collection":[{"href":"https:\/\/aromasentia.com\/da\/wp-json\/wp\/v2\/product"}],"about":[{"href":"https:\/\/aromasentia.com\/da\/wp-json\/wp\/v2\/types\/product"}],"replies":[{"embeddable":true,"href":"https:\/\/aromasentia.com\/da\/wp-json\/wp\/v2\/comments?post=196528"}],"version-history":[{"count":0,"href":"https:\/\/aromasentia.com\/da\/wp-json\/wp\/v2\/product\/196528\/revisions"}],"wp:featuredmedia":[{"embeddable":true,"href":"https:\/\/aromasentia.com\/da\/wp-json\/wp\/v2\/media\/424294"}],"wp:attachment":[{"href":"https:\/\/aromasentia.com\/da\/wp-json\/wp\/v2\/media?parent=196528"}],"wp:term":[{"taxonomy":"product_brand","embeddable":true,"href":"https:\/\/aromasentia.com\/da\/wp-json\/wp\/v2\/product_brand?post=196528"},{"taxonomy":"product_cat","embeddable":true,"href":"https:\/\/aromasentia.com\/da\/wp-json\/wp\/v2\/product_cat?post=196528"},{"taxonomy":"product_tag","embeddable":true,"href":"https:\/\/aromasentia.com\/da\/wp-json\/wp\/v2\/product_tag?post=196528"}],"curies":[{"name":"wp","href":"https:\/\/api.w.org\/{rel}","templated":true}]}}