{"id":196527,"date":"2025-03-23T11:06:32","date_gmt":"2025-03-23T11:06:32","guid":{"rendered":"https:\/\/aromasentia.com\/product\/gemstone-manifestation-bracelet-olive-jade-healing\/"},"modified":"2025-06-22T02:55:11","modified_gmt":"2025-06-22T02:55:11","slug":"armbaand-manifestation-olivenjade-healing","status":"publish","type":"product","link":"https:\/\/aromasentia.com\/da\/armbaand-manifestation-olivenjade-healing\/","title":{"rendered":"Armb\u00e5nd Manifestation &#8211; Olivenjade &#8211; Healing"},"content":{"rendered":"<p><span style=\"color: rgb(75, 80, 88);\"><strong>\u00c6delstensmanifestationsarmb\u00e5nd &#8211; Olivenjade &#8211; Helbredelse<\/strong><\/span><\/p>\n<p><span style=\"color: rgb(75, 80, 88);\">Forbedr din butiks tilbud med et fortryllende \u00e6delstensbekr\u00e6ftelsesarmb\u00e5nd med Olivenjade, en \u00e6ret \u00e6delsten kendt for sine revitaliserende egenskaber. Dette armb\u00e5nd er omhyggeligt fremstillet med \u00e6gte Olivenjadeperler og indkapsler \u00e5nden af fornyelse og holistisk velv\u00e6re. <br \/><\/span><\/p>\n<p><span style=\"color: rgb(75, 80, 88);\">Hvert armb\u00e5nd er k\u00e6rligt h\u00e5ndlavet og fremh\u00e6ver de beroligende nuancer af Olivenjade.<\/span><\/p>\n<p><span style=\"color: rgb(75, 80, 88);\">Opmuntr dine kunder til at omfavne holistisk helbredelse og indre harmoni med dette uds\u00f8gte smykke. Lad dem manifestere en vej til velv\u00e6re og vitalitet med <strong>\u00c6delstensmanifestationsarmb\u00e5ndet &#8211; Oliven Jade &#8211; Helbredelse<\/strong>.<\/span><\/p>\n","protected":false},"excerpt":{"rendered":"<p>\u00c6delstensmanifestationsarmb\u00e5nd &#8211; Olivenjade &#8211; Helbredelse Forbedr din butiks tilbud med et fortryllende \u00e6delstensbekr\u00e6ftelsesarmb\u00e5nd med Olivenjade, en \u00e6ret \u00e6delsten kendt for sine revitaliserende egenskaber. Dette armb\u00e5nd er omhyggeligt fremstillet med \u00e6gte Olivenjadeperler og indkapsler \u00e5nden af fornyelse og holistisk velv\u00e6re. Hvert armb\u00e5nd er k\u00e6rligt h\u00e5ndlavet og fremh\u00e6ver de beroligende nuancer af Olivenjade. Opmuntr dine kunder til [&hellip;]<\/p>\n","protected":false},"featured_media":424261,"comment_status":"closed","ping_status":"open","template":"","meta":{"_angie_page":false},"product_brand":[],"product_cat":[25211,25634,25222,5738],"product_tag":[],"class_list":{"0":"post-196527","1":"product","2":"type-product","3":"status-publish","4":"has-post-thumbnail","6":"product_cat-armband-smykker-og-accessories","7":"product_cat-jade","8":"product_cat-krystaller-og-sten","9":"product_cat-smykker-og-accessories","10":"pa_collection-gemstone-bracelets-for-manifestation-da","11":"pa_made-in-kina","13":"first","14":"instock","15":"purchasable","16":"product-type-simple"},"supplier_id":null,"supplier_sku":"ManB-09","barcode":null,"atum_controlled":true,"out_stock_date":null,"out_stock_threshold":null,"inheritable":false,"inbound_stock":null,"stock_on_hold":0,"sold_today":0,"sales_last_days":0,"reserved_stock":null,"customer_returns":null,"warehouse_damage":null,"lost_in_post":null,"other_logs":null,"out_stock_days":0,"lost_sales":0,"has_location":null,"update_date":"2026-04-27T07:12:04","atum_locations":[],"atum_stock_status":"instock","restock_status":false,"low_stock_amount":"","sales_update_date":"2026-01-30T01:24:41","calc_backorders":null,"_links":{"self":[{"href":"https:\/\/aromasentia.com\/da\/wp-json\/wp\/v2\/product\/196527","targetHints":{"allow":["GET"]}}],"collection":[{"href":"https:\/\/aromasentia.com\/da\/wp-json\/wp\/v2\/product"}],"about":[{"href":"https:\/\/aromasentia.com\/da\/wp-json\/wp\/v2\/types\/product"}],"replies":[{"embeddable":true,"href":"https:\/\/aromasentia.com\/da\/wp-json\/wp\/v2\/comments?post=196527"}],"version-history":[{"count":0,"href":"https:\/\/aromasentia.com\/da\/wp-json\/wp\/v2\/product\/196527\/revisions"}],"wp:featuredmedia":[{"embeddable":true,"href":"https:\/\/aromasentia.com\/da\/wp-json\/wp\/v2\/media\/424261"}],"wp:attachment":[{"href":"https:\/\/aromasentia.com\/da\/wp-json\/wp\/v2\/media?parent=196527"}],"wp:term":[{"taxonomy":"product_brand","embeddable":true,"href":"https:\/\/aromasentia.com\/da\/wp-json\/wp\/v2\/product_brand?post=196527"},{"taxonomy":"product_cat","embeddable":true,"href":"https:\/\/aromasentia.com\/da\/wp-json\/wp\/v2\/product_cat?post=196527"},{"taxonomy":"product_tag","embeddable":true,"href":"https:\/\/aromasentia.com\/da\/wp-json\/wp\/v2\/product_tag?post=196527"}],"curies":[{"name":"wp","href":"https:\/\/api.w.org\/{rel}","templated":true}]}}