{"id":196526,"date":"2025-03-23T11:06:32","date_gmt":"2025-03-23T11:06:32","guid":{"rendered":"https:\/\/aromasentia.com\/product\/gemstone-manifestation-bracelet-white-jasper-peace\/"},"modified":"2025-06-22T02:55:10","modified_gmt":"2025-06-22T02:55:10","slug":"armbaand-manifestation-hvid-jaspis-fred","status":"publish","type":"product","link":"https:\/\/aromasentia.com\/da\/armbaand-manifestation-hvid-jaspis-fred\/","title":{"rendered":"Armb\u00e5nd Manifestation &#8211; Hvid Jaspis &#8211; Fred"},"content":{"rendered":"<p><span style=\"color: rgb(75, 80, 88);\">&nbsp;<strong>Manifestationsarmb\u00e5nd med \u00e6delsten &#8211; Fred<\/strong><\/span><\/p>\n<p><span style=\"color: rgb(75, 80, 88);\">V\u00e6k den ubegr\u00e6nsede kraft i form\u00e5l med f\u00e6ngslende \u00e6delstensb\u00e5nd, omhyggeligt fremstillet til at opmuntre dine kunder til at bringe deres mest elskede forh\u00e5bninger til live og katalysere betydelig positiv transformation i deres rejser.<\/span><\/p>\n<p><span style=\"color: rgb(75, 80, 88);\">Hvis du er detailhandler, s\u00e5 betragt disse armb\u00e5nd som en essentiel tilf\u00f8jelse til dit lager. Manifestation er steget i popularitet, og disse armb\u00e5nd giver dine kunder en h\u00e5ndgribelig indgang til at skabe en dyb forbindelse med deres forh\u00e5bninger og intentioner. De overskrider blot \u00e6stetik; De er dynamiske instrumenter med kraften til at magnetisere et voksende publikum til din virksomhed.<\/span><\/p>\n<p><span style=\"color: rgb(75, 80, 88);\">Begiv dig ud p\u00e5 en rejse til indre fred og sindsro med <strong>Hvid Jaspis Manifestationsarmb\u00e5nd<\/strong>. Denne \u00e6delstens beroligende aura letter manifestationen af ro midt i livets ubarmhjertige udfordringer.<\/span><\/p>\n","protected":false},"excerpt":{"rendered":"<p>&nbsp;Manifestationsarmb\u00e5nd med \u00e6delsten &#8211; Fred V\u00e6k den ubegr\u00e6nsede kraft i form\u00e5l med f\u00e6ngslende \u00e6delstensb\u00e5nd, omhyggeligt fremstillet til at opmuntre dine kunder til at bringe deres mest elskede forh\u00e5bninger til live og katalysere betydelig positiv transformation i deres rejser. Hvis du er detailhandler, s\u00e5 betragt disse armb\u00e5nd som en essentiel tilf\u00f8jelse til dit lager. Manifestation er [&hellip;]<\/p>\n","protected":false},"featured_media":424228,"comment_status":"closed","ping_status":"open","template":"","meta":{"_angie_page":false},"product_brand":[],"product_cat":[25211,25641,25222,5738],"product_tag":[],"class_list":{"0":"post-196526","1":"product","2":"type-product","3":"status-publish","4":"has-post-thumbnail","6":"product_cat-armband-smykker-og-accessories","7":"product_cat-jaspis","8":"product_cat-krystaller-og-sten","9":"product_cat-smykker-og-accessories","10":"pa_collection-gemstone-bracelets-for-manifestation-da","11":"pa_made-in-kina","13":"first","14":"instock","15":"purchasable","16":"product-type-simple"},"supplier_id":null,"supplier_sku":"ManB-08","barcode":null,"atum_controlled":true,"out_stock_date":null,"out_stock_threshold":null,"inheritable":false,"inbound_stock":null,"stock_on_hold":0,"sold_today":0,"sales_last_days":0,"reserved_stock":null,"customer_returns":null,"warehouse_damage":null,"lost_in_post":null,"other_logs":null,"out_stock_days":0,"lost_sales":0,"has_location":null,"update_date":"2026-04-29T01:07:01","atum_locations":[],"atum_stock_status":"instock","restock_status":false,"low_stock_amount":"","sales_update_date":"2026-01-30T01:24:42","calc_backorders":null,"_links":{"self":[{"href":"https:\/\/aromasentia.com\/da\/wp-json\/wp\/v2\/product\/196526","targetHints":{"allow":["GET"]}}],"collection":[{"href":"https:\/\/aromasentia.com\/da\/wp-json\/wp\/v2\/product"}],"about":[{"href":"https:\/\/aromasentia.com\/da\/wp-json\/wp\/v2\/types\/product"}],"replies":[{"embeddable":true,"href":"https:\/\/aromasentia.com\/da\/wp-json\/wp\/v2\/comments?post=196526"}],"version-history":[{"count":0,"href":"https:\/\/aromasentia.com\/da\/wp-json\/wp\/v2\/product\/196526\/revisions"}],"wp:featuredmedia":[{"embeddable":true,"href":"https:\/\/aromasentia.com\/da\/wp-json\/wp\/v2\/media\/424228"}],"wp:attachment":[{"href":"https:\/\/aromasentia.com\/da\/wp-json\/wp\/v2\/media?parent=196526"}],"wp:term":[{"taxonomy":"product_brand","embeddable":true,"href":"https:\/\/aromasentia.com\/da\/wp-json\/wp\/v2\/product_brand?post=196526"},{"taxonomy":"product_cat","embeddable":true,"href":"https:\/\/aromasentia.com\/da\/wp-json\/wp\/v2\/product_cat?post=196526"},{"taxonomy":"product_tag","embeddable":true,"href":"https:\/\/aromasentia.com\/da\/wp-json\/wp\/v2\/product_tag?post=196526"}],"curies":[{"name":"wp","href":"https:\/\/api.w.org\/{rel}","templated":true}]}}