{"id":196525,"date":"2025-03-23T11:06:32","date_gmt":"2025-03-23T11:06:32","guid":{"rendered":"https:\/\/aromasentia.com\/product\/gemstone-manifestation-bracelet-map-stone-prosperity\/"},"modified":"2025-06-22T02:55:10","modified_gmt":"2025-06-22T02:55:10","slug":"armbaand-kortsten-velstand","status":"publish","type":"product","link":"https:\/\/aromasentia.com\/da\/armbaand-kortsten-velstand\/","title":{"rendered":"Armb\u00e5nd &#8211; Kortsten &#8211; Velstand"},"content":{"rendered":"<p><strong><span style=\"color: rgb(75, 80, 88);\">Manifestationsarmb\u00e5nd med \u00e6delsten &#8211; Velstand<\/span><\/strong><\/p>\n<p><span style=\"color: rgb(75, 80, 88);\">Udnyt den formidable kraft af intention med f\u00e6ngslende \u00e6delstensb\u00e5nd, omhyggeligt designet til at opmuntre dine kunder til at realisere deres mest elskede dr\u00f8mme og ant\u00e6nde et dybtg\u00e5ende positivt skift i deres livsbane. <br \/><\/span><\/p>\n<p><span style=\"color: rgb(75, 80, 88);\">For detailhandlere er disse armb\u00e5nd en absolut n\u00f8dvendighed i dit lager. Manifestation er en blomstrende og bredt anerkendt praksis, og disse armb\u00e5nd giver dine kunder en h\u00e5ndgribelig kanal til at skabe en forbindelse med deres forh\u00e5bninger og intentioner. De overskrider blot \u00e6stetisk appel; De er dynamiske instrumenter, der er i stand til at tiltr\u00e6kke et voksende publikum til din virksomhed.<\/span><\/p>\n<p><span style=\"color: rgb(75, 80, 88);\">Omfavn velstand og velstand med<strong>&nbsp;Map Stone Manifestation Bracelet<\/strong>. Denne \u00e6delsten er indbegrebet af \u00f8konomisk v\u00e6kst og muligheder, hvilket g\u00f8r den til det ultimative valg for dem, der s\u00f8ger at manifestere rigdom.<\/span><\/p>\n<p><span style=\"color: rgb(75, 80, 88);\">Afsl\u00f8r intentionens fortryllelse med Manifestation Gemstone Bracelets.<\/span><\/p>\n","protected":false},"excerpt":{"rendered":"<p>Manifestationsarmb\u00e5nd med \u00e6delsten &#8211; Velstand Udnyt den formidable kraft af intention med f\u00e6ngslende \u00e6delstensb\u00e5nd, omhyggeligt designet til at opmuntre dine kunder til at realisere deres mest elskede dr\u00f8mme og ant\u00e6nde et dybtg\u00e5ende positivt skift i deres livsbane. For detailhandlere er disse armb\u00e5nd en absolut n\u00f8dvendighed i dit lager. Manifestation er en blomstrende og bredt anerkendt [&hellip;]<\/p>\n","protected":false},"featured_media":424195,"comment_status":"closed","ping_status":"open","template":"","meta":{"_angie_page":false},"product_brand":[],"product_cat":[25211,5738],"product_tag":[],"class_list":{"0":"post-196525","1":"product","2":"type-product","3":"status-publish","4":"has-post-thumbnail","6":"product_cat-armband-smykker-og-accessories","7":"product_cat-smykker-og-accessories","8":"pa_collection-gemstone-bracelets-for-manifestation-da","9":"pa_made-in-kina","11":"first","12":"instock","13":"purchasable","14":"product-type-simple"},"supplier_id":null,"supplier_sku":"ManB-07","barcode":null,"atum_controlled":true,"out_stock_date":null,"out_stock_threshold":null,"inheritable":false,"inbound_stock":null,"stock_on_hold":0,"sold_today":0,"sales_last_days":0,"reserved_stock":null,"customer_returns":null,"warehouse_damage":null,"lost_in_post":null,"other_logs":null,"out_stock_days":0,"lost_sales":0,"has_location":null,"update_date":"2026-05-08T05:13:08","atum_locations":[],"atum_stock_status":"instock","restock_status":false,"low_stock_amount":"","sales_update_date":"2026-02-06T00:01:20","calc_backorders":null,"_links":{"self":[{"href":"https:\/\/aromasentia.com\/da\/wp-json\/wp\/v2\/product\/196525","targetHints":{"allow":["GET"]}}],"collection":[{"href":"https:\/\/aromasentia.com\/da\/wp-json\/wp\/v2\/product"}],"about":[{"href":"https:\/\/aromasentia.com\/da\/wp-json\/wp\/v2\/types\/product"}],"replies":[{"embeddable":true,"href":"https:\/\/aromasentia.com\/da\/wp-json\/wp\/v2\/comments?post=196525"}],"version-history":[{"count":0,"href":"https:\/\/aromasentia.com\/da\/wp-json\/wp\/v2\/product\/196525\/revisions"}],"wp:featuredmedia":[{"embeddable":true,"href":"https:\/\/aromasentia.com\/da\/wp-json\/wp\/v2\/media\/424195"}],"wp:attachment":[{"href":"https:\/\/aromasentia.com\/da\/wp-json\/wp\/v2\/media?parent=196525"}],"wp:term":[{"taxonomy":"product_brand","embeddable":true,"href":"https:\/\/aromasentia.com\/da\/wp-json\/wp\/v2\/product_brand?post=196525"},{"taxonomy":"product_cat","embeddable":true,"href":"https:\/\/aromasentia.com\/da\/wp-json\/wp\/v2\/product_cat?post=196525"},{"taxonomy":"product_tag","embeddable":true,"href":"https:\/\/aromasentia.com\/da\/wp-json\/wp\/v2\/product_tag?post=196525"}],"curies":[{"name":"wp","href":"https:\/\/api.w.org\/{rel}","templated":true}]}}