{"id":196524,"date":"2025-03-23T11:06:32","date_gmt":"2025-03-23T11:06:32","guid":{"rendered":"https:\/\/aromasentia.com\/product\/gemstone-manifestation-bracelet-black-agate-protection\/"},"modified":"2025-06-22T02:55:09","modified_gmt":"2025-06-22T02:55:09","slug":"armbaand-manifestation-sort-agat-beskyttelse","status":"publish","type":"product","link":"https:\/\/aromasentia.com\/da\/armbaand-manifestation-sort-agat-beskyttelse\/","title":{"rendered":"Armb\u00e5nd Manifestation &#8211; Sort Agat &#8211; Beskyttelse"},"content":{"rendered":"<p><span style=\"color: rgb(75, 80, 88);\"><strong>\u00c6delstensmanifestationsarmb\u00e5nd &#8211; Blodgranat &#8211; Beskyttelse<\/strong><\/span><\/p>\n<p><span style=\"color: rgb(75, 80, 88);\">Forbedr din butiks tilbud med et forf\u00f8rende \u00e6delstensbekr\u00e6ftelsesarmb\u00e5nd, der fremviser Blodgranat, en \u00e6delsten kendt for sine standhaftige beskyttende egenskaber. Dette armb\u00e5nd er omhyggeligt fremstillet med autentiske Blodgranatperler og fungerer som et st\u00e6rkt skjold mod negative energier, en sand beskytter for dens b\u00e6rer.<\/span> <\/p>\n<p><span style=\"color: rgb(75, 80, 88);\">Hvert armb\u00e5nd er omhyggeligt fremstillet og fremviser den dybr\u00f8de sk\u00f8nhed af Blodgranat.<\/span><\/p>\n<p><span style=\"color: rgb(75, 80, 88);\">Inviter dine kunder til at udnytte den beskyttende energi i dette uds\u00f8gte smykke. Hj\u00e6lp dem med at manifestere et skjold af sikkerhed og styrke i deres liv med <strong>\u00c6delstensmanifestationsarmb\u00e5ndet &#8211; Blodgranat &#8211; Beskyttelse<\/strong><\/span><\/p>\n","protected":false},"excerpt":{"rendered":"<p>\u00c6delstensmanifestationsarmb\u00e5nd &#8211; Blodgranat &#8211; Beskyttelse Forbedr din butiks tilbud med et forf\u00f8rende \u00e6delstensbekr\u00e6ftelsesarmb\u00e5nd, der fremviser Blodgranat, en \u00e6delsten kendt for sine standhaftige beskyttende egenskaber. Dette armb\u00e5nd er omhyggeligt fremstillet med autentiske Blodgranatperler og fungerer som et st\u00e6rkt skjold mod negative energier, en sand beskytter for dens b\u00e6rer. Hvert armb\u00e5nd er omhyggeligt fremstillet og fremviser den [&hellip;]<\/p>\n","protected":false},"featured_media":424162,"comment_status":"closed","ping_status":"open","template":"","meta":{"_angie_page":false},"product_brand":[],"product_cat":[25537,25211,25222,5738],"product_tag":[],"class_list":{"0":"post-196524","1":"product","2":"type-product","3":"status-publish","4":"has-post-thumbnail","6":"product_cat-achat","7":"product_cat-armband-smykker-og-accessories","8":"product_cat-krystaller-og-sten","9":"product_cat-smykker-og-accessories","10":"pa_collection-gemstone-bracelets-for-manifestation-da","11":"pa_made-in-kina","13":"first","14":"instock","15":"purchasable","16":"product-type-simple"},"supplier_id":null,"supplier_sku":"ManB-06","barcode":null,"atum_controlled":true,"out_stock_date":null,"out_stock_threshold":null,"inheritable":false,"inbound_stock":null,"stock_on_hold":0,"sold_today":0,"sales_last_days":0,"reserved_stock":null,"customer_returns":null,"warehouse_damage":null,"lost_in_post":null,"other_logs":null,"out_stock_days":0,"lost_sales":0,"has_location":null,"update_date":"2026-05-08T05:13:08","atum_locations":[],"atum_stock_status":"instock","restock_status":false,"low_stock_amount":"","sales_update_date":"2026-02-06T00:02:22","calc_backorders":null,"_links":{"self":[{"href":"https:\/\/aromasentia.com\/da\/wp-json\/wp\/v2\/product\/196524","targetHints":{"allow":["GET"]}}],"collection":[{"href":"https:\/\/aromasentia.com\/da\/wp-json\/wp\/v2\/product"}],"about":[{"href":"https:\/\/aromasentia.com\/da\/wp-json\/wp\/v2\/types\/product"}],"replies":[{"embeddable":true,"href":"https:\/\/aromasentia.com\/da\/wp-json\/wp\/v2\/comments?post=196524"}],"version-history":[{"count":0,"href":"https:\/\/aromasentia.com\/da\/wp-json\/wp\/v2\/product\/196524\/revisions"}],"wp:featuredmedia":[{"embeddable":true,"href":"https:\/\/aromasentia.com\/da\/wp-json\/wp\/v2\/media\/424162"}],"wp:attachment":[{"href":"https:\/\/aromasentia.com\/da\/wp-json\/wp\/v2\/media?parent=196524"}],"wp:term":[{"taxonomy":"product_brand","embeddable":true,"href":"https:\/\/aromasentia.com\/da\/wp-json\/wp\/v2\/product_brand?post=196524"},{"taxonomy":"product_cat","embeddable":true,"href":"https:\/\/aromasentia.com\/da\/wp-json\/wp\/v2\/product_cat?post=196524"},{"taxonomy":"product_tag","embeddable":true,"href":"https:\/\/aromasentia.com\/da\/wp-json\/wp\/v2\/product_tag?post=196524"}],"curies":[{"name":"wp","href":"https:\/\/api.w.org\/{rel}","templated":true}]}}