{"id":196522,"date":"2025-03-23T11:06:32","date_gmt":"2025-03-23T11:06:32","guid":{"rendered":"https:\/\/aromasentia.com\/product\/gemstone-manifestation-bracelet-amethyst-calmness\/"},"modified":"2025-06-22T02:55:08","modified_gmt":"2025-06-22T02:55:08","slug":"armbaand-ametyst-ro","status":"publish","type":"product","link":"https:\/\/aromasentia.com\/da\/armbaand-ametyst-ro\/","title":{"rendered":"Armb\u00e5nd &#8211; Ametyst &#8211; Ro"},"content":{"rendered":"<p><span style=\"color: rgb(75, 80, 88);\"><strong>\u00c6delstensmanifestationsarmb\u00e5nd &#8211; Ametyst &#8211; Ro<\/strong><\/span><\/p>\n<p><span style=\"color: rgb(75, 80, 88);\">Forvandl din butiks udvalg med dette \u00e6delstensmanifestationsarmb\u00e5nd med ametyst, en sten af rolig ro. Dette armb\u00e5nd er fremstillet med autentiske ametystperler og udstr\u00e5ler beroligende energi, hvilket g\u00f8r det til et must-have for dem, der s\u00f8ger ro.<\/span><\/p>\n<p><span style=\"color: rgb(75, 80, 88);\">Hvert armb\u00e5nd er omhyggeligt h\u00e5ndlavet og fremh\u00e6ver ametystens naturlige sk\u00f8nhed.<\/span><\/p>\n<p><span style=\"color: rgb(75, 80, 88);\">Inviter dine kunder til at opleve fred og indre balance med dette betagende <strong>\u00c6delstensmanifestationsarmb\u00e5nd &#8211; Ametyst &#8211; Ro<\/strong>. Lad dem opdage sindsroens kraft lige ved h\u00e5nden.<\/span><\/p>\n","protected":false},"excerpt":{"rendered":"<p>\u00c6delstensmanifestationsarmb\u00e5nd &#8211; Ametyst &#8211; Ro Forvandl din butiks udvalg med dette \u00e6delstensmanifestationsarmb\u00e5nd med ametyst, en sten af rolig ro. Dette armb\u00e5nd er fremstillet med autentiske ametystperler og udstr\u00e5ler beroligende energi, hvilket g\u00f8r det til et must-have for dem, der s\u00f8ger ro. Hvert armb\u00e5nd er omhyggeligt h\u00e5ndlavet og fremh\u00e6ver ametystens naturlige sk\u00f8nhed. Inviter dine kunder til [&hellip;]<\/p>\n","protected":false},"featured_media":424096,"comment_status":"closed","ping_status":"open","template":"","meta":{"_angie_page":false},"product_brand":[],"product_cat":[25544,25211,25222,5738],"product_tag":[],"class_list":{"0":"post-196522","1":"product","2":"type-product","3":"status-publish","4":"has-post-thumbnail","6":"product_cat-ametyst","7":"product_cat-armband-smykker-og-accessories","8":"product_cat-krystaller-og-sten","9":"product_cat-smykker-og-accessories","10":"pa_collection-gemstone-bracelets-for-manifestation-da","11":"pa_made-in-kina","13":"first","14":"instock","15":"purchasable","16":"product-type-simple"},"supplier_id":null,"supplier_sku":"ManB-04","barcode":null,"atum_controlled":true,"out_stock_date":null,"out_stock_threshold":null,"inheritable":false,"inbound_stock":null,"stock_on_hold":0,"sold_today":0,"sales_last_days":0,"reserved_stock":null,"customer_returns":null,"warehouse_damage":null,"lost_in_post":null,"other_logs":null,"out_stock_days":0,"lost_sales":0,"has_location":null,"update_date":"2026-05-08T05:13:08","atum_locations":[],"atum_stock_status":"instock","restock_status":false,"low_stock_amount":"","sales_update_date":"2025-09-03T00:16:28","calc_backorders":null,"_links":{"self":[{"href":"https:\/\/aromasentia.com\/da\/wp-json\/wp\/v2\/product\/196522","targetHints":{"allow":["GET"]}}],"collection":[{"href":"https:\/\/aromasentia.com\/da\/wp-json\/wp\/v2\/product"}],"about":[{"href":"https:\/\/aromasentia.com\/da\/wp-json\/wp\/v2\/types\/product"}],"replies":[{"embeddable":true,"href":"https:\/\/aromasentia.com\/da\/wp-json\/wp\/v2\/comments?post=196522"}],"version-history":[{"count":0,"href":"https:\/\/aromasentia.com\/da\/wp-json\/wp\/v2\/product\/196522\/revisions"}],"wp:featuredmedia":[{"embeddable":true,"href":"https:\/\/aromasentia.com\/da\/wp-json\/wp\/v2\/media\/424096"}],"wp:attachment":[{"href":"https:\/\/aromasentia.com\/da\/wp-json\/wp\/v2\/media?parent=196522"}],"wp:term":[{"taxonomy":"product_brand","embeddable":true,"href":"https:\/\/aromasentia.com\/da\/wp-json\/wp\/v2\/product_brand?post=196522"},{"taxonomy":"product_cat","embeddable":true,"href":"https:\/\/aromasentia.com\/da\/wp-json\/wp\/v2\/product_cat?post=196522"},{"taxonomy":"product_tag","embeddable":true,"href":"https:\/\/aromasentia.com\/da\/wp-json\/wp\/v2\/product_tag?post=196522"}],"curies":[{"name":"wp","href":"https:\/\/api.w.org\/{rel}","templated":true}]}}