{"id":196483,"date":"2025-03-23T11:06:55","date_gmt":"2025-03-23T11:06:55","guid":{"rendered":"https:\/\/aromasentia.com\/product\/selenite-natural-pendent\/"},"modified":"2025-06-22T02:54:51","modified_gmt":"2025-06-22T02:54:51","slug":"selenit-naturligt-vedhaeng","status":"publish","type":"product","link":"https:\/\/aromasentia.com\/da\/selenit-naturligt-vedhaeng\/","title":{"rendered":"Selenit Naturligt Vedh\u00e6ng"},"content":{"rendered":"<p>Selenitsten har v\u00e6ret en stor succes p\u00e5 det seneste, og derfor tilbyder vi ogs\u00e5 accessories og smykker lavet af dette fascinerende materiale! Selenit er en praktisk talt gennemskinnelig natursten.<\/p>\n","protected":false},"excerpt":{"rendered":"<p>Selenitsten har v\u00e6ret en stor succes p\u00e5 det seneste, og derfor tilbyder vi ogs\u00e5 accessories og smykker lavet af dette fascinerende materiale! Selenit er en praktisk talt gennemskinnelig natursten.<\/p>\n","protected":false},"featured_media":429282,"comment_status":"closed","ping_status":"open","template":"","meta":[],"product_brand":[],"product_cat":[25222,6912,5738],"product_tag":[],"class_list":{"0":"post-196483","1":"product","2":"type-product","3":"status-publish","4":"has-post-thumbnail","6":"product_cat-krystaller-og-sten","7":"product_cat-selenit","8":"product_cat-smykker-og-accessories","9":"pa_collection-selenite-pendants-da","10":"pa_made-in-marokko","12":"first","13":"instock","14":"purchasable","15":"product-type-simple"},"supplier_id":null,"supplier_sku":"SelPen-04","barcode":null,"atum_controlled":true,"out_stock_date":null,"out_stock_threshold":null,"inheritable":false,"inbound_stock":null,"stock_on_hold":0,"sold_today":0,"sales_last_days":0,"reserved_stock":null,"customer_returns":null,"warehouse_damage":null,"lost_in_post":null,"other_logs":null,"out_stock_days":0,"lost_sales":0,"has_location":null,"update_date":"2026-01-30T01:24:40","atum_locations":[],"atum_stock_status":"instock","restock_status":false,"low_stock_amount":"","sales_update_date":"2026-01-30T01:24:40","calc_backorders":null,"_links":{"self":[{"href":"https:\/\/aromasentia.com\/da\/wp-json\/wp\/v2\/product\/196483","targetHints":{"allow":["GET"]}}],"collection":[{"href":"https:\/\/aromasentia.com\/da\/wp-json\/wp\/v2\/product"}],"about":[{"href":"https:\/\/aromasentia.com\/da\/wp-json\/wp\/v2\/types\/product"}],"replies":[{"embeddable":true,"href":"https:\/\/aromasentia.com\/da\/wp-json\/wp\/v2\/comments?post=196483"}],"version-history":[{"count":0,"href":"https:\/\/aromasentia.com\/da\/wp-json\/wp\/v2\/product\/196483\/revisions"}],"wp:featuredmedia":[{"embeddable":true,"href":"https:\/\/aromasentia.com\/da\/wp-json\/wp\/v2\/media\/429282"}],"wp:attachment":[{"href":"https:\/\/aromasentia.com\/da\/wp-json\/wp\/v2\/media?parent=196483"}],"wp:term":[{"taxonomy":"product_brand","embeddable":true,"href":"https:\/\/aromasentia.com\/da\/wp-json\/wp\/v2\/product_brand?post=196483"},{"taxonomy":"product_cat","embeddable":true,"href":"https:\/\/aromasentia.com\/da\/wp-json\/wp\/v2\/product_cat?post=196483"},{"taxonomy":"product_tag","embeddable":true,"href":"https:\/\/aromasentia.com\/da\/wp-json\/wp\/v2\/product_tag?post=196483"}],"curies":[{"name":"wp","href":"https:\/\/api.w.org\/{rel}","templated":true}]}}