{"id":196473,"date":"2025-03-23T11:06:55","date_gmt":"2025-03-23T11:06:55","guid":{"rendered":"https:\/\/aromasentia.com\/product\/silver-angel-bell-healing-23mm\/"},"modified":"2025-06-22T02:54:45","modified_gmt":"2025-06-22T02:54:45","slug":"engelsklokke-i-soelv-healing-23mm","status":"publish","type":"product","link":"https:\/\/aromasentia.com\/da\/engelsklokke-i-soelv-healing-23mm\/","title":{"rendered":"Engelsklokke I S\u00f8lv &#8211; Healing &#8211; 23mm"},"content":{"rendered":"<p>Disse s\u00f8lvklokker, lavet p\u00e5 bredden af det hellige bjerg Ubud, i hjertet af den dybt spirituelle \u00f8 Bali, er k\u00e6rligt skabt og velsignet med ynde og k\u00e6rlighed.<\/p>\n<p>Den blide lyd af den lille klokke vil ledsage b\u00e6reren og altid minde om englenes mulige tilstedev\u00e6relse. Med held og et \u00e5bent hjerte h\u00e5bes det, at klokken ogs\u00e5 kan tiltr\u00e6kke opm\u00e6rksomhed fra himmelske v\u00e6sener.<\/p>\n<p>Hver s\u00f8lvengleklokke har f\u00e5et et navn, kun du, der kender dette navn, kan give klokken mening og form\u00e5l.<\/p>\n<p>En gave i form af en s\u00f8lvengleklokke er virkelig en gave fra hjertet. H\u00e5ndv\u00e6rksm\u00e6ssigt fremstillet af Bali 925 s\u00f8lv. Halssnore ogs\u00e5 med s\u00f8lvdetaljer og l\u00e5se.<\/p>\n<p>Klokkerne er afbalanceret messing eller keramik og harpiks.<\/p>\n","protected":false},"excerpt":{"rendered":"<p>Disse s\u00f8lvklokker, lavet p\u00e5 bredden af det hellige bjerg Ubud, i hjertet af den dybt spirituelle \u00f8 Bali, er k\u00e6rligt skabt og velsignet med ynde og k\u00e6rlighed. Den blide lyd af den lille klokke vil ledsage b\u00e6reren og altid minde om englenes mulige tilstedev\u00e6relse. Med held og et \u00e5bent hjerte h\u00e5bes det, at klokken ogs\u00e5 [&hellip;]<\/p>\n","protected":false},"featured_media":429000,"comment_status":"closed","ping_status":"open","template":"","meta":[],"product_brand":[],"product_cat":[5738],"product_tag":[],"class_list":{"0":"post-196473","1":"product","2":"type-product","3":"status-publish","4":"has-post-thumbnail","6":"product_cat-smykker-og-accessories","7":"pa_collection-925-silver-angel-bells-da","8":"pa_made-in-indonesien","10":"first","11":"instock","12":"purchasable","13":"product-type-simple"},"supplier_id":null,"supplier_sku":"SABall-01","barcode":null,"atum_controlled":true,"out_stock_date":null,"out_stock_threshold":null,"inheritable":false,"inbound_stock":null,"stock_on_hold":0,"sold_today":0,"sales_last_days":0,"reserved_stock":null,"customer_returns":null,"warehouse_damage":null,"lost_in_post":null,"other_logs":null,"out_stock_days":0,"lost_sales":0,"has_location":null,"update_date":"2026-02-06T00:01:47","atum_locations":[],"atum_stock_status":"instock","restock_status":false,"low_stock_amount":"","sales_update_date":"2026-02-06T00:01:47","calc_backorders":null,"_links":{"self":[{"href":"https:\/\/aromasentia.com\/da\/wp-json\/wp\/v2\/product\/196473","targetHints":{"allow":["GET"]}}],"collection":[{"href":"https:\/\/aromasentia.com\/da\/wp-json\/wp\/v2\/product"}],"about":[{"href":"https:\/\/aromasentia.com\/da\/wp-json\/wp\/v2\/types\/product"}],"replies":[{"embeddable":true,"href":"https:\/\/aromasentia.com\/da\/wp-json\/wp\/v2\/comments?post=196473"}],"version-history":[{"count":0,"href":"https:\/\/aromasentia.com\/da\/wp-json\/wp\/v2\/product\/196473\/revisions"}],"wp:featuredmedia":[{"embeddable":true,"href":"https:\/\/aromasentia.com\/da\/wp-json\/wp\/v2\/media\/429000"}],"wp:attachment":[{"href":"https:\/\/aromasentia.com\/da\/wp-json\/wp\/v2\/media?parent=196473"}],"wp:term":[{"taxonomy":"product_brand","embeddable":true,"href":"https:\/\/aromasentia.com\/da\/wp-json\/wp\/v2\/product_brand?post=196473"},{"taxonomy":"product_cat","embeddable":true,"href":"https:\/\/aromasentia.com\/da\/wp-json\/wp\/v2\/product_cat?post=196473"},{"taxonomy":"product_tag","embeddable":true,"href":"https:\/\/aromasentia.com\/da\/wp-json\/wp\/v2\/product_tag?post=196473"}],"curies":[{"name":"wp","href":"https:\/\/api.w.org\/{rel}","templated":true}]}}