{"id":196454,"date":"2025-03-23T11:06:55","date_gmt":"2025-03-23T11:06:55","guid":{"rendered":"https:\/\/aromasentia.com\/product\/earrings-festive-fir-leaf-silver\/"},"modified":"2025-06-22T02:54:36","modified_gmt":"2025-06-22T02:54:36","slug":"oereringe-festligt-granblad-soelv","status":"publish","type":"product","link":"https:\/\/aromasentia.com\/da\/oereringe-festligt-granblad-soelv\/","title":{"rendered":"\u00d8reringe &#8211; Festligt Granblad &#8211; S\u00f8lv"},"content":{"rendered":"<p>Utroligt &nbsp;Aroma Sentia-ping&nbsp; \u00c6gte Bladsmykker &#8211; \u00d8reringe &#8211; Festive Gran Leaf &#8211; S\u00f8lv er lavet med \u00e6gte blade, h\u00e5ndplukkede og h\u00f8stet blad for blad. Derefter forvandles bladene gradvist, magisk &#8230; til metal ved hj\u00e6lp af en unik elektropletteringsmetode. Da disse er \u00e6gte blade, er ikke \u00e9t stykke helt ens, s\u00e5 hvert k\u00f8b er unikt for kunden!<\/p>\n<p>En perfekt romantisk gave til alle, der elsker naturen. Ideel til enhver gavebutik, men dem i landlige omr\u00e5der kan finde mere affinitet med dette dejlige udvalg af naturlige smykker.<\/p>\n<p>\u00d8reringsvedh\u00e6nget m\u00e5ler cirka 4&#215;2 (cm).<\/p>\n","protected":false},"excerpt":{"rendered":"<p>Utroligt &nbsp;Aroma Sentia-ping&nbsp; \u00c6gte Bladsmykker &#8211; \u00d8reringe &#8211; Festive Gran Leaf &#8211; S\u00f8lv er lavet med \u00e6gte blade, h\u00e5ndplukkede og h\u00f8stet blad for blad. Derefter forvandles bladene gradvist, magisk &#8230; til metal ved hj\u00e6lp af en unik elektropletteringsmetode. Da disse er \u00e6gte blade, er ikke \u00e9t stykke helt ens, s\u00e5 hvert k\u00f8b er unikt for [&hellip;]<\/p>\n","protected":false},"featured_media":428221,"comment_status":"closed","ping_status":"open","template":"","meta":[],"product_brand":[],"product_cat":[5738],"product_tag":[],"class_list":{"0":"post-196454","1":"product","2":"type-product","3":"status-publish","4":"has-post-thumbnail","6":"product_cat-smykker-og-accessories","7":"pa_collection-real-leaf-jewellery-da","8":"pa_made-in-kina","10":"first","11":"outofstock","12":"purchasable","13":"product-type-simple"},"supplier_id":null,"supplier_sku":"POT-16A","barcode":null,"atum_controlled":true,"out_stock_date":"2025-10-09 11:00:31","out_stock_threshold":null,"inheritable":false,"inbound_stock":null,"stock_on_hold":0,"sold_today":0,"sales_last_days":0,"reserved_stock":null,"customer_returns":null,"warehouse_damage":null,"lost_in_post":null,"other_logs":null,"out_stock_days":112,"lost_sales":0,"has_location":null,"update_date":"2026-01-30T01:25:03","atum_locations":[],"atum_stock_status":"outofstock","restock_status":false,"low_stock_amount":"","sales_update_date":"2026-01-30T01:25:03","calc_backorders":null,"_links":{"self":[{"href":"https:\/\/aromasentia.com\/da\/wp-json\/wp\/v2\/product\/196454","targetHints":{"allow":["GET"]}}],"collection":[{"href":"https:\/\/aromasentia.com\/da\/wp-json\/wp\/v2\/product"}],"about":[{"href":"https:\/\/aromasentia.com\/da\/wp-json\/wp\/v2\/types\/product"}],"replies":[{"embeddable":true,"href":"https:\/\/aromasentia.com\/da\/wp-json\/wp\/v2\/comments?post=196454"}],"version-history":[{"count":0,"href":"https:\/\/aromasentia.com\/da\/wp-json\/wp\/v2\/product\/196454\/revisions"}],"wp:featuredmedia":[{"embeddable":true,"href":"https:\/\/aromasentia.com\/da\/wp-json\/wp\/v2\/media\/428221"}],"wp:attachment":[{"href":"https:\/\/aromasentia.com\/da\/wp-json\/wp\/v2\/media?parent=196454"}],"wp:term":[{"taxonomy":"product_brand","embeddable":true,"href":"https:\/\/aromasentia.com\/da\/wp-json\/wp\/v2\/product_brand?post=196454"},{"taxonomy":"product_cat","embeddable":true,"href":"https:\/\/aromasentia.com\/da\/wp-json\/wp\/v2\/product_cat?post=196454"},{"taxonomy":"product_tag","embeddable":true,"href":"https:\/\/aromasentia.com\/da\/wp-json\/wp\/v2\/product_tag?post=196454"}],"curies":[{"name":"wp","href":"https:\/\/api.w.org\/{rel}","templated":true}]}}